{"id":7876,"date":"2024-11-06T19:40:02","date_gmt":"2024-11-06T19:40:02","guid":{"rendered":"https:\/\/pracek.si\/ekrani-za-prenosnike\/?post_type=product&#038;p=7876"},"modified":"2025-01-18T10:31:57","modified_gmt":"2025-01-18T10:31:57","slug":"acer-swift-3-n19h3-lcd-zaslon-135-qhd-2256x1504-svetlec-brez-dotika-nov","status":"publish","type":"product","link":"https:\/\/pracek.si\/ekrani-za-prenosnike\/product\/acer-swift-3-n19h3-lcd-zaslon-135-qhd-2256x1504-svetlec-brez-dotika-nov\/","title":{"rendered":"Acer Swift 3 N19H3 LCD zaslon 13,5&#8243; QHD 2256\u00d71504 svetle\u010d brez dotika Nov"},"content":{"rendered":"<p><strong>Dejanski model LCD ekrana: NE135FBM-N41 V8.1 \u2013 popolnoma zdru\u017eljiv z LCD ekranom za prenosnik Acer Swift 3 N19H3 &#8211; non-touch<\/strong><\/p>\n<p>Izbolj\u0161ajte svoj Acer Swift 3 N19H3 z visoko kakovostnim LCD zaslonom 13,5&#8243;, zasnovanim za izjemno jasnost slike in \u017eivahne barve. Ta zaslon z lo\u010dljivostjo QHD 2256\u00d71504 zagotavlja vrhunsko ostrino, zaradi \u010desar je popoln za delo in zabavo. Svetle\u010da povr\u0161ina omogo\u010da \u017eivahne kontraste in barve, medtem ko barvna natan\u010dnost S-RGB izbolj\u0161a celotno vizualno izku\u0161njo.<\/p>\n<p>Zaslon ima 30-pinski priklju\u010dek in podpira tehnologijo eDP, kar zagotavlja stabilno povezavo z va\u0161o napravo. \u010ceprav ni IPS, \u0161e vedno omogo\u010da odli\u010dno vizualno zmogljivost za vsakodnevno uporabo. Zaslon je brez zgornjih in spodnjih nosilcev, prilo\u017een pa je obojestranski lepilni trak za preprosto in varno namestitev.<\/p>\n<p>Opozorilo: ta LCD zaslon je popolnoma nov in brezhiben, kar zagotavlja visokokakovosten izdelek, pripravljen za namestitev.<\/p>\n","protected":false},"excerpt":{"rendered":"<p>Nadgradite Acer Swift 3 N19H3 z LCD zaslonom 13,5&#8243;, ki ima osupljivo QHD lo\u010dljivost 2256\u00d71504, svetle\u010do povr\u0161ino in natan\u010dnost barv S-RGB. Vklju\u010duje obojestranski lepilni trak za enostavno namestitev. Stanje: novo.<\/p>\n","protected":false},"featured_media":7874,"template":"","meta":[],"product_brand":[],"product_cat":[74],"product_tag":[59],"class_list":{"0":"post-7876","1":"product","2":"type-product","3":"status-publish","4":"has-post-thumbnail","6":"product_cat-13-5","7":"product_tag-acer","9":"first","10":"instock","11":"taxable","12":"shipping-taxable","13":"purchasable","14":"product-type-simple"},"_links":{"self":[{"href":"https:\/\/pracek.si\/ekrani-za-prenosnike\/wp-json\/wp\/v2\/product\/7876","targetHints":{"allow":["GET"]}}],"collection":[{"href":"https:\/\/pracek.si\/ekrani-za-prenosnike\/wp-json\/wp\/v2\/product"}],"about":[{"href":"https:\/\/pracek.si\/ekrani-za-prenosnike\/wp-json\/wp\/v2\/types\/product"}],"wp:featuredmedia":[{"embeddable":true,"href":"https:\/\/pracek.si\/ekrani-za-prenosnike\/wp-json\/wp\/v2\/media\/7874"}],"wp:attachment":[{"href":"https:\/\/pracek.si\/ekrani-za-prenosnike\/wp-json\/wp\/v2\/media?parent=7876"}],"wp:term":[{"taxonomy":"product_brand","embeddable":true,"href":"https:\/\/pracek.si\/ekrani-za-prenosnike\/wp-json\/wp\/v2\/product_brand?post=7876"},{"taxonomy":"product_cat","embeddable":true,"href":"https:\/\/pracek.si\/ekrani-za-prenosnike\/wp-json\/wp\/v2\/product_cat?post=7876"},{"taxonomy":"product_tag","embeddable":true,"href":"https:\/\/pracek.si\/ekrani-za-prenosnike\/wp-json\/wp\/v2\/product_tag?post=7876"}],"curies":[{"name":"wp","href":"https:\/\/api.w.org\/{rel}","templated":true}]}}