{"id":7877,"date":"2024-11-06T19:44:41","date_gmt":"2024-11-06T19:44:41","guid":{"rendered":"https:\/\/pracek.si\/ekrani-za-prenosnike\/?post_type=product&#038;p=7877"},"modified":"2025-01-18T10:32:15","modified_gmt":"2025-01-18T10:32:15","slug":"135-lcd-zaslon-za-acer-swift-3-sf313-52-qhd-2256x1504-s-rgb-led-sijajen","status":"publish","type":"product","link":"https:\/\/pracek.si\/ekrani-za-prenosnike\/product\/135-lcd-zaslon-za-acer-swift-3-sf313-52-qhd-2256x1504-s-rgb-led-sijajen\/","title":{"rendered":"13,5&#8243; LCD zaslon za Acer Swift 3 SF313-52 QHD 2256\u00d71504 S-RGB LED, sijajen"},"content":{"rendered":"<p><strong>Dejanski model LCD ekrana: NE135FBM-N41 V8.1 \u2013 popolnoma zdru\u017eljiv z LCD ekranom za prenosnik Acer Swift 3 SF313-52 &#8211; non-touch<\/strong><\/p>\n<p>O\u017eivite svoj Acer Swift 3 SF313-52 z novim 13,5&#8243; LCD zaslonom, ki ponuja impresivno QHD lo\u010dljivost 2256\u00d71504 za ostre in podrobne slike. Zasnovan z barvnim spektrom S-RGB, ta zaslon omogo\u010da bogate in \u017eivahne barve ter izbolj\u0161ano svetlost in jasnost za bolj\u0161o izku\u0161njo gledanja. S sijajnim premazom dose\u017ee eleganten videz in poudari globino barv, kar vizualne elemente naredi bolj izrazite.<\/p>\n<p>Ta zaslon vklju\u010duje 30-pinski eDP konektor, ki zagotavlja zanesljivo povezavo, in je brez zgornjih in spodnjih nosilcev. Prilo\u017een obojestranski lepilni trak omogo\u010da preprosto in varno pritrditev na va\u0161o napravo.<\/p>\n","protected":false},"excerpt":{"rendered":"<p>Zamenjajte ali nadgradite zaslon na va\u0161em Acer Swift 3 SF313-52 z novim 13,5&#8243; QHD LCD zaslonom. Ima sijajni premaz, S-RGB barvni spekter in lo\u010dljivost 2256\u00d71504 za \u017eivahne slike. Prilo\u017een je obojestranski lepilni trak za enostavno namestitev. Stanje: novo.<\/p>\n","protected":false},"featured_media":7874,"template":"","meta":[],"product_brand":[],"product_cat":[74],"product_tag":[59],"class_list":{"0":"post-7877","1":"product","2":"type-product","3":"status-publish","4":"has-post-thumbnail","6":"product_cat-13-5","7":"product_tag-acer","9":"first","10":"instock","11":"taxable","12":"shipping-taxable","13":"purchasable","14":"product-type-simple"},"_links":{"self":[{"href":"https:\/\/pracek.si\/ekrani-za-prenosnike\/wp-json\/wp\/v2\/product\/7877","targetHints":{"allow":["GET"]}}],"collection":[{"href":"https:\/\/pracek.si\/ekrani-za-prenosnike\/wp-json\/wp\/v2\/product"}],"about":[{"href":"https:\/\/pracek.si\/ekrani-za-prenosnike\/wp-json\/wp\/v2\/types\/product"}],"wp:featuredmedia":[{"embeddable":true,"href":"https:\/\/pracek.si\/ekrani-za-prenosnike\/wp-json\/wp\/v2\/media\/7874"}],"wp:attachment":[{"href":"https:\/\/pracek.si\/ekrani-za-prenosnike\/wp-json\/wp\/v2\/media?parent=7877"}],"wp:term":[{"taxonomy":"product_brand","embeddable":true,"href":"https:\/\/pracek.si\/ekrani-za-prenosnike\/wp-json\/wp\/v2\/product_brand?post=7877"},{"taxonomy":"product_cat","embeddable":true,"href":"https:\/\/pracek.si\/ekrani-za-prenosnike\/wp-json\/wp\/v2\/product_cat?post=7877"},{"taxonomy":"product_tag","embeddable":true,"href":"https:\/\/pracek.si\/ekrani-za-prenosnike\/wp-json\/wp\/v2\/product_tag?post=7877"}],"curies":[{"name":"wp","href":"https:\/\/api.w.org\/{rel}","templated":true}]}}