{"id":7882,"date":"2024-11-06T20:07:58","date_gmt":"2024-11-06T20:07:58","guid":{"rendered":"https:\/\/pracek.si\/ekrani-za-prenosnike\/?post_type=product&#038;p=7882"},"modified":"2025-01-18T10:32:56","modified_gmt":"2025-01-18T10:32:56","slug":"b135qan01-0-135-lcd-zaslon-qhd-2256x1504-sijajen-brez-dotika-40-pin-edp-nov","status":"publish","type":"product","link":"https:\/\/pracek.si\/ekrani-za-prenosnike\/product\/b135qan01-0-135-lcd-zaslon-qhd-2256x1504-sijajen-brez-dotika-40-pin-edp-nov\/","title":{"rendered":"B135QAN01.0 13,5&#8243; LCD zaslon QHD 2256&#215;1504 sijajen brez dotika 30-Pin eDP, nov"},"content":{"rendered":"<p><strong>Dejanski model LCD ekrana: NE135FBM-N41 V8.1 \u2013 popolnoma zdru\u017eljiv z LCD ekranom B135QAN01.0<\/strong><\/p>\n<p>Posodobite svoj napravo z visoko kakovostnim <strong>B135QAN01.0 LCD zaslonom<\/strong>, idealnim za zamenjavo ali nadgradnjo va\u0161ega zaslona brez dotika. Ta zaslon velikosti <strong>13,5&#8243;<\/strong> ponuja osupljivo <strong>2256&#215;1504 QHD<\/strong> lo\u010dljivost z \u017eivahnimi <strong>S-RGB<\/strong> barvami, kar zagotavlja ostre in jasne slike za delo in zabavo. Zaslon ima <strong>sijajno povr\u0161ino<\/strong>, kar je idealno za notranje prostore z dobrim osvetljenjem. Z <strong>30-pin eDP povezavo<\/strong> ta zaslon brez IPS tehnologije ponuja izjemno zmogljivost in natan\u010dnost barv. Opozorilo: Zaslon prihaja <strong>brez zgornjih in spodnjih nosilcev<\/strong>, vendar je vklju\u010den <strong>dvojni lepilni trak<\/strong> za enostavno namestitev. Stanje: <strong>nov<\/strong>.<\/p>\n","protected":false},"excerpt":{"rendered":"<p>Zamenjajte svoj zaslon z <strong>B135QAN01.0 LCD zaslonom<\/strong>, ki ponuja <strong>13,5&#8243; QHD<\/strong> lo\u010dljivost <strong>2256&#215;1504<\/strong> za \u017eivahno jasnost. Zaslon z <strong>sijajno povr\u0161ino<\/strong> je <strong>brez dotika<\/strong> in vklju\u010duje <strong>dvojni lepilni trak<\/strong> za enostavno namestitev. To je <strong>nov<\/strong> izdelek z <strong>30-pin eDP povezavo<\/strong> (LED brez IPS tehnologije), primeren za razli\u010dne zdru\u017eljive naprave. <strong>Zgornji in spodnji nosilci niso vklju\u010deni<\/strong>.<\/p>\n","protected":false},"featured_media":7874,"template":"","meta":[],"product_brand":[],"product_cat":[74],"product_tag":[],"class_list":{"0":"post-7882","1":"product","2":"type-product","3":"status-publish","4":"has-post-thumbnail","6":"product_cat-13-5","8":"first","9":"instock","10":"taxable","11":"shipping-taxable","12":"purchasable","13":"product-type-simple"},"_links":{"self":[{"href":"https:\/\/pracek.si\/ekrani-za-prenosnike\/wp-json\/wp\/v2\/product\/7882","targetHints":{"allow":["GET"]}}],"collection":[{"href":"https:\/\/pracek.si\/ekrani-za-prenosnike\/wp-json\/wp\/v2\/product"}],"about":[{"href":"https:\/\/pracek.si\/ekrani-za-prenosnike\/wp-json\/wp\/v2\/types\/product"}],"wp:featuredmedia":[{"embeddable":true,"href":"https:\/\/pracek.si\/ekrani-za-prenosnike\/wp-json\/wp\/v2\/media\/7874"}],"wp:attachment":[{"href":"https:\/\/pracek.si\/ekrani-za-prenosnike\/wp-json\/wp\/v2\/media?parent=7882"}],"wp:term":[{"taxonomy":"product_brand","embeddable":true,"href":"https:\/\/pracek.si\/ekrani-za-prenosnike\/wp-json\/wp\/v2\/product_brand?post=7882"},{"taxonomy":"product_cat","embeddable":true,"href":"https:\/\/pracek.si\/ekrani-za-prenosnike\/wp-json\/wp\/v2\/product_cat?post=7882"},{"taxonomy":"product_tag","embeddable":true,"href":"https:\/\/pracek.si\/ekrani-za-prenosnike\/wp-json\/wp\/v2\/product_tag?post=7882"}],"curies":[{"name":"wp","href":"https:\/\/api.w.org\/{rel}","templated":true}]}}