{"id":7887,"date":"2024-11-07T08:43:10","date_gmt":"2024-11-07T08:43:10","guid":{"rendered":"https:\/\/pracek.si\/ekrani-za-prenosnike\/?post_type=product&#038;p=7887"},"modified":"2024-12-12T08:32:58","modified_gmt":"2024-12-12T08:32:58","slug":"lcd-zaslon-dell-latitude-e7270-125-1366x768-mat-brez-dotika-led-30-pinsko-nov","status":"publish","type":"product","link":"https:\/\/pracek.si\/ekrani-za-prenosnike\/product\/lcd-zaslon-dell-latitude-e7270-125-1366x768-mat-brez-dotika-led-30-pinsko-nov\/","title":{"rendered":"LCD zaslon Dell Latitude E7270 12,5&#8243; 1366&#215;768 Mat Brez dotika LED 30-pinsko nov"},"content":{"rendered":"<p><strong>Dejanski model LCD ekrana: B125XTN01.0 \u2013 popolnoma zdru\u017eljiv z LCD ekranom za prenosnik Dell Latitude E7270 &#8211; non-touch<\/strong><\/p>\n<p>To popolnoma novo LCD zaslon za Dell Latitude E7270 je visokokakovostna nadomestna komponenta za va\u0161 prenosnik. Ima 12,5-pal\u010dni \u0161irokokotni zaslon z lo\u010dljivostjo 1366&#215;768 WXGA in mat povr\u0161ino za brezble\u0161no gledanje. Ta zaslon brez dotika je opremljen z 30-pinskim eDP priklju\u010dkom in ponuja \u017eivahno reprodukcijo barv v S-RGB. Namenjen je posebej za Dell Latitude E7270 in vklju\u010duje stranske nosilce za enostavno namestitev. Ne glede na to, ali zamenjujete po\u0161kodovan zaslon ali nadgrajujete, je ta LED zaslon popoln za obnovo zaslona va\u0161ega prenosnika v brezhibno stanje.<\/p>\n","protected":false},"excerpt":{"rendered":"<p>Ta popolnoma nov LCD zaslon je popolna nadomestna re\u0161itev za Dell Latitude E7270. Ima 12,5-pal\u010dni mat zaslon z lo\u010dljivostjo 1366&#215;768 WXGA, brez dotika in LED osvetlitvijo. Opremjen je z 30-pinskim eDP priklju\u010dkom in vklju\u010duje stranske nosilce za enostavno namestitev. Idealno za zamenjavo po\u0161kodovanih zaslonov, saj va\u0161 prenosnik povrne prvotno funkcionalnost in videz.<\/p>\n","protected":false},"featured_media":7884,"template":"","meta":[],"product_brand":[],"product_cat":[75],"product_tag":[64],"class_list":{"0":"post-7887","1":"product","2":"type-product","3":"status-publish","4":"has-post-thumbnail","6":"product_cat-12-5","7":"product_tag-dell","9":"first","10":"instock","11":"taxable","12":"shipping-taxable","13":"purchasable","14":"product-type-simple"},"_links":{"self":[{"href":"https:\/\/pracek.si\/ekrani-za-prenosnike\/wp-json\/wp\/v2\/product\/7887","targetHints":{"allow":["GET"]}}],"collection":[{"href":"https:\/\/pracek.si\/ekrani-za-prenosnike\/wp-json\/wp\/v2\/product"}],"about":[{"href":"https:\/\/pracek.si\/ekrani-za-prenosnike\/wp-json\/wp\/v2\/types\/product"}],"wp:featuredmedia":[{"embeddable":true,"href":"https:\/\/pracek.si\/ekrani-za-prenosnike\/wp-json\/wp\/v2\/media\/7884"}],"wp:attachment":[{"href":"https:\/\/pracek.si\/ekrani-za-prenosnike\/wp-json\/wp\/v2\/media?parent=7887"}],"wp:term":[{"taxonomy":"product_brand","embeddable":true,"href":"https:\/\/pracek.si\/ekrani-za-prenosnike\/wp-json\/wp\/v2\/product_brand?post=7887"},{"taxonomy":"product_cat","embeddable":true,"href":"https:\/\/pracek.si\/ekrani-za-prenosnike\/wp-json\/wp\/v2\/product_cat?post=7887"},{"taxonomy":"product_tag","embeddable":true,"href":"https:\/\/pracek.si\/ekrani-za-prenosnike\/wp-json\/wp\/v2\/product_tag?post=7887"}],"curies":[{"name":"wp","href":"https:\/\/api.w.org\/{rel}","templated":true}]}}