{"id":7891,"date":"2024-11-07T10:39:05","date_gmt":"2024-11-07T10:39:05","guid":{"rendered":"https:\/\/pracek.si\/ekrani-za-prenosnike\/?post_type=product&#038;p=7891"},"modified":"2024-12-12T08:36:28","modified_gmt":"2024-12-12T08:36:28","slug":"lcd-zaslon-hp-elitebook-820-g1-g2-12-5-wxga-30-pinski-mat-zaslon-nov","status":"publish","type":"product","link":"https:\/\/pracek.si\/ekrani-za-prenosnike\/product\/lcd-zaslon-hp-elitebook-820-g1-g2-12-5-wxga-30-pinski-mat-zaslon-nov\/","title":{"rendered":"LCD zaslon HP EliteBook 820 G1 G2 12.5&#8243; WXGA 30-pinski mat zaslon &#8211; Nov"},"content":{"rendered":"<p><strong>Dejanski model LCD ekrana: B125XTN01.0 \u2013 popolnoma zdru\u017eljiv z LCD ekranom HP Elitebook 820 G1 G2<\/strong><\/p>\n<p>Ta visokokakovosten 12,5&#8243; LCD zaslon je zasnovan za modele HP EliteBook 820 G1 in G2, kar omogo\u010da zanesljivo zamenjavo po\u0161kodovanih ali zastarelih zaslonov. Z WXGA lo\u010dljivostjo 1366&#215;768 in mat povr\u0161ino zagotavlja ostro sliko ter zmanj\u0161uje odseve, zaradi \u010desar je primeren za razli\u010dne svetlobne pogoje. Zaslon ima LED osvetlitev z uporabo tehnologije S-RGB za \u017eivahne barve in uravnote\u017een barvni spekter.<\/p>\n<p>Zasnovan za enostavno namestitev, ta zaslon vklju\u010duje stranske nosilce, ki se brezhibno prilegajo va\u0161emu prenosniku. Ne-IPS zaslon brez dotika ponuja gladko delovanje z nizko porabo energije, medtem ko 30-pinski eDP priklju\u010dek zagotavlja zdru\u017eljivost z va\u0161o napravo. Zaslon je popolnoma nov in pripravljen za obnovitev kakovosti slike va\u0161ega prenosnika, kar ga naredi odli\u010dno izbiro tako za osebno kot profesionalno uporabo.<\/p>\n","protected":false},"excerpt":{"rendered":"<p>Izbolj\u0161ajte svoj HP EliteBook 820 G1 ali G2 s tem 12,5&#8243; LCD zaslonom z WXGA lo\u010dljivostjo 1366&#215;768. Mat zaslon brez dotika, 30-pinski eDP priklju\u010dek in stranski nosilci omogo\u010dajo enostavno namestitev. LED zaslon zagotavlja ostro sliko in zmanj\u0161uje ble\u0161\u010danje. Popolnoma nov zaslon je idealna zamenjava za va\u0161 prenosnik.<\/p>\n","protected":false},"featured_media":7884,"template":"","meta":[],"product_brand":[],"product_cat":[75],"product_tag":[62],"class_list":{"0":"post-7891","1":"product","2":"type-product","3":"status-publish","4":"has-post-thumbnail","6":"product_cat-12-5","7":"product_tag-hp","9":"first","10":"instock","11":"taxable","12":"shipping-taxable","13":"purchasable","14":"product-type-simple"},"_links":{"self":[{"href":"https:\/\/pracek.si\/ekrani-za-prenosnike\/wp-json\/wp\/v2\/product\/7891","targetHints":{"allow":["GET"]}}],"collection":[{"href":"https:\/\/pracek.si\/ekrani-za-prenosnike\/wp-json\/wp\/v2\/product"}],"about":[{"href":"https:\/\/pracek.si\/ekrani-za-prenosnike\/wp-json\/wp\/v2\/types\/product"}],"wp:featuredmedia":[{"embeddable":true,"href":"https:\/\/pracek.si\/ekrani-za-prenosnike\/wp-json\/wp\/v2\/media\/7884"}],"wp:attachment":[{"href":"https:\/\/pracek.si\/ekrani-za-prenosnike\/wp-json\/wp\/v2\/media?parent=7891"}],"wp:term":[{"taxonomy":"product_brand","embeddable":true,"href":"https:\/\/pracek.si\/ekrani-za-prenosnike\/wp-json\/wp\/v2\/product_brand?post=7891"},{"taxonomy":"product_cat","embeddable":true,"href":"https:\/\/pracek.si\/ekrani-za-prenosnike\/wp-json\/wp\/v2\/product_cat?post=7891"},{"taxonomy":"product_tag","embeddable":true,"href":"https:\/\/pracek.si\/ekrani-za-prenosnike\/wp-json\/wp\/v2\/product_tag?post=7891"}],"curies":[{"name":"wp","href":"https:\/\/api.w.org\/{rel}","templated":true}]}}