{"id":7898,"date":"2024-11-07T12:43:24","date_gmt":"2024-11-07T12:43:24","guid":{"rendered":"https:\/\/pracek.si\/ekrani-za-prenosnike\/?post_type=product&#038;p=7898"},"modified":"2025-08-09T09:49:20","modified_gmt":"2025-08-09T09:49:20","slug":"acer-aspire-es1-133-lcd-zaslon-brez-dotika-1366x768-wxga-led-30-pin-nov","status":"publish","type":"product","link":"https:\/\/pracek.si\/ekrani-za-prenosnike\/product\/acer-aspire-es1-133-lcd-zaslon-brez-dotika-1366x768-wxga-led-30-pin-nov\/","title":{"rendered":"Acer Aspire ES1 13,3&#8243; LCD zaslon brez dotika 1366&#215;768 WXGA LED 30-pin &#8211; nov"},"content":{"rendered":"<p><strong>Dejanski model LCD ekrana: NT133WHM-N46 \u2013 popolnoma zdru\u017eljiv z LCD ekranom za prenosnik Acer Aspire ES1-311-C8PG C4QS C5ZW C4QS &#8211; non-touch<\/strong><\/p>\n<p>Ta visokokakovostni zamenjalni LCD zaslon je zdru\u017eljiv z razli\u010dnimi modeli Acer Aspire ES1 serije, vklju\u010dno z ES1-311-C8PG, C4QS in C5ZW. Zasnovan je za modele brez dotika, meri 13,3 palca, ima 30-pin priklju\u010dek, mat povr\u0161ino in lo\u010dljivost 1366&#215;768 WXGA, kar zagotavlja jasnost in ostro sliko. Zaslon je opremljen z LED osvetlitvijo in uporablja eDP vmesnik za bolj\u0161o zmogljivost. Ta LCD zaslon ima zgornji in spodnji nosilec, kar omogo\u010da enostavno namestitev in zagotavlja varno prileganje za va\u0161 prenosnik. Popoln za zamenjavo po\u0161kodovanega ali okvarjenega zaslona, je to povsem nov del, ki zagotavlja zanesljivo delovanje va\u0161ega naprave Acer Aspire.<\/p>\n","protected":false},"excerpt":{"rendered":"<p>Povsem nov 13,3&#8243; LCD zaslon za Acer Aspire ES1 serijo. Mat, 1366&#215;768 WXGA, 30-pin, LED, brez dotika z zgornjim in spodnjim nosilcem.<\/p>\n","protected":false},"featured_media":7894,"template":"","meta":[],"product_brand":[],"product_cat":[76],"product_tag":[59],"class_list":{"0":"post-7898","1":"product","2":"type-product","3":"status-publish","4":"has-post-thumbnail","6":"product_cat-13-3","7":"product_tag-acer","9":"first","10":"instock","11":"taxable","12":"shipping-taxable","13":"purchasable","14":"product-type-simple"},"_links":{"self":[{"href":"https:\/\/pracek.si\/ekrani-za-prenosnike\/wp-json\/wp\/v2\/product\/7898","targetHints":{"allow":["GET"]}}],"collection":[{"href":"https:\/\/pracek.si\/ekrani-za-prenosnike\/wp-json\/wp\/v2\/product"}],"about":[{"href":"https:\/\/pracek.si\/ekrani-za-prenosnike\/wp-json\/wp\/v2\/types\/product"}],"wp:featuredmedia":[{"embeddable":true,"href":"https:\/\/pracek.si\/ekrani-za-prenosnike\/wp-json\/wp\/v2\/media\/7894"}],"wp:attachment":[{"href":"https:\/\/pracek.si\/ekrani-za-prenosnike\/wp-json\/wp\/v2\/media?parent=7898"}],"wp:term":[{"taxonomy":"product_brand","embeddable":true,"href":"https:\/\/pracek.si\/ekrani-za-prenosnike\/wp-json\/wp\/v2\/product_brand?post=7898"},{"taxonomy":"product_cat","embeddable":true,"href":"https:\/\/pracek.si\/ekrani-za-prenosnike\/wp-json\/wp\/v2\/product_cat?post=7898"},{"taxonomy":"product_tag","embeddable":true,"href":"https:\/\/pracek.si\/ekrani-za-prenosnike\/wp-json\/wp\/v2\/product_tag?post=7898"}],"curies":[{"name":"wp","href":"https:\/\/api.w.org\/{rel}","templated":true}]}}