{"id":7899,"date":"2024-11-07T12:46:48","date_gmt":"2024-11-07T12:46:48","guid":{"rendered":"https:\/\/pracek.si\/ekrani-za-prenosnike\/?post_type=product&#038;p=7899"},"modified":"2025-08-09T09:49:20","modified_gmt":"2025-08-09T09:49:20","slug":"133-lcd-zaslon-nt133whm-n35-n45-n47-wxga-mat-30-pin-edp-brez-dotika-nov","status":"publish","type":"product","link":"https:\/\/pracek.si\/ekrani-za-prenosnike\/product\/133-lcd-zaslon-nt133whm-n35-n45-n47-wxga-mat-30-pin-edp-brez-dotika-nov\/","title":{"rendered":"13,3&#8243; LCD zaslon NT133WHM-N35\/N45\/N47 WXGA mat 30-pin eDP brez dotika nov"},"content":{"rendered":"<p><strong>Dejanski model LCD ekrana: NT133WHM-N46 \u2013 popolnoma zdru\u017eljiv z LCD ekranom NT133WHM-N35 NT133WHM-N45 NT133WHM-N47<\/strong><\/p>\n<p>Izbolj\u0161ajte svoj napravo z visokokakovostnim 13,3&#8243; LCD zaslonom, zasnovanim za zagotavljanje jasnih in ostrih slik. Ta zaslon brez dotika, model NT133WHM-N35\/NT133WHM-N45\/NT133WHM-N47, ponuja lo\u010dljivost 1366&#215;768 WXGA za ostro kakovost slike in je idealen za uporabnike, ki i\u0161\u010dejo mat zaslon za zmanj\u0161anje odsevov. Z 30-pin eDP povezavo zagotavlja zdru\u017eljivost z razli\u010dnimi prenosnimi ra\u010dunalniki in ponuja zanesljivo delovanje. Zaslonska plo\u0161\u010da vklju\u010duje zgornje in spodnje nosilce za enostavno namestitev, kar omogo\u010da brezskrbno zamenjavo. Ne glede na to, ali popravljate po\u0161kodovan zaslon ali nadgrajujete obstoje\u010dega, je ta povsem nov zaslon z LED osvetlitvijo zasnovan za dolgo \u017eivljenjsko dobo, ponuja \u017eivahne slike brez omejitev IPS panela.<\/p>\n","protected":false},"excerpt":{"rendered":"<p>Ta 13,3&#8243; LCD zaslon (model NT133WHM-N35\/NT133WHM-N45\/NT133WHM-N47) je idealen za popravila in nadgradnje prenosnih ra\u010dunalnikov. Ponuja lo\u010dljivost 1366&#215;768 WXGA mat zaslona, 30-pin eDP povezavo in vklju\u010duje zgornje in spodnje nosilce. Povsem nov, brez IPS in brez dotika, zagotavlja jasne slike z LED osvetlitvijo.<\/p>\n","protected":false},"featured_media":7894,"template":"","meta":[],"product_brand":[],"product_cat":[76],"product_tag":[],"class_list":{"0":"post-7899","1":"product","2":"type-product","3":"status-publish","4":"has-post-thumbnail","6":"product_cat-13-3","8":"first","9":"instock","10":"taxable","11":"shipping-taxable","12":"purchasable","13":"product-type-simple"},"_links":{"self":[{"href":"https:\/\/pracek.si\/ekrani-za-prenosnike\/wp-json\/wp\/v2\/product\/7899","targetHints":{"allow":["GET"]}}],"collection":[{"href":"https:\/\/pracek.si\/ekrani-za-prenosnike\/wp-json\/wp\/v2\/product"}],"about":[{"href":"https:\/\/pracek.si\/ekrani-za-prenosnike\/wp-json\/wp\/v2\/types\/product"}],"wp:featuredmedia":[{"embeddable":true,"href":"https:\/\/pracek.si\/ekrani-za-prenosnike\/wp-json\/wp\/v2\/media\/7894"}],"wp:attachment":[{"href":"https:\/\/pracek.si\/ekrani-za-prenosnike\/wp-json\/wp\/v2\/media?parent=7899"}],"wp:term":[{"taxonomy":"product_brand","embeddable":true,"href":"https:\/\/pracek.si\/ekrani-za-prenosnike\/wp-json\/wp\/v2\/product_brand?post=7899"},{"taxonomy":"product_cat","embeddable":true,"href":"https:\/\/pracek.si\/ekrani-za-prenosnike\/wp-json\/wp\/v2\/product_cat?post=7899"},{"taxonomy":"product_tag","embeddable":true,"href":"https:\/\/pracek.si\/ekrani-za-prenosnike\/wp-json\/wp\/v2\/product_tag?post=7899"}],"curies":[{"name":"wp","href":"https:\/\/api.w.org\/{rel}","templated":true}]}}