{"id":7906,"date":"2024-11-10T08:56:28","date_gmt":"2024-11-10T08:56:28","guid":{"rendered":"https:\/\/pracek.si\/ekrani-za-prenosnike\/?post_type=product&#038;p=7906"},"modified":"2025-08-09T09:49:20","modified_gmt":"2025-08-09T09:49:20","slug":"133-lcd-zaslon-m133nwn1-r3-r4-mat-wxga-1366x768-30-pin-led-novo","status":"publish","type":"product","link":"https:\/\/pracek.si\/ekrani-za-prenosnike\/product\/133-lcd-zaslon-m133nwn1-r3-r4-mat-wxga-1366x768-30-pin-led-novo\/","title":{"rendered":"13,3&#8243; LCD zaslon M133NWN1 R3\/R4 &#8211; mat WXGA 1366&#215;768, 30 pin, LED, novo"},"content":{"rendered":"<p><strong>Dejanski model LCD ekrana: NT133WHM-N46 \u2013 popolnoma zdru\u017eljiv z LCD ekranom M133NWN1 R3 R4<\/strong><\/p>\n<p>Ta visokokakovostni nadomestni zaslon je odli\u010dna re\u0161itev za obnovitev va\u0161e prenosne naprave, saj zagotavlja \u010disto in ostro sliko na matiranem, protiodsevnem zaslonu. Z velikostjo 13,3 palca in WXGA lo\u010dljivostjo 1366&#215;768 ta zaslon omogo\u010da \u017eivahne barve in jasnost brez mote\u010dih odsevov, kar ga naredi idealnega za uporabo v razli\u010dnih svetlobnih pogojih.<\/p>\n<p>Zasnovan je za zdru\u017eljivost z modeli M133NWN1 R3 in R4 ter vklju\u010duje zgornje in spodnje nosilce za la\u017ejo namestitev. Njegova 30-pinska eDP povezava zagotavlja zanesljivo in hitro odzivnost, medtem ko LED tehnologija zagotavlja enakomerno svetlost in energijsko u\u010dinkovitost. Konstrukcija brez IPS tehnologije naredi zaslon trpe\u017een in primeren za vsakodnevno uporabo.<\/p>\n<p>Ne glede na to, ali zamenjujete po\u0161kodovan zaslon ali nadgrajujete prenosni ra\u010dunalnik, je ta popolnoma nov LCD zaslon zasnovan po visokih standardih kakovosti ter ponuja zadovoljivo vizualno izku\u0161njo.<\/p>\n","protected":false},"excerpt":{"rendered":"<p>Nadgradite svoj prenosnik s 13,3&#8243; LCD zaslonom (M133NWN1 R3\/R4) s 30-pinsko eDP povezavo in mat povr\u0161ino. Z WXGA lo\u010dljivostjo 1366&#215;768 omogo\u010da jasno sliko brez odseva, ob podpori zgornjih in spodnjih nosilcev za enostavno namestitev. Primeren je za vsakodnevno uporabo in ima LED osvetlitev za enakomerno svetlost in energijsko u\u010dinkovitost.<\/p>\n","protected":false},"featured_media":7894,"template":"","meta":[],"product_brand":[],"product_cat":[76],"product_tag":[],"class_list":{"0":"post-7906","1":"product","2":"type-product","3":"status-publish","4":"has-post-thumbnail","6":"product_cat-13-3","8":"first","9":"instock","10":"taxable","11":"shipping-taxable","12":"purchasable","13":"product-type-simple"},"_links":{"self":[{"href":"https:\/\/pracek.si\/ekrani-za-prenosnike\/wp-json\/wp\/v2\/product\/7906","targetHints":{"allow":["GET"]}}],"collection":[{"href":"https:\/\/pracek.si\/ekrani-za-prenosnike\/wp-json\/wp\/v2\/product"}],"about":[{"href":"https:\/\/pracek.si\/ekrani-za-prenosnike\/wp-json\/wp\/v2\/types\/product"}],"wp:featuredmedia":[{"embeddable":true,"href":"https:\/\/pracek.si\/ekrani-za-prenosnike\/wp-json\/wp\/v2\/media\/7894"}],"wp:attachment":[{"href":"https:\/\/pracek.si\/ekrani-za-prenosnike\/wp-json\/wp\/v2\/media?parent=7906"}],"wp:term":[{"taxonomy":"product_brand","embeddable":true,"href":"https:\/\/pracek.si\/ekrani-za-prenosnike\/wp-json\/wp\/v2\/product_brand?post=7906"},{"taxonomy":"product_cat","embeddable":true,"href":"https:\/\/pracek.si\/ekrani-za-prenosnike\/wp-json\/wp\/v2\/product_cat?post=7906"},{"taxonomy":"product_tag","embeddable":true,"href":"https:\/\/pracek.si\/ekrani-za-prenosnike\/wp-json\/wp\/v2\/product_tag?post=7906"}],"curies":[{"name":"wp","href":"https:\/\/api.w.org\/{rel}","templated":true}]}}