{"id":7907,"date":"2024-11-10T11:15:19","date_gmt":"2024-11-10T11:15:19","guid":{"rendered":"https:\/\/pracek.si\/ekrani-za-prenosnike\/?post_type=product&#038;p=7907"},"modified":"2025-08-09T09:49:20","modified_gmt":"2025-08-09T09:49:20","slug":"nov-133-lcd-zaslon-0dtmd6-mat-wxga-1366x768-30-pin-edp-brez-na-dotik-z-nosilci","status":"publish","type":"product","link":"https:\/\/pracek.si\/ekrani-za-prenosnike\/product\/nov-133-lcd-zaslon-0dtmd6-mat-wxga-1366x768-30-pin-edp-brez-na-dotik-z-nosilci\/","title":{"rendered":"Nov 13,3&#8243; LCD zaslon 0DTMD6 Mat WXGA 1366&#215;768 30 Pin eDP brez na dotik z nosilci"},"content":{"rendered":"<p><strong>Dejanski model LCD ekrana: NT133WHM-N46 \u2013 popolnoma zdru\u017eljiv z LCD ekranom 0DTMD6<\/strong><\/p>\n<p>Posodobite ali zamenjajte zaslon va\u0161ega prenosnega ra\u010dunalnika s tem visokokakovostnim 13,3&#8243; LCD zaslonom (model: 0DTMD6). Zaslon je zasnovan za modele brez na dotik zaslona in ponuja mat povr\u0161ino, ki zmanj\u0161uje odseve in izbolj\u0161a udobje pri gledanju. Z lo\u010dljivostjo WXGA 1366&#215;768 zagotavlja jasne in ostre slike. S 30-pinskim priklju\u010dkom in eDP vmesnikom je zaslon zdru\u017eljiv z razli\u010dnimi prenosnimi ra\u010dunalniki, ki zahtevajo zaslon brez IPS, osvetljen z LED. V paketu sta tudi zgornja in spodnja nosilca, ki zagotavljata enostavno in varno namestitev. Ne glede na to, ali zamenjujete po\u0161kodovan zaslon ali nadgrajujete starega, ta novi LCD zaslon zagotavlja zanesljivo delovanje in \u017eivahno kakovost slike. Stanje: Novo.<\/p>\n","protected":false},"excerpt":{"rendered":"<p>To popolnoma novo LCD zaslon 13,3&#8243; (model: 0DTMD6) je popolna zamenjava za va\u0161 prenosni ra\u010dunalnik. Z 30-pinskim priklju\u010dkom ponuja mat povr\u0161ino, WXGA lo\u010dljivost 1366&#215;768 in eDP vmesnik. Idealno za modele brez na dotik zaslona, vklju\u010duje zgornje in spodnje nosilce za enostavno monta\u017eo.<\/p>\n","protected":false},"featured_media":7894,"template":"","meta":[],"product_brand":[],"product_cat":[76],"product_tag":[],"class_list":{"0":"post-7907","1":"product","2":"type-product","3":"status-publish","4":"has-post-thumbnail","6":"product_cat-13-3","8":"first","9":"instock","10":"taxable","11":"shipping-taxable","12":"purchasable","13":"product-type-simple"},"_links":{"self":[{"href":"https:\/\/pracek.si\/ekrani-za-prenosnike\/wp-json\/wp\/v2\/product\/7907","targetHints":{"allow":["GET"]}}],"collection":[{"href":"https:\/\/pracek.si\/ekrani-za-prenosnike\/wp-json\/wp\/v2\/product"}],"about":[{"href":"https:\/\/pracek.si\/ekrani-za-prenosnike\/wp-json\/wp\/v2\/types\/product"}],"wp:featuredmedia":[{"embeddable":true,"href":"https:\/\/pracek.si\/ekrani-za-prenosnike\/wp-json\/wp\/v2\/media\/7894"}],"wp:attachment":[{"href":"https:\/\/pracek.si\/ekrani-za-prenosnike\/wp-json\/wp\/v2\/media?parent=7907"}],"wp:term":[{"taxonomy":"product_brand","embeddable":true,"href":"https:\/\/pracek.si\/ekrani-za-prenosnike\/wp-json\/wp\/v2\/product_brand?post=7907"},{"taxonomy":"product_cat","embeddable":true,"href":"https:\/\/pracek.si\/ekrani-za-prenosnike\/wp-json\/wp\/v2\/product_cat?post=7907"},{"taxonomy":"product_tag","embeddable":true,"href":"https:\/\/pracek.si\/ekrani-za-prenosnike\/wp-json\/wp\/v2\/product_tag?post=7907"}],"curies":[{"name":"wp","href":"https:\/\/api.w.org\/{rel}","templated":true}]}}