{"id":7912,"date":"2024-11-10T14:54:25","date_gmt":"2024-11-10T14:54:25","guid":{"rendered":"https:\/\/pracek.si\/ekrani-za-prenosnike\/?post_type=product&#038;p=7912"},"modified":"2024-11-10T14:54:25","modified_gmt":"2024-11-10T14:54:25","slug":"125-fhd-ips-lcd-zaslonski-00hn883-00hn884-30-pin-mat-edp-brez-nosilcev-novo","status":"publish","type":"product","link":"https:\/\/pracek.si\/ekrani-za-prenosnike\/product\/125-fhd-ips-lcd-zaslonski-00hn883-00hn884-30-pin-mat-edp-brez-nosilcev-novo\/","title":{"rendered":"12,5&#8243; FHD IPS LCD Zaslonski 00HN883 00HN884 30 Pin Mat EDP, Brez Nosilcev, Novo"},"content":{"rendered":"<p><strong>Dejanski model LCD ekrana: B125HAN02.2 V.5 \u2013 popolnoma zdru\u017eljiv z LCD ekranom 00HN883 00HN884 SD10G56682<\/strong><\/p>\n<p>Izbolj\u0161ajte prikaz svojega naprave z visokokakovostnim LCD zaslonom velikosti 12,5&#8243;, ki je zdru\u017eljiv z razli\u010dnimi modeli. Ima Full HD (FHD) lo\u010dljivost in IPS tehnologijo, ki zagotavlja \u017eivahne barve, \u0161iroke kote gledanja in kristalno jasno sliko za izbolj\u0161ano vizualno izku\u0161njo. Zaslon ima mat povr\u0161ino, ki zmanj\u0161a odseve svetlobe, kar je idealno za dolgotrajno uporabo v razli\u010dnih svetlobnih pogojih. Povezava z 30-pinskim EDP vti\u010dem zagotavlja zdru\u017eljivost z mnogimi napravami. Deluje pri 60Hz za gladko in odzivno delovanje. Zaslon ne vklju\u010duje zgornjih in spodnjih nosilcev, vendar je prilo\u017eena dvostranska samolepilna nalepka za enostavno namestitev. Stanje: novo.<\/p>\n","protected":false},"excerpt":{"rendered":"<p>Izbolj\u0161ajte svojo napravo z 12,5&#8243; FHD IPS LCD zaslonom, mat povr\u0161ino, 30-pinskim EDP vti\u010dem in dvostransko lepilno nalepko za enostavno namestitev. Novo stanje.<\/p>\n","protected":false},"featured_media":7909,"template":"","meta":[],"product_brand":[],"product_cat":[75],"product_tag":[],"class_list":{"0":"post-7912","1":"product","2":"type-product","3":"status-publish","4":"has-post-thumbnail","6":"product_cat-12-5","8":"first","9":"instock","10":"taxable","11":"shipping-taxable","12":"purchasable","13":"product-type-simple"},"_links":{"self":[{"href":"https:\/\/pracek.si\/ekrani-za-prenosnike\/wp-json\/wp\/v2\/product\/7912","targetHints":{"allow":["GET"]}}],"collection":[{"href":"https:\/\/pracek.si\/ekrani-za-prenosnike\/wp-json\/wp\/v2\/product"}],"about":[{"href":"https:\/\/pracek.si\/ekrani-za-prenosnike\/wp-json\/wp\/v2\/types\/product"}],"wp:featuredmedia":[{"embeddable":true,"href":"https:\/\/pracek.si\/ekrani-za-prenosnike\/wp-json\/wp\/v2\/media\/7909"}],"wp:attachment":[{"href":"https:\/\/pracek.si\/ekrani-za-prenosnike\/wp-json\/wp\/v2\/media?parent=7912"}],"wp:term":[{"taxonomy":"product_brand","embeddable":true,"href":"https:\/\/pracek.si\/ekrani-za-prenosnike\/wp-json\/wp\/v2\/product_brand?post=7912"},{"taxonomy":"product_cat","embeddable":true,"href":"https:\/\/pracek.si\/ekrani-za-prenosnike\/wp-json\/wp\/v2\/product_cat?post=7912"},{"taxonomy":"product_tag","embeddable":true,"href":"https:\/\/pracek.si\/ekrani-za-prenosnike\/wp-json\/wp\/v2\/product_tag?post=7912"}],"curies":[{"name":"wp","href":"https:\/\/api.w.org\/{rel}","templated":true}]}}