{"id":7913,"date":"2024-11-10T15:03:01","date_gmt":"2024-11-10T15:03:01","guid":{"rendered":"https:\/\/pracek.si\/ekrani-za-prenosnike\/?post_type=product&#038;p=7913"},"modified":"2024-11-10T15:03:01","modified_gmt":"2024-11-10T15:03:01","slug":"125-palcni-lcd-zaslon-01en374-00ny682-fhd-ips-mat-30-pin-edp-lepljiv-trak-nov","status":"publish","type":"product","link":"https:\/\/pracek.si\/ekrani-za-prenosnike\/product\/125-palcni-lcd-zaslon-01en374-00ny682-fhd-ips-mat-30-pin-edp-lepljiv-trak-nov\/","title":{"rendered":"12,5-pal\u010dni LCD zaslon 01EN374 00NY682 FHD IPS mat 30 pin EDP + lepljiv trak nov"},"content":{"rendered":"<p><strong>Dejanski model LCD ekrana: B125HAN02.2 V.5 \u2013 popolnoma zdru\u017eljiv z LCD ekranom 01EN374, 00NY682<\/strong><\/p>\n<p>Ta popolnoma nova 12,5-pal\u010dna LCD zaslon (model 01EN374 00NY682) je visokokakovostna zamenjava zaslona, ki je primerna za prenosnike, ki potrebujejo nadgradnjo ali zamenjavo zaslona. Z lo\u010dljivostjo Full HD (FHD) in tehnologijo IPS zagotavlja izjemno jasnost in \u017eivahne barve, medtem ko mat povr\u0161ina zmanj\u0161uje ble\u0161\u010danje za udobnej\u0161o izku\u0161njo gledanja. Povezava 30-pin, vmesnik EDP in 60Hz osve\u017eevalna hitrost so popolni za razli\u010dne modele prenosnikov. Zaslon prihaja brez zgornjih in spodnjih nosilcev, vendar vklju\u010duje dvojno lepljivo trak za enostavno namestitev. Idealno za obnovitev zaslona prenosnika v popolno stanje, ta zaslon je zagotovljeno v popolnoma novem stanju.<\/p>\n","protected":false},"excerpt":{"rendered":"<p>Popolnoma nov 12,5-pal\u010dni LCD zaslon (01EN374 00NY682), FHD, IPS, mat, 30-pin, EDP, vklju\u010duje lepljiv trak. Popolna zamenjava zaslona za prenosnike.<\/p>\n","protected":false},"featured_media":7909,"template":"","meta":[],"product_brand":[],"product_cat":[75],"product_tag":[],"class_list":{"0":"post-7913","1":"product","2":"type-product","3":"status-publish","4":"has-post-thumbnail","6":"product_cat-12-5","8":"first","9":"instock","10":"taxable","11":"shipping-taxable","12":"purchasable","13":"product-type-simple"},"_links":{"self":[{"href":"https:\/\/pracek.si\/ekrani-za-prenosnike\/wp-json\/wp\/v2\/product\/7913","targetHints":{"allow":["GET"]}}],"collection":[{"href":"https:\/\/pracek.si\/ekrani-za-prenosnike\/wp-json\/wp\/v2\/product"}],"about":[{"href":"https:\/\/pracek.si\/ekrani-za-prenosnike\/wp-json\/wp\/v2\/types\/product"}],"wp:featuredmedia":[{"embeddable":true,"href":"https:\/\/pracek.si\/ekrani-za-prenosnike\/wp-json\/wp\/v2\/media\/7909"}],"wp:attachment":[{"href":"https:\/\/pracek.si\/ekrani-za-prenosnike\/wp-json\/wp\/v2\/media?parent=7913"}],"wp:term":[{"taxonomy":"product_brand","embeddable":true,"href":"https:\/\/pracek.si\/ekrani-za-prenosnike\/wp-json\/wp\/v2\/product_brand?post=7913"},{"taxonomy":"product_cat","embeddable":true,"href":"https:\/\/pracek.si\/ekrani-za-prenosnike\/wp-json\/wp\/v2\/product_cat?post=7913"},{"taxonomy":"product_tag","embeddable":true,"href":"https:\/\/pracek.si\/ekrani-za-prenosnike\/wp-json\/wp\/v2\/product_tag?post=7913"}],"curies":[{"name":"wp","href":"https:\/\/api.w.org\/{rel}","templated":true}]}}