{"id":7914,"date":"2024-11-10T15:10:36","date_gmt":"2024-11-10T15:10:36","guid":{"rendered":"https:\/\/pracek.si\/ekrani-za-prenosnike\/?post_type=product&#038;p=7914"},"modified":"2024-12-12T08:32:04","modified_gmt":"2024-12-12T08:32:04","slug":"lenovo-thinkpad-x280-125-fhd-lcd-zaslon-brez-dotika-30-pin-mat-nov","status":"publish","type":"product","link":"https:\/\/pracek.si\/ekrani-za-prenosnike\/product\/lenovo-thinkpad-x280-125-fhd-lcd-zaslon-brez-dotika-30-pin-mat-nov\/","title":{"rendered":"Lenovo ThinkPad X280 12,5&#8243; FHD LCD zaslon brez dotika, 30-pin, mat, nov"},"content":{"rendered":"<p><strong>Dejanski model LCD ekrana: B125HAN02.2 V.5 \u2013 popolnoma zdru\u017eljiv z LCD ekranom Lenovo ThinkPad X280 non-Touch &#8211; sredinski priklop<\/strong><\/p>\n<p>Nadgradite svoj Lenovo ThinkPad X280 z visokokakovostnim 12,5-pal\u010dnim FHD LCD zaslonom. Namenjen za razli\u010dico brez zaslona na dotik, ta nadomestni zaslon ponuja \u017eivahno IPS tehnologijo in mat povr\u0161ino za brezble\u0161\u010dni pogled. Zaslon se pona\u0161a z lo\u010dljivostjo Full HD (1920&#215;1080), kar zagotavlja jasne in ostrine slike. Povezava 30-pin, vmesnik eDP in osve\u017eevalna hitrost 60Hz omogo\u010dajo gladko delovanje tako pri delu kot zabavi. Ta zaslon je opremljen z dvostranskim samolepilnim trakom za enostavno namestitev, brez zgornjih in spodnjih nosilcev, kar omogo\u010da prilagodljivost za razli\u010dne nastavitve. Stanje: povsem nov, kar zagotavlja brezskrbno izku\u0161njo.<\/p>\n","protected":false},"excerpt":{"rendered":"<p>Povsem nov 12,5-pal\u010dni FHD IPS LCD zaslon za Lenovo ThinkPad X280 (brez zaslona na dotik), 30-pin, mat, eDP, 60Hz, vklju\u010duje dvostranski samolepilni trak. Brez zgornjih in spodnjih nosilcev.<\/p>\n","protected":false},"featured_media":7909,"template":"","meta":[],"product_brand":[],"product_cat":[75],"product_tag":[60],"class_list":{"0":"post-7914","1":"product","2":"type-product","3":"status-publish","4":"has-post-thumbnail","6":"product_cat-12-5","7":"product_tag-lenovo","9":"first","10":"instock","11":"taxable","12":"shipping-taxable","13":"purchasable","14":"product-type-simple"},"_links":{"self":[{"href":"https:\/\/pracek.si\/ekrani-za-prenosnike\/wp-json\/wp\/v2\/product\/7914","targetHints":{"allow":["GET"]}}],"collection":[{"href":"https:\/\/pracek.si\/ekrani-za-prenosnike\/wp-json\/wp\/v2\/product"}],"about":[{"href":"https:\/\/pracek.si\/ekrani-za-prenosnike\/wp-json\/wp\/v2\/types\/product"}],"wp:featuredmedia":[{"embeddable":true,"href":"https:\/\/pracek.si\/ekrani-za-prenosnike\/wp-json\/wp\/v2\/media\/7909"}],"wp:attachment":[{"href":"https:\/\/pracek.si\/ekrani-za-prenosnike\/wp-json\/wp\/v2\/media?parent=7914"}],"wp:term":[{"taxonomy":"product_brand","embeddable":true,"href":"https:\/\/pracek.si\/ekrani-za-prenosnike\/wp-json\/wp\/v2\/product_brand?post=7914"},{"taxonomy":"product_cat","embeddable":true,"href":"https:\/\/pracek.si\/ekrani-za-prenosnike\/wp-json\/wp\/v2\/product_cat?post=7914"},{"taxonomy":"product_tag","embeddable":true,"href":"https:\/\/pracek.si\/ekrani-za-prenosnike\/wp-json\/wp\/v2\/product_tag?post=7914"}],"curies":[{"name":"wp","href":"https:\/\/api.w.org\/{rel}","templated":true}]}}