{"id":7915,"date":"2024-11-10T15:23:12","date_gmt":"2024-11-10T15:23:12","guid":{"rendered":"https:\/\/pracek.si\/ekrani-za-prenosnike\/?post_type=product&#038;p=7915"},"modified":"2024-11-10T15:23:12","modified_gmt":"2024-11-10T15:23:12","slug":"nt125whm-n43-125-lcd-zaslon-wxga-1366x768-mat-30-pin-edp-lepilni-trak","status":"publish","type":"product","link":"https:\/\/pracek.si\/ekrani-za-prenosnike\/product\/nt125whm-n43-125-lcd-zaslon-wxga-1366x768-mat-30-pin-edp-lepilni-trak\/","title":{"rendered":"NT125WHM-N43 12,5&#8243; LCD zaslon WXGA 1366&#215;768 mat 30-pin eDP + lepilni trak"},"content":{"rendered":"<p>Posodobite svoj prenosnik z LCD zaslonom NT125WHM-N43, zasnovanim za odli\u010dno kakovost prikaza in zanesljivost. Ta 12,5-pal\u010dni WXGA (1366&#215;768) mat zaslon ima 30-pin eDP povezavo, kar zagotavlja gladke in jasne slike za vse va\u0161e ra\u010dunalni\u0161ke potrebe. Brez zgornjih in spodnjih nosilcev je ta zaslon popoln za samostojne zamenjave ali popravila. Vklju\u010den dvostranski lepilni trak poenostavi postopek namestitve, kar omogo\u010da varno pritrditev. Ne glede na to, ali zamenjujete po\u0161kodovan zaslon ali nadgrajujete prikaz na prenosniku, je ta popolnoma nov, visokokakovosten LCD zaslon idealna izbira. Zagotovite optimalno delovanje in \u017eivahno jasnost slike z NT125WHM-N43.<\/p>\n","protected":false},"excerpt":{"rendered":"<p>NT125WHM-N43 LCD zaslon, 12,5&#8243;, 1366&#215;768 WXGA, mat, 30-pin eDP, brez nosilcev, vklju\u010den dvostranski lepilni trak. Popolnoma nov, idealen za popravila prenosnikov.<\/p>\n","protected":false},"featured_media":7916,"template":"","meta":[],"product_brand":[],"product_cat":[75],"product_tag":[],"class_list":{"0":"post-7915","1":"product","2":"type-product","3":"status-publish","4":"has-post-thumbnail","6":"product_cat-12-5","8":"first","9":"instock","10":"taxable","11":"shipping-taxable","12":"purchasable","13":"product-type-simple"},"_links":{"self":[{"href":"https:\/\/pracek.si\/ekrani-za-prenosnike\/wp-json\/wp\/v2\/product\/7915","targetHints":{"allow":["GET"]}}],"collection":[{"href":"https:\/\/pracek.si\/ekrani-za-prenosnike\/wp-json\/wp\/v2\/product"}],"about":[{"href":"https:\/\/pracek.si\/ekrani-za-prenosnike\/wp-json\/wp\/v2\/types\/product"}],"wp:featuredmedia":[{"embeddable":true,"href":"https:\/\/pracek.si\/ekrani-za-prenosnike\/wp-json\/wp\/v2\/media\/7916"}],"wp:attachment":[{"href":"https:\/\/pracek.si\/ekrani-za-prenosnike\/wp-json\/wp\/v2\/media?parent=7915"}],"wp:term":[{"taxonomy":"product_brand","embeddable":true,"href":"https:\/\/pracek.si\/ekrani-za-prenosnike\/wp-json\/wp\/v2\/product_brand?post=7915"},{"taxonomy":"product_cat","embeddable":true,"href":"https:\/\/pracek.si\/ekrani-za-prenosnike\/wp-json\/wp\/v2\/product_cat?post=7915"},{"taxonomy":"product_tag","embeddable":true,"href":"https:\/\/pracek.si\/ekrani-za-prenosnike\/wp-json\/wp\/v2\/product_tag?post=7915"}],"curies":[{"name":"wp","href":"https:\/\/api.w.org\/{rel}","templated":true}]}}