{"id":7917,"date":"2024-11-10T15:36:22","date_gmt":"2024-11-10T15:36:22","guid":{"rendered":"https:\/\/pracek.si\/ekrani-za-prenosnike\/?post_type=product&#038;p=7917"},"modified":"2024-11-10T15:36:23","modified_gmt":"2024-11-10T15:36:23","slug":"nov-125-lcd-zaslon-cp719499-01-1366x768-wxga-mat-edp-30-pinski-trak-prilozen","status":"publish","type":"product","link":"https:\/\/pracek.si\/ekrani-za-prenosnike\/product\/nov-125-lcd-zaslon-cp719499-01-1366x768-wxga-mat-edp-30-pinski-trak-prilozen\/","title":{"rendered":"Nov 12,5&#8243; LCD zaslon CP719499-01 1366&#215;768 WXGA Mat eDP 30-pinski trak prilo\u017een"},"content":{"rendered":"<p><strong>Dejanski model LCD ekrana: NT125WHM-N43 \u2013 popolnoma zdru\u017eljiv z LCD ekranom CP719499-01<\/strong><\/p>\n<p>Posodobite svojo napravo z LCD zaslonom CP719499-01 12,5&#8243;, ki ponuja jasne slike z lo\u010dljivostjo 1366&#215;768 WXGA. Ta mat, eDP 30-pinski zaslon je idealen za razli\u010dne popravke ali zamenjave zaslonov na prenosnikih in drugih napravah. Zaslon je brez zgornjih in spodnjih nosilcev, prilo\u017een pa je dvostranski lepilni trak za enostavno namestitev. Ne glede na to, ali zamenjujete star ali po\u0161kodovan zaslon ali pa potrebujete nov zaslon za svoj projekt, ta zaslon zagotavlja odli\u010dno delovanje in trajnost. Mat povr\u0161ina zmanj\u0161a odseve in omogo\u010da bolj udobno gledanje tudi pri dalj\u0161ih uporabah.<\/p>\n","protected":false},"excerpt":{"rendered":"<p>Ta povsem nov LCD zaslon 12,5&#8243; (CP719499-01) ponuja lo\u010dljivost 1366&#215;768 WXGA z mat povr\u0161ino. Je eDP 30-pinski zaslon, primeren za razli\u010dne prenosnike ali naprave, ki zahtevajo kompakten in visokokakovosten zaslon. Zaslon je brez zgornjih in spodnjih nosilcev, prilo\u017een pa je tudi dvostranski lepilni trak za enostavno namestitev. Stanje: novo.<\/p>\n","protected":false},"featured_media":7916,"template":"","meta":[],"product_brand":[],"product_cat":[75],"product_tag":[],"class_list":{"0":"post-7917","1":"product","2":"type-product","3":"status-publish","4":"has-post-thumbnail","6":"product_cat-12-5","8":"first","9":"instock","10":"taxable","11":"shipping-taxable","12":"purchasable","13":"product-type-simple"},"_links":{"self":[{"href":"https:\/\/pracek.si\/ekrani-za-prenosnike\/wp-json\/wp\/v2\/product\/7917","targetHints":{"allow":["GET"]}}],"collection":[{"href":"https:\/\/pracek.si\/ekrani-za-prenosnike\/wp-json\/wp\/v2\/product"}],"about":[{"href":"https:\/\/pracek.si\/ekrani-za-prenosnike\/wp-json\/wp\/v2\/types\/product"}],"wp:featuredmedia":[{"embeddable":true,"href":"https:\/\/pracek.si\/ekrani-za-prenosnike\/wp-json\/wp\/v2\/media\/7916"}],"wp:attachment":[{"href":"https:\/\/pracek.si\/ekrani-za-prenosnike\/wp-json\/wp\/v2\/media?parent=7917"}],"wp:term":[{"taxonomy":"product_brand","embeddable":true,"href":"https:\/\/pracek.si\/ekrani-za-prenosnike\/wp-json\/wp\/v2\/product_brand?post=7917"},{"taxonomy":"product_cat","embeddable":true,"href":"https:\/\/pracek.si\/ekrani-za-prenosnike\/wp-json\/wp\/v2\/product_cat?post=7917"},{"taxonomy":"product_tag","embeddable":true,"href":"https:\/\/pracek.si\/ekrani-za-prenosnike\/wp-json\/wp\/v2\/product_tag?post=7917"}],"curies":[{"name":"wp","href":"https:\/\/api.w.org\/{rel}","templated":true}]}}