{"id":7920,"date":"2024-11-10T16:41:45","date_gmt":"2024-11-10T16:41:45","guid":{"rendered":"https:\/\/pracek.si\/ekrani-za-prenosnike\/?post_type=product&#038;p=7920"},"modified":"2024-12-12T08:30:56","modified_gmt":"2024-12-12T08:30:56","slug":"nov-lenovo-thinkpad-x250-lcd-zaslon-125-wxga-1366x768-30-pin-mat-lepljiv-trak","status":"publish","type":"product","link":"https:\/\/pracek.si\/ekrani-za-prenosnike\/product\/nov-lenovo-thinkpad-x250-lcd-zaslon-125-wxga-1366x768-30-pin-mat-lepljiv-trak\/","title":{"rendered":"Nov Lenovo ThinkPad X250 LCD zaslon 12,5&#8243; WXGA 1366&#215;768 30-pin Mat Lepljiv trak"},"content":{"rendered":"<p><strong>Dejanski model LCD ekrana: NT125WHM-N43 \u2013 popolnoma zdru\u017eljiv z LCD ekranom Lenovo ThinkPad X250<\/strong><\/p>\n<p>Zamenjajte ali nadgradite zaslon svojega prenosnika z visokokakovostnim LCD zaslonom, zasnovanim za Lenovo ThinkPad X250. Ta zaslon velikosti 12,5&#8243; ponuja jasen in oster prikaz z lo\u010dljivostjo 1366&#215;768 WXGA ter zagotavlja \u017eivahne barve in odli\u010dno vidljivost v razli\u010dnih svetlobnih pogojih zahvaljujo\u010d mat povr\u0161ini. Zaslon ima 30-pinsko eDP povezavo, kar omogo\u010da enostavno namestitev in je zdru\u017eljiv z va\u0161im Lenovo ThinkPad X250 prenosnikom. Zaslon prihaja brez zgornjih in spodnjih nosilcev, vendar vklju\u010duje obojestransko lepilno trak, kar omogo\u010da enostavno monta\u017eo. V popolnoma novem stanju je ta LCD zaslon zanesljiva zamenjava za obnovitev vizualne zmogljivosti va\u0161ega prenosnika.<\/p>\n","protected":false},"excerpt":{"rendered":"<p>Nov 12,5&#8243; Lenovo ThinkPad X250 LCD zaslon, 1366&#215;768 WXGA, 30-pin eDP, mat, vklju\u010duje obojestranski lepilni trak. Brez zgornjih in spodnjih nosilcev.<\/p>\n","protected":false},"featured_media":7916,"template":"","meta":[],"product_brand":[],"product_cat":[75],"product_tag":[60],"class_list":{"0":"post-7920","1":"product","2":"type-product","3":"status-publish","4":"has-post-thumbnail","6":"product_cat-12-5","7":"product_tag-lenovo","9":"first","10":"instock","11":"taxable","12":"shipping-taxable","13":"purchasable","14":"product-type-simple"},"_links":{"self":[{"href":"https:\/\/pracek.si\/ekrani-za-prenosnike\/wp-json\/wp\/v2\/product\/7920","targetHints":{"allow":["GET"]}}],"collection":[{"href":"https:\/\/pracek.si\/ekrani-za-prenosnike\/wp-json\/wp\/v2\/product"}],"about":[{"href":"https:\/\/pracek.si\/ekrani-za-prenosnike\/wp-json\/wp\/v2\/types\/product"}],"wp:featuredmedia":[{"embeddable":true,"href":"https:\/\/pracek.si\/ekrani-za-prenosnike\/wp-json\/wp\/v2\/media\/7916"}],"wp:attachment":[{"href":"https:\/\/pracek.si\/ekrani-za-prenosnike\/wp-json\/wp\/v2\/media?parent=7920"}],"wp:term":[{"taxonomy":"product_brand","embeddable":true,"href":"https:\/\/pracek.si\/ekrani-za-prenosnike\/wp-json\/wp\/v2\/product_brand?post=7920"},{"taxonomy":"product_cat","embeddable":true,"href":"https:\/\/pracek.si\/ekrani-za-prenosnike\/wp-json\/wp\/v2\/product_cat?post=7920"},{"taxonomy":"product_tag","embeddable":true,"href":"https:\/\/pracek.si\/ekrani-za-prenosnike\/wp-json\/wp\/v2\/product_tag?post=7920"}],"curies":[{"name":"wp","href":"https:\/\/api.w.org\/{rel}","templated":true}]}}