{"id":7921,"date":"2024-11-10T16:46:23","date_gmt":"2024-11-10T16:46:23","guid":{"rendered":"https:\/\/pracek.si\/ekrani-za-prenosnike\/?post_type=product&#038;p=7921"},"modified":"2024-12-12T08:30:56","modified_gmt":"2024-12-12T08:30:56","slug":"nov-125-lcd-zaslon-za-lenovo-thinkpad-x260-wxga-1366x768-30-pin-mat","status":"publish","type":"product","link":"https:\/\/pracek.si\/ekrani-za-prenosnike\/product\/nov-125-lcd-zaslon-za-lenovo-thinkpad-x260-wxga-1366x768-30-pin-mat\/","title":{"rendered":"Nov 12,5&#8243; LCD zaslon za Lenovo ThinkPad X260 WXGA 1366&#215;768, 30-pin, Mat"},"content":{"rendered":"<p><strong>Dejanski model LCD ekrana: NT125WHM-N43 \u2013 popolnoma zdru\u017eljiv z LCD ekranom Lenovo ThinkPad X260 non-touch<\/strong><\/p>\n<p>Ta visokokakovosten LCD zaslon je posebej zasnovan za Lenovo ThinkPad X260 serijo. Ponuja 12,5&#8243; mat zaslon z WXGA lo\u010dljivostjo 1366&#215;768, kar zagotavlja jasne in \u017eivahne slike. Zaslon ima 30-pin eDP povezavo, kar ga naredi popolnega za zamenjavo va\u0161ega obstoje\u010dega zaslona brez na dotik. Prosimo, upo\u0161tevajte, da ta zaslon prihaja brez zgornjih in spodnjih nosilcev, kar vam omogo\u010da, da ponovno uporabite va\u0161e izvirne monta\u017ene dele. Paket vklju\u010duje dvojno lepljivo trak za enostavno namestitev, ki zagotavlja varen in zanesljiv oprijem. Zaslon je v novi kakovosti in zagotavlja odli\u010dno delovanje, kar ga naredi popolno zamenjavo za po\u0161kodovan ali okvarjen zaslon na va\u0161em Lenovo ThinkPad X260 prenosniku.<\/p>\n","protected":false},"excerpt":{"rendered":"<p>12,5&#8243; LCD zaslon za Lenovo ThinkPad X260, 1366&#215;768 WXGA, 30-pin eDP, mat, brez dotika, nov. Vklju\u010den dvojni lepljivi trak. Brez zgornjih\/spodnjih nosilcev.<\/p>\n","protected":false},"featured_media":7916,"template":"","meta":[],"product_brand":[],"product_cat":[75],"product_tag":[60],"class_list":{"0":"post-7921","1":"product","2":"type-product","3":"status-publish","4":"has-post-thumbnail","6":"product_cat-12-5","7":"product_tag-lenovo","9":"first","10":"instock","11":"taxable","12":"shipping-taxable","13":"purchasable","14":"product-type-simple"},"_links":{"self":[{"href":"https:\/\/pracek.si\/ekrani-za-prenosnike\/wp-json\/wp\/v2\/product\/7921","targetHints":{"allow":["GET"]}}],"collection":[{"href":"https:\/\/pracek.si\/ekrani-za-prenosnike\/wp-json\/wp\/v2\/product"}],"about":[{"href":"https:\/\/pracek.si\/ekrani-za-prenosnike\/wp-json\/wp\/v2\/types\/product"}],"wp:featuredmedia":[{"embeddable":true,"href":"https:\/\/pracek.si\/ekrani-za-prenosnike\/wp-json\/wp\/v2\/media\/7916"}],"wp:attachment":[{"href":"https:\/\/pracek.si\/ekrani-za-prenosnike\/wp-json\/wp\/v2\/media?parent=7921"}],"wp:term":[{"taxonomy":"product_brand","embeddable":true,"href":"https:\/\/pracek.si\/ekrani-za-prenosnike\/wp-json\/wp\/v2\/product_brand?post=7921"},{"taxonomy":"product_cat","embeddable":true,"href":"https:\/\/pracek.si\/ekrani-za-prenosnike\/wp-json\/wp\/v2\/product_cat?post=7921"},{"taxonomy":"product_tag","embeddable":true,"href":"https:\/\/pracek.si\/ekrani-za-prenosnike\/wp-json\/wp\/v2\/product_tag?post=7921"}],"curies":[{"name":"wp","href":"https:\/\/api.w.org\/{rel}","templated":true}]}}