{"id":7922,"date":"2024-11-10T16:58:33","date_gmt":"2024-11-10T16:58:33","guid":{"rendered":"https:\/\/pracek.si\/ekrani-za-prenosnike\/?post_type=product&#038;p=7922"},"modified":"2024-12-12T08:30:55","modified_gmt":"2024-12-12T08:30:55","slug":"lcd-zaslon-za-lenovo-thinkpad-x270-125-wxga-1366x768-mat-brez-dotika-nov","status":"publish","type":"product","link":"https:\/\/pracek.si\/ekrani-za-prenosnike\/product\/lcd-zaslon-za-lenovo-thinkpad-x270-125-wxga-1366x768-mat-brez-dotika-nov\/","title":{"rendered":"LCD zaslon za Lenovo ThinkPad X270 12,5&#8243; WXGA 1366&#215;768 mat brez dotika nov"},"content":{"rendered":"<p><strong>Dejanski model LCD ekrana: NT125WHM-N43 \u2013 popolnoma zdru\u017eljiv z LCD ekranom Lenovo ThinkPad X270 non-touch<\/strong><\/p>\n<p>Ta visoko kakovosten LCD zaslon je zasnovan za Lenovo ThinkPad X270 in predstavlja popolno zamenjavo za va\u0161e napravo. Zaslon velikosti 12,5&#8243; ponuja lo\u010dljivost 1366&#215;768 WXGA, kar zagotavlja jasne in ostre slike. Zaslon brez dotika ima mat povr\u0161ino, ki zmanj\u0161uje odseve svetlobe in zagotavlja bolj udobno gledanje, tudi pri mo\u010dnej\u0161i osvetlitvi. Povezava uporablja 30-pinski eDP konektor, ki zagotavlja zdru\u017eljivost in zanesljivo povezavo. V paketu je tudi dvostranski lepilni trak za enostavno in varno namestitev. Zaslon prihaja brez zgornjih in spodnjih okvirjev, kar omogo\u010da prilagodljivost za razli\u010dne mo\u017enosti namestitve. Ta popolnoma nov zaslon je idealen za obnovo ali nadgradnjo va\u0161ega Lenovo ThinkPad X270.<\/p>\n","protected":false},"excerpt":{"rendered":"<p>Zaslon LCD za Lenovo ThinkPad X270, 12,5&#8243;, 1366&#215;768 WXGA, mat, brez dotika, 30-pinski eDP, nov, vklju\u010den lepilni trak.<\/p>\n","protected":false},"featured_media":7916,"template":"","meta":[],"product_brand":[],"product_cat":[75],"product_tag":[60],"class_list":{"0":"post-7922","1":"product","2":"type-product","3":"status-publish","4":"has-post-thumbnail","6":"product_cat-12-5","7":"product_tag-lenovo","9":"first","10":"instock","11":"taxable","12":"shipping-taxable","13":"purchasable","14":"product-type-simple"},"_links":{"self":[{"href":"https:\/\/pracek.si\/ekrani-za-prenosnike\/wp-json\/wp\/v2\/product\/7922","targetHints":{"allow":["GET"]}}],"collection":[{"href":"https:\/\/pracek.si\/ekrani-za-prenosnike\/wp-json\/wp\/v2\/product"}],"about":[{"href":"https:\/\/pracek.si\/ekrani-za-prenosnike\/wp-json\/wp\/v2\/types\/product"}],"wp:featuredmedia":[{"embeddable":true,"href":"https:\/\/pracek.si\/ekrani-za-prenosnike\/wp-json\/wp\/v2\/media\/7916"}],"wp:attachment":[{"href":"https:\/\/pracek.si\/ekrani-za-prenosnike\/wp-json\/wp\/v2\/media?parent=7922"}],"wp:term":[{"taxonomy":"product_brand","embeddable":true,"href":"https:\/\/pracek.si\/ekrani-za-prenosnike\/wp-json\/wp\/v2\/product_brand?post=7922"},{"taxonomy":"product_cat","embeddable":true,"href":"https:\/\/pracek.si\/ekrani-za-prenosnike\/wp-json\/wp\/v2\/product_cat?post=7922"},{"taxonomy":"product_tag","embeddable":true,"href":"https:\/\/pracek.si\/ekrani-za-prenosnike\/wp-json\/wp\/v2\/product_tag?post=7922"}],"curies":[{"name":"wp","href":"https:\/\/api.w.org\/{rel}","templated":true}]}}