{"id":7973,"date":"2024-11-23T09:25:49","date_gmt":"2024-11-23T09:25:49","guid":{"rendered":"https:\/\/pracek.si\/ekrani-za-prenosnike\/?post_type=product&#038;p=7973"},"modified":"2025-08-09T09:49:19","modified_gmt":"2025-08-09T09:49:19","slug":"acer-aspire-s5-391-133-lcd-zaslon-wxga-mat-led-zaslon-nov","status":"publish","type":"product","link":"https:\/\/pracek.si\/ekrani-za-prenosnike\/product\/acer-aspire-s5-391-133-lcd-zaslon-wxga-mat-led-zaslon-nov\/","title":{"rendered":"Acer Aspire S5-391 13,3&#8243; LCD zaslon WXGA mat LED zaslon, nov"},"content":{"rendered":"<p><strong>Dejanski model LCD zaslona: NT133WHM-N46 \u2013 POPOLNOMA KOMPATIBILEN Z ZASLONOM PRENOSNIKA Acer ASPIRE S5-391-73514G25AKK &#8211; brez dotika<\/strong><\/p>\n<p>Izbolj\u0161ajte svoj prenosnik Acer Aspire S5-391-73514G25AKK s tem visokokakovostnim 13,3&#8243; LCD zaslonom. Z WXGA lo\u010dljivostjo 1366&#215;768 ta nedotakljivi zaslon nudi ostro sliko in jasnost za odli\u010dno izku\u0161njo gledanja. Mat premaz zmanj\u0161uje ble\u0161\u010danje in odseve, kar olaj\u0161a uporabo v razli\u010dnih svetlobnih pogojih.<\/p>\n<p>Zasnovan z 30-pinskim vmesnikom eDP je ta LED zaslon popolnoma zdru\u017eljiv z va\u0161im prenosnikom Acer. Vklju\u010duje zgornje in spodnje nosilce za enostavno namestitev ter zagotavlja varno pritrditev. \u010ceprav ni IPS, je ta zaslon narejen tako, da zagotavlja jasne in \u017eivahne slike, idealne za vsakodnevna opravila. Zaslon je popolnoma nov in izdelan po visokih standardih, da zagotavlja zdru\u017eljivost in dolgotrajno delovanje z va\u0161o napravo.<\/p>\n<p>Ne glede na to, ali zamenjujete po\u0161kodovan zaslon ali nadgrajujete, ta zaslon zagotavlja odli\u010dno izku\u0161njo gledanja in va\u0161 prenosnik spremeni v zmogljivo orodje za delo, u\u010denje ali zabavo.<\/p>\n","protected":false},"excerpt":{"rendered":"<p><strong>Nadgradite svoj Acer Aspire S5-391-73514G25AKK s tem 13,3&#8243; WXGA LCD zaslonom.<\/strong> Zaslon z lo\u010dljivostjo 1366&#215;768 in mat premazom je zasnovan za jasne vizualne prikaze in zmanj\u0161ano ble\u0161\u010danje. Gre za 30-pinski eDP zaslon z zgornjimi in spodnjimi nosilci, ki omogo\u010da enostavno namestitev. Stanje: popolnoma nov in pripravljen za brezhibno integracijo.<\/p>\n","protected":false},"featured_media":7894,"template":"","meta":[],"product_brand":[],"product_cat":[76],"product_tag":[59],"class_list":{"0":"post-7973","1":"product","2":"type-product","3":"status-publish","4":"has-post-thumbnail","6":"product_cat-13-3","7":"product_tag-acer","9":"first","10":"instock","11":"taxable","12":"shipping-taxable","13":"purchasable","14":"product-type-simple"},"_links":{"self":[{"href":"https:\/\/pracek.si\/ekrani-za-prenosnike\/wp-json\/wp\/v2\/product\/7973","targetHints":{"allow":["GET"]}}],"collection":[{"href":"https:\/\/pracek.si\/ekrani-za-prenosnike\/wp-json\/wp\/v2\/product"}],"about":[{"href":"https:\/\/pracek.si\/ekrani-za-prenosnike\/wp-json\/wp\/v2\/types\/product"}],"wp:featuredmedia":[{"embeddable":true,"href":"https:\/\/pracek.si\/ekrani-za-prenosnike\/wp-json\/wp\/v2\/media\/7894"}],"wp:attachment":[{"href":"https:\/\/pracek.si\/ekrani-za-prenosnike\/wp-json\/wp\/v2\/media?parent=7973"}],"wp:term":[{"taxonomy":"product_brand","embeddable":true,"href":"https:\/\/pracek.si\/ekrani-za-prenosnike\/wp-json\/wp\/v2\/product_brand?post=7973"},{"taxonomy":"product_cat","embeddable":true,"href":"https:\/\/pracek.si\/ekrani-za-prenosnike\/wp-json\/wp\/v2\/product_cat?post=7973"},{"taxonomy":"product_tag","embeddable":true,"href":"https:\/\/pracek.si\/ekrani-za-prenosnike\/wp-json\/wp\/v2\/product_tag?post=7973"}],"curies":[{"name":"wp","href":"https:\/\/api.w.org\/{rel}","templated":true}]}}