{"id":7977,"date":"2024-11-23T12:38:34","date_gmt":"2024-11-23T12:38:34","guid":{"rendered":"https:\/\/pracek.si\/ekrani-za-prenosnike\/?post_type=product&#038;p=7977"},"modified":"2024-11-23T12:38:35","modified_gmt":"2024-11-23T12:38:35","slug":"b140han04-0-14-fhd-ips-lcd-zaslon-mat-30-pin-brez-dotika-nov-lepljivi-trak","status":"publish","type":"product","link":"https:\/\/pracek.si\/ekrani-za-prenosnike\/product\/b140han04-0-14-fhd-ips-lcd-zaslon-mat-30-pin-brez-dotika-nov-lepljivi-trak\/","title":{"rendered":"B140HAN04.0 14&#8243; FHD IPS LCD Zaslon Mat 30 Pin Brez Dotika, Nov, Lepljivi Trak"},"content":{"rendered":"<p><strong>Dejanski model LCD ekrana: N140HCA-ELK REV C.2 \u2013 popolnoma zdru\u017eljiv z LCD ekranom B140HAN04.0<\/strong><\/p>\n<p>LCD zaslon B140HAN04.0 je visokokakovostni nadomestni zaslon, zasnovan za prenosne ra\u010dunalnike. Ponuja 14-pal\u010dno lo\u010dljivost Full HD (1920 x 1080) in mat povr\u0161ino, kar zagotavlja odli\u010dno jasnost slike. IPS tehnologija omogo\u010da izbolj\u0161ano natan\u010dnost barv in \u0161iroke kote gledanja. Ta razli\u010dica zaslona brez dotika je idealna za uporabnike, ki potrebujejo vzdr\u017eljiv in zmogljiv zaslon za svoje naprave. Povezava z 30 pini omogo\u010da enostavno namestitev, zaslon pa je brez zgornjih in spodnjih nosilcev, kar omogo\u010da \u0161irok spekter uporabe v razli\u010dnih modelih prenosnih ra\u010dunalnikov. Zaslon vklju\u010duje tudi dvojno stransko lepilno trak za varno monta\u017eo. Ta LCD zaslon je nov, kar pomeni, da prejmete zanesljiv in popolnoma nov izdelek za va\u0161e potrebe po zamenjavi zaslona.<\/p>\n","protected":false},"excerpt":{"rendered":"<p>Zamenjajte zaslon na prenosnem ra\u010dunalniku z B140HAN04.0, 14&#8243; Full HD IPS LCD zaslonom (1920&#215;1080) z mat povr\u0161ino. Brez dotika, 30 pinov, nov, vklju\u010duje dvojno stranski lepilni trak za enostavno monta\u017eo.<\/p>\n<p>&nbsp;<\/p>\n","protected":false},"featured_media":7976,"template":"","meta":[],"product_brand":[],"product_cat":[51],"product_tag":[],"class_list":{"0":"post-7977","1":"product","2":"type-product","3":"status-publish","4":"has-post-thumbnail","6":"product_cat-51","8":"first","9":"instock","10":"taxable","11":"shipping-taxable","12":"purchasable","13":"product-type-simple"},"_links":{"self":[{"href":"https:\/\/pracek.si\/ekrani-za-prenosnike\/wp-json\/wp\/v2\/product\/7977","targetHints":{"allow":["GET"]}}],"collection":[{"href":"https:\/\/pracek.si\/ekrani-za-prenosnike\/wp-json\/wp\/v2\/product"}],"about":[{"href":"https:\/\/pracek.si\/ekrani-za-prenosnike\/wp-json\/wp\/v2\/types\/product"}],"wp:featuredmedia":[{"embeddable":true,"href":"https:\/\/pracek.si\/ekrani-za-prenosnike\/wp-json\/wp\/v2\/media\/7976"}],"wp:attachment":[{"href":"https:\/\/pracek.si\/ekrani-za-prenosnike\/wp-json\/wp\/v2\/media?parent=7977"}],"wp:term":[{"taxonomy":"product_brand","embeddable":true,"href":"https:\/\/pracek.si\/ekrani-za-prenosnike\/wp-json\/wp\/v2\/product_brand?post=7977"},{"taxonomy":"product_cat","embeddable":true,"href":"https:\/\/pracek.si\/ekrani-za-prenosnike\/wp-json\/wp\/v2\/product_cat?post=7977"},{"taxonomy":"product_tag","embeddable":true,"href":"https:\/\/pracek.si\/ekrani-za-prenosnike\/wp-json\/wp\/v2\/product_tag?post=7977"}],"curies":[{"name":"wp","href":"https:\/\/api.w.org\/{rel}","templated":true}]}}