{"id":7978,"date":"2024-11-23T12:43:41","date_gmt":"2024-11-23T12:43:41","guid":{"rendered":"https:\/\/pracek.si\/ekrani-za-prenosnike\/?post_type=product&#038;p=7978"},"modified":"2024-11-23T12:43:41","modified_gmt":"2024-11-23T12:43:41","slug":"n140hca-eac-rev-b1-lcd-zaslon-14-fhd-1920x1080-ips-mat-brez-dotika-nov","status":"publish","type":"product","link":"https:\/\/pracek.si\/ekrani-za-prenosnike\/product\/n140hca-eac-rev-b1-lcd-zaslon-14-fhd-1920x1080-ips-mat-brez-dotika-nov\/","title":{"rendered":"N140HCA-EAC Rev.B1 LCD zaslon 14&#8243; FHD 1920&#215;1080 IPS Mat brez dotika Nov"},"content":{"rendered":"<p><strong>Dejanski model LCD ekrana: N140HCA-ELK REV C.2 \u2013 popolnoma zdru\u017eljiv z LCD ekranom N140HCA-EAC Rev.B1 C1 C2 C4 C5 C6<\/strong><\/p>\n<p>Posodobite zaslon svojega prenosnika z LCD zaslonom N140HCA-EAC Rev.B1. Ta 14-pal\u010dni zaslon Full HD (1920 x 1080) ima tehnologijo IPS, ki ponuja osupljive barve in \u0161iroke kote gledanja. Mat povr\u0161ina zmanj\u0161uje odseve in zagotavlja bolj udobno gledanje, tudi v dobro osvetljenih prostorih. Zaslon je opremljen z 30-pinskim konektorjem in je zdru\u017eljiv z razli\u010dnimi modeli prenosnikov ter ve\u010d razli\u010dnimi revizijami (C1, C2, C4, C5, C6). Zaslon je razli\u010dica brez dotika in vklju\u010duje dvosmerno lepilno trak za enostavno namestitev, kar ga naredi idealnega za zamenjavo po\u0161kodovanega ali zastarelega zaslona. Opomba: zaslon ne vklju\u010duje zgornjih in spodnjih nosilcev. Stanje: nov.<\/p>\n","protected":false},"excerpt":{"rendered":"<p>Zaslon N140HCA-EAC Rev.B1 je 14-pal\u010dni Full HD (1920 x 1080) zaslon z IPS tehnologijo, mat povr\u0161ino in 30-pinskim konektorjem. Vklju\u010duje dvosmerni lepilni trak in je zdru\u017eljiv z ve\u010d razli\u010dnimi revizijami prenosnikov. Razli\u010dica brez dotika, brez zgornjih in spodnjih nosilcev. Novo stanje.<\/p>\n","protected":false},"featured_media":7976,"template":"","meta":[],"product_brand":[],"product_cat":[51],"product_tag":[],"class_list":{"0":"post-7978","1":"product","2":"type-product","3":"status-publish","4":"has-post-thumbnail","6":"product_cat-51","8":"first","9":"instock","10":"taxable","11":"shipping-taxable","12":"purchasable","13":"product-type-simple"},"_links":{"self":[{"href":"https:\/\/pracek.si\/ekrani-za-prenosnike\/wp-json\/wp\/v2\/product\/7978","targetHints":{"allow":["GET"]}}],"collection":[{"href":"https:\/\/pracek.si\/ekrani-za-prenosnike\/wp-json\/wp\/v2\/product"}],"about":[{"href":"https:\/\/pracek.si\/ekrani-za-prenosnike\/wp-json\/wp\/v2\/types\/product"}],"wp:featuredmedia":[{"embeddable":true,"href":"https:\/\/pracek.si\/ekrani-za-prenosnike\/wp-json\/wp\/v2\/media\/7976"}],"wp:attachment":[{"href":"https:\/\/pracek.si\/ekrani-za-prenosnike\/wp-json\/wp\/v2\/media?parent=7978"}],"wp:term":[{"taxonomy":"product_brand","embeddable":true,"href":"https:\/\/pracek.si\/ekrani-za-prenosnike\/wp-json\/wp\/v2\/product_brand?post=7978"},{"taxonomy":"product_cat","embeddable":true,"href":"https:\/\/pracek.si\/ekrani-za-prenosnike\/wp-json\/wp\/v2\/product_cat?post=7978"},{"taxonomy":"product_tag","embeddable":true,"href":"https:\/\/pracek.si\/ekrani-za-prenosnike\/wp-json\/wp\/v2\/product_tag?post=7978"}],"curies":[{"name":"wp","href":"https:\/\/api.w.org\/{rel}","templated":true}]}}