{"id":7979,"date":"2024-11-23T12:52:41","date_gmt":"2024-11-23T12:52:41","guid":{"rendered":"https:\/\/pracek.si\/ekrani-za-prenosnike\/?post_type=product&#038;p=7979"},"modified":"2024-11-25T11:26:06","modified_gmt":"2024-11-25T11:26:06","slug":"n140hcr-ga2-14-fhd-ips-lcd-zaslon-30-pin-mat-brez-dotika-novo-trak-vkljucen","status":"publish","type":"product","link":"https:\/\/pracek.si\/ekrani-za-prenosnike\/product\/n140hcr-ga2-14-fhd-ips-lcd-zaslon-30-pin-mat-brez-dotika-novo-trak-vkljucen\/","title":{"rendered":"N140HCR-GA2 14&#8243; FHD IPS LCD zaslon 30 Pin Mat Brez dotika, Novo, Trak vklju\u010den"},"content":{"rendered":"<p><strong>Dejanski model LCD ekrana: N140HCA-ELK REV C.2 \u2013 popolnoma zdru\u017eljiv z LCD ekranom N140HCR-GA2<\/strong><\/p>\n<p>Nadgradite svoj prenosnik z visokokakovostnim LCD zaslonom N140HCR-GA2. Ta 14-pal\u010dni zaslon z lo\u010dljivostjo Full HD (1920 x 1080) ponuja \u017eivahne barve in oster kontrast zahvaljujo\u010d IPS tehnologiji in mat povr\u0161ini. Zaslon prihaja brez zgornjih in spodnjih nosilcev, vendar vklju\u010duje dvostransko lepilno trak za enostavno namestitev. Namenjen je za naprave brez dotika, kar omogo\u010da jasno in brez odsevno izku\u0161njo gledanja. Ne glede na to, ali menjujete po\u0161kodovan zaslon ali nadgrajujete trenutni, N140HCR-GA2 zagotavlja odli\u010dno delovanje in zanesljivost. Stanje: Novo.<\/p>\n","protected":false},"excerpt":{"rendered":"<p>Ta 14&#8243; N140HCR-GA2 LCD zaslon ponuja lo\u010dljivost Full HD (1920 x 1080) z IPS tehnologijo za \u017eivahne barve in jasnost. Mat povr\u0161ina zmanj\u0161a ble\u0161\u010danje, 30-pin priklju\u010dek pa zagotavlja zdru\u017eljivost z razli\u010dnimi prenosniki. Brez zgornjih in spodnjih nosilcev, vklju\u010den dvostranski lepilni trak za enostavno namestitev. Razli\u010dica brez dotika, novo stanje. Odli\u010den za zamenjavo zaslona prenosnika.<\/p>\n","protected":false},"featured_media":7976,"template":"","meta":[],"product_brand":[],"product_cat":[51],"product_tag":[],"class_list":{"0":"post-7979","1":"product","2":"type-product","3":"status-publish","4":"has-post-thumbnail","6":"product_cat-51","8":"first","9":"instock","10":"taxable","11":"shipping-taxable","12":"purchasable","13":"product-type-simple"},"_links":{"self":[{"href":"https:\/\/pracek.si\/ekrani-za-prenosnike\/wp-json\/wp\/v2\/product\/7979","targetHints":{"allow":["GET"]}}],"collection":[{"href":"https:\/\/pracek.si\/ekrani-za-prenosnike\/wp-json\/wp\/v2\/product"}],"about":[{"href":"https:\/\/pracek.si\/ekrani-za-prenosnike\/wp-json\/wp\/v2\/types\/product"}],"wp:featuredmedia":[{"embeddable":true,"href":"https:\/\/pracek.si\/ekrani-za-prenosnike\/wp-json\/wp\/v2\/media\/7976"}],"wp:attachment":[{"href":"https:\/\/pracek.si\/ekrani-za-prenosnike\/wp-json\/wp\/v2\/media?parent=7979"}],"wp:term":[{"taxonomy":"product_brand","embeddable":true,"href":"https:\/\/pracek.si\/ekrani-za-prenosnike\/wp-json\/wp\/v2\/product_brand?post=7979"},{"taxonomy":"product_cat","embeddable":true,"href":"https:\/\/pracek.si\/ekrani-za-prenosnike\/wp-json\/wp\/v2\/product_cat?post=7979"},{"taxonomy":"product_tag","embeddable":true,"href":"https:\/\/pracek.si\/ekrani-za-prenosnike\/wp-json\/wp\/v2\/product_tag?post=7979"}],"curies":[{"name":"wp","href":"https:\/\/api.w.org\/{rel}","templated":true}]}}