{"id":7980,"date":"2024-11-23T12:56:39","date_gmt":"2024-11-23T12:56:39","guid":{"rendered":"https:\/\/pracek.si\/ekrani-za-prenosnike\/?post_type=product&#038;p=7980"},"modified":"2024-11-23T12:56:39","modified_gmt":"2024-11-23T12:56:39","slug":"b140han05-7-14-fhd-ips-lcd-zaslon-30-pinski-mat-dvostranski-trak-novo","status":"publish","type":"product","link":"https:\/\/pracek.si\/ekrani-za-prenosnike\/product\/b140han05-7-14-fhd-ips-lcd-zaslon-30-pinski-mat-dvostranski-trak-novo\/","title":{"rendered":"B140HAN05.7 14&#8243; FHD IPS LCD Zaslon, 30-pinski, Mat, Dvostranski Trak, Novo"},"content":{"rendered":"<p><strong>Dejanski model LCD ekrana: N140HCA-ELK REV C.2 \u2013 popolnoma zdru\u017eljiv z LCD ekranom B140HAN05.7<\/strong><\/p>\n<p>Posodobite svojo napravo z LCD zaslonom B140HAN05.7, visoko kakovostnim 14-pal\u010dnim zaslonom, ki zagotavlja \u017eivahne barve in ostra podrobnosti z lo\u010dljivostjo Full HD (1920 x 1080). Ta 30-pinski IPS zaslon ima mat povr\u0161ino za zmanj\u0161anje odsevov, kar je idealno tako za delo kot zabavo. Zaslon je razli\u010dica brez dotika, kar zagotavlja brezskrbno delovanje za uporabnike, ki ne potrebujejo funkcionalnosti na dotik. Zaslon prihaja brez zgornjih in spodnjih nosilcev, vendar vklju\u010duje dvostransko lepilno trak za enostavno namestitev. Ne glede na to, ali zamenjujete po\u0161kodovan zaslon ali nadgrajujete svoj zaslon, B140HAN05.7 ponuja izjemno zmogljivost in jasnost. Stanje: novo.<\/p>\n","protected":false},"excerpt":{"rendered":"<p>Posodobite svojo napravo z zaslonom B140HAN05.7 14&#8243;, Full HD, IPS, mat, 30-pinski. Vklju\u010duje dvostranski lepilni trak za enostavno namestitev. Stanje: novo.<\/p>\n<p>&nbsp;<\/p>\n","protected":false},"featured_media":7976,"template":"","meta":[],"product_brand":[],"product_cat":[51],"product_tag":[],"class_list":{"0":"post-7980","1":"product","2":"type-product","3":"status-publish","4":"has-post-thumbnail","6":"product_cat-51","8":"first","9":"instock","10":"taxable","11":"shipping-taxable","12":"purchasable","13":"product-type-simple"},"_links":{"self":[{"href":"https:\/\/pracek.si\/ekrani-za-prenosnike\/wp-json\/wp\/v2\/product\/7980","targetHints":{"allow":["GET"]}}],"collection":[{"href":"https:\/\/pracek.si\/ekrani-za-prenosnike\/wp-json\/wp\/v2\/product"}],"about":[{"href":"https:\/\/pracek.si\/ekrani-za-prenosnike\/wp-json\/wp\/v2\/types\/product"}],"wp:featuredmedia":[{"embeddable":true,"href":"https:\/\/pracek.si\/ekrani-za-prenosnike\/wp-json\/wp\/v2\/media\/7976"}],"wp:attachment":[{"href":"https:\/\/pracek.si\/ekrani-za-prenosnike\/wp-json\/wp\/v2\/media?parent=7980"}],"wp:term":[{"taxonomy":"product_brand","embeddable":true,"href":"https:\/\/pracek.si\/ekrani-za-prenosnike\/wp-json\/wp\/v2\/product_brand?post=7980"},{"taxonomy":"product_cat","embeddable":true,"href":"https:\/\/pracek.si\/ekrani-za-prenosnike\/wp-json\/wp\/v2\/product_cat?post=7980"},{"taxonomy":"product_tag","embeddable":true,"href":"https:\/\/pracek.si\/ekrani-za-prenosnike\/wp-json\/wp\/v2\/product_tag?post=7980"}],"curies":[{"name":"wp","href":"https:\/\/api.w.org\/{rel}","templated":true}]}}