{"id":7981,"date":"2024-11-23T13:03:11","date_gmt":"2024-11-23T13:03:11","guid":{"rendered":"https:\/\/pracek.si\/ekrani-za-prenosnike\/?post_type=product&#038;p=7981"},"modified":"2024-11-23T13:03:11","modified_gmt":"2024-11-23T13:03:11","slug":"14-n140hcg-gq2-rev-b1-lcd-fhd-1920x1080-ips-mat-30-pin-nov","status":"publish","type":"product","link":"https:\/\/pracek.si\/ekrani-za-prenosnike\/product\/14-n140hcg-gq2-rev-b1-lcd-fhd-1920x1080-ips-mat-30-pin-nov\/","title":{"rendered":"14&#8243; N140HCG-GQ2 Rev.B1 LCD, FHD 1920&#215;1080, IPS, mat, 30 pin, nov"},"content":{"rendered":"<p><strong>Dejanski model LCD ekrana: N140HCA-ELK REV C.2 \u2013 popolnoma zdru\u017eljiv z LCD ekranom N140HCG-GQ2 Rev.B1<\/strong><\/p>\n<p>Izbolj\u0161ajte svoj napravo s tem visokokakovostnim LCD zaslonom N140HCG-GQ2 Rev.B1. Ta 14&#8243; zaslon ponuja osupljivo Full HD (1920&#215;1080) lo\u010dljivost z IPS tehnologijo, ki zagotavlja \u017eivahne barve in \u0161iroke kote gledanja. Mat povr\u0161ina zmanj\u0161a odseve, zaradi \u010desar je idealen za razli\u010dne okolje. Z 30-pinsko povezavo je ta zaslon zdru\u017eljiv z razli\u010dnimi prenosniki. V paketu je prilo\u017een dvostranski lepilni trak za enostavno namestitev, zaslon pa ne vsebuje zgornjih in spodnjih monta\u017enih nosilcev, kar zagotavlja enostavno zamenjavo. Ne glede na to, ali popravljate ali nadgrajujete napravo, je ta zaslon popolnoma nov in pripravljen, da povrne jasnost in podrobnosti va\u0161emu zaslonu.<\/p>\n","protected":false},"excerpt":{"rendered":"<p>Zamenjajte ali nadgradite svoj prenosni ra\u010dunalnik z zaslonom N140HCG-GQ2 Rev.B1 14&#8243;. Ima Full HD 1920&#215;1080 lo\u010dljivost, IPS tehnologijo, mat povr\u0161ino in 30-pin povezavo. Vklju\u010duje dvostranski lepilni trak. Nov.<\/p>\n","protected":false},"featured_media":7976,"template":"","meta":[],"product_brand":[],"product_cat":[51],"product_tag":[],"class_list":{"0":"post-7981","1":"product","2":"type-product","3":"status-publish","4":"has-post-thumbnail","6":"product_cat-51","8":"first","9":"instock","10":"taxable","11":"shipping-taxable","12":"purchasable","13":"product-type-simple"},"_links":{"self":[{"href":"https:\/\/pracek.si\/ekrani-za-prenosnike\/wp-json\/wp\/v2\/product\/7981","targetHints":{"allow":["GET"]}}],"collection":[{"href":"https:\/\/pracek.si\/ekrani-za-prenosnike\/wp-json\/wp\/v2\/product"}],"about":[{"href":"https:\/\/pracek.si\/ekrani-za-prenosnike\/wp-json\/wp\/v2\/types\/product"}],"wp:featuredmedia":[{"embeddable":true,"href":"https:\/\/pracek.si\/ekrani-za-prenosnike\/wp-json\/wp\/v2\/media\/7976"}],"wp:attachment":[{"href":"https:\/\/pracek.si\/ekrani-za-prenosnike\/wp-json\/wp\/v2\/media?parent=7981"}],"wp:term":[{"taxonomy":"product_brand","embeddable":true,"href":"https:\/\/pracek.si\/ekrani-za-prenosnike\/wp-json\/wp\/v2\/product_brand?post=7981"},{"taxonomy":"product_cat","embeddable":true,"href":"https:\/\/pracek.si\/ekrani-za-prenosnike\/wp-json\/wp\/v2\/product_cat?post=7981"},{"taxonomy":"product_tag","embeddable":true,"href":"https:\/\/pracek.si\/ekrani-za-prenosnike\/wp-json\/wp\/v2\/product_tag?post=7981"}],"curies":[{"name":"wp","href":"https:\/\/api.w.org\/{rel}","templated":true}]}}