{"id":7983,"date":"2024-11-23T13:27:28","date_gmt":"2024-11-23T13:27:28","guid":{"rendered":"https:\/\/pracek.si\/ekrani-za-prenosnike\/?post_type=product&#038;p=7983"},"modified":"2024-11-23T13:27:28","modified_gmt":"2024-11-23T13:27:28","slug":"n69397-j91-14-fhd-ips-lcd-zaslon-1920x1080-brez-dotika-mat-30-pin-novo","status":"publish","type":"product","link":"https:\/\/pracek.si\/ekrani-za-prenosnike\/product\/n69397-j91-14-fhd-ips-lcd-zaslon-1920x1080-brez-dotika-mat-30-pin-novo\/","title":{"rendered":"N69397-J91 14&#8243; FHD IPS LCD zaslon 1920&#215;1080 brez dotika, mat, 30 pin &#8211; Novo"},"content":{"rendered":"<p><strong>Dejanski model LCD ekrana: N140HCA-ELK REV C.2 \u2013 popolnoma zdru\u017eljiv z LCD ekranom N69397-J91<\/strong><\/p>\n<p>Zaslon N69397-J91 je popolna izbira za nadgradnjo zaslona va\u0161ega prenosnika. Ta 14-pal\u010dni zaslon z lo\u010dljivostjo Full HD (1920 x 1080) ponuja izjemno jasnost slike in je idealen za delo ter zabavo. S tehnologijo IPS boste u\u017eivali v \u0161irokih kotih gledanja in naravnih barvah, medtem ko mat povr\u0161ina zmanj\u0161a odseve svetlobe in omogo\u010da udobnej\u0161e gledanje. Ta razli\u010dica brez zaslona na dotik je primerna za zamenjavo po\u0161kodovanih ali pokvarjenih zaslonov in vklju\u010duje dvosmerno lepilno trak za enostavno namestitev. Zdru\u017eljiv je s 30-pinski priklju\u010dki, zaslon pa ne vklju\u010duje zgornjih in spodnjih nosilcev, kar omogo\u010da enostavno namestitev v razli\u010dne modele prenosnikov. Stanje: Novo.<\/p>\n","protected":false},"excerpt":{"rendered":"<p>Zamenjajte po\u0161kodovan zaslon z N69397-J91 14&#8243; FHD IPS LCD zaslonom, lo\u010dljivost 1920&#215;1080, mat povr\u0161ina. Vklju\u010duje dvosmerni lepilni trak. Razli\u010dica brez dotika, novo stanje.<\/p>\n","protected":false},"featured_media":7976,"template":"","meta":[],"product_brand":[],"product_cat":[51],"product_tag":[],"class_list":{"0":"post-7983","1":"product","2":"type-product","3":"status-publish","4":"has-post-thumbnail","6":"product_cat-51","8":"first","9":"instock","10":"taxable","11":"shipping-taxable","12":"purchasable","13":"product-type-simple"},"_links":{"self":[{"href":"https:\/\/pracek.si\/ekrani-za-prenosnike\/wp-json\/wp\/v2\/product\/7983","targetHints":{"allow":["GET"]}}],"collection":[{"href":"https:\/\/pracek.si\/ekrani-za-prenosnike\/wp-json\/wp\/v2\/product"}],"about":[{"href":"https:\/\/pracek.si\/ekrani-za-prenosnike\/wp-json\/wp\/v2\/types\/product"}],"wp:featuredmedia":[{"embeddable":true,"href":"https:\/\/pracek.si\/ekrani-za-prenosnike\/wp-json\/wp\/v2\/media\/7976"}],"wp:attachment":[{"href":"https:\/\/pracek.si\/ekrani-za-prenosnike\/wp-json\/wp\/v2\/media?parent=7983"}],"wp:term":[{"taxonomy":"product_brand","embeddable":true,"href":"https:\/\/pracek.si\/ekrani-za-prenosnike\/wp-json\/wp\/v2\/product_brand?post=7983"},{"taxonomy":"product_cat","embeddable":true,"href":"https:\/\/pracek.si\/ekrani-za-prenosnike\/wp-json\/wp\/v2\/product_cat?post=7983"},{"taxonomy":"product_tag","embeddable":true,"href":"https:\/\/pracek.si\/ekrani-za-prenosnike\/wp-json\/wp\/v2\/product_tag?post=7983"}],"curies":[{"name":"wp","href":"https:\/\/api.w.org\/{rel}","templated":true}]}}