{"id":7984,"date":"2024-11-24T09:27:30","date_gmt":"2024-11-24T09:27:30","guid":{"rendered":"https:\/\/pracek.si\/ekrani-za-prenosnike\/?post_type=product&#038;p=7984"},"modified":"2024-12-12T08:30:55","modified_gmt":"2024-12-12T08:30:55","slug":"14-lenovo-lcd-ekran-5d10w73203-5d10r41286-fhd-ips-mat-30-pin-nov","status":"publish","type":"product","link":"https:\/\/pracek.si\/ekrani-za-prenosnike\/product\/14-lenovo-lcd-ekran-5d10w73203-5d10r41286-fhd-ips-mat-30-pin-nov\/","title":{"rendered":"14&#8243; Lenovo LCD ekran 5D10W73203, 5D10R41286 FHD IPS mat, 30-pin, nov"},"content":{"rendered":"<p><strong>Dejanski model LCD ekrana: N140HCA-ELK REV C.2 \u2013 popolnoma zdru\u017eljiv z LCD ekranom Lenovo PN 5D10W73203, 5D10R41286<\/strong><\/p>\n<p>Popolnoma nov 14&#8243; Lenovo LCD zaslon (\u0161tevilki delov 5D10W73203 in 5D10R41286) je zasnovan za natan\u010dnost in zanesljivost ter ponuja Full HD lo\u010dljivost (1920&#215;1080) z visokokakovostnim IPS mat zaslonom. Idealen za zamenjavo ali nadgradnjo, na voljo v razli\u010dici brez dotika in vklju\u010duje 30-pinski priklju\u010dek. Zaslon je brez zgornjih in spodnjih nosilcev, kar zagotavlja eleganten in neopazen videz. Paket vklju\u010duje tudi obojestranski lepilni trak, ki olaj\u0161a postopek namestitve. Odli\u010den za tiste, ki \u017eelijo obnoviti ali izbolj\u0161ati vizualno kakovost svojega prenosnika. Ta zaslon je originalni nadomestni del, popolnoma nov in izdelan po visokih standardih znamke Lenovo.<\/p>\n","protected":false},"excerpt":{"rendered":"<p>Popolnoma nov 14&#8243; Lenovo LCD zaslon (PN: 5D10W73203, 5D10R41286) z FHD IPS mat zaslonom. 30-pin, brez funkcije na dotik, prilo\u017een obojestranski lepilni trak. Idealna zamenjava za va\u0161 prenosnik.<\/p>\n","protected":false},"featured_media":7976,"template":"","meta":[],"product_brand":[],"product_cat":[51],"product_tag":[60],"class_list":{"0":"post-7984","1":"product","2":"type-product","3":"status-publish","4":"has-post-thumbnail","6":"product_cat-51","7":"product_tag-lenovo","9":"first","10":"instock","11":"taxable","12":"shipping-taxable","13":"purchasable","14":"product-type-simple"},"_links":{"self":[{"href":"https:\/\/pracek.si\/ekrani-za-prenosnike\/wp-json\/wp\/v2\/product\/7984","targetHints":{"allow":["GET"]}}],"collection":[{"href":"https:\/\/pracek.si\/ekrani-za-prenosnike\/wp-json\/wp\/v2\/product"}],"about":[{"href":"https:\/\/pracek.si\/ekrani-za-prenosnike\/wp-json\/wp\/v2\/types\/product"}],"wp:featuredmedia":[{"embeddable":true,"href":"https:\/\/pracek.si\/ekrani-za-prenosnike\/wp-json\/wp\/v2\/media\/7976"}],"wp:attachment":[{"href":"https:\/\/pracek.si\/ekrani-za-prenosnike\/wp-json\/wp\/v2\/media?parent=7984"}],"wp:term":[{"taxonomy":"product_brand","embeddable":true,"href":"https:\/\/pracek.si\/ekrani-za-prenosnike\/wp-json\/wp\/v2\/product_brand?post=7984"},{"taxonomy":"product_cat","embeddable":true,"href":"https:\/\/pracek.si\/ekrani-za-prenosnike\/wp-json\/wp\/v2\/product_cat?post=7984"},{"taxonomy":"product_tag","embeddable":true,"href":"https:\/\/pracek.si\/ekrani-za-prenosnike\/wp-json\/wp\/v2\/product_tag?post=7984"}],"curies":[{"name":"wp","href":"https:\/\/api.w.org\/{rel}","templated":true}]}}