{"id":7986,"date":"2024-11-24T08:51:08","date_gmt":"2024-11-24T08:51:08","guid":{"rendered":"https:\/\/pracek.si\/ekrani-za-prenosnike\/?post_type=product&#038;p=7986"},"modified":"2024-12-12T08:36:27","modified_gmt":"2024-12-12T08:36:27","slug":"161-lcd-zaslon-za-hp-omen-16-xd-fhd-144hz-mat-40-pin-nezaslon","status":"publish","type":"product","link":"https:\/\/pracek.si\/ekrani-za-prenosnike\/product\/161-lcd-zaslon-za-hp-omen-16-xd-fhd-144hz-mat-40-pin-nezaslon\/","title":{"rendered":"16,1&#8243; LCD zaslon za HP OMEN 16 xd &#8211; FHD 144Hz mat, 40-pin, nezaslon"},"content":{"rendered":"<p><strong>Dejanski model LCD ekrana: N161hma-gak REV. C3 ali n161hca-ga1 REV C.1 \u2013 popolnoma zdru\u017eljiv z LCD ekranom za prenmosnik HP OMEN 16 B0 \/ b00000\/ b0xxxx series<br \/>\n<\/strong><\/p>\n<p>Nadgradite svoj prenosnik iz serije <strong>HP OMEN 16 xd \/ xd0000 \/ xdxxxx<\/strong> z na\u0161im kakovostnim LCD zaslonom. Zasnovan za prenosnike <strong>HP OMEN 16 xd<\/strong>, je ta <strong>16,1-pal\u010dni nezaslon na dotik<\/strong> odli\u010dna izbira za modele, kot so <strong>16-B0000NC, 16-B0000NE, 16-B0000NH, 16-B0000NI<\/strong> in mnogi drugi iz serije.<\/p>\n<p>LCD zaslon z <strong>Full HD lo\u010dljivostjo (1920&#215;1080)<\/strong> ponuja vrhunsko vizualno izku\u0161njo z \u017eivimi barvami in gladkimi prehodi zahvaljujo\u010d <strong>osve\u017eevalni frekvenci 144 Hz<\/strong>. Ne glede na to, ali igrate igre, gledate filme ali delate, boste u\u017eivali v brezhibni sliki brez ble\u0161\u010danja. S svetilnostjo <strong>250 nitov<\/strong> zagotavlja jasno sliko tudi v razli\u010dnih svetlobnih pogojih.<\/p>\n<p>Klju\u010dne lastnosti:<\/p>\n<ul>\n<li><strong>Velikost<\/strong>: 16,1 palca<\/li>\n<li><strong>Lo\u010dljivost<\/strong>: FHD (1920&#215;1080)<\/li>\n<li><strong>Osve\u017eevalna frekvenca<\/strong>: 144 Hz<\/li>\n<li><strong>Svetilnost<\/strong>: 250 nitov<\/li>\n<li><strong>Povr\u0161ina<\/strong>: Mat<\/li>\n<li><strong>Priklop<\/strong>: 40-pin<\/li>\n<li><strong>Stanje<\/strong>: Novo<\/li>\n<\/ul>\n<p>Ta zamenjavi <strong>ekran<\/strong> je brez zgornjih in spodnjih nosilcev, kar omogo\u010da la\u017ejo in la\u017ejo namestitev. Prilo\u017een je <strong>dvostranski lepilni trak<\/strong>, ki zagotavlja varen in profesionalen videz. Zasnovan za visoko zmogljivost in zanesljivost, je ta <strong>LCD zaslon<\/strong> odli\u010dna izbira za igralce, ustvarjalce in profesionalce.<\/p>\n<p>Zdru\u017eljiv je z vrsto modelov iz serije <strong>HP OMEN 16<\/strong> (nezaslon na dotik). Pred nakupom preverite specifikacije svojega prenosnika.<\/p>\n<p>&nbsp;<\/p>\n<p><strong>Seznam nekaterih zdru\u017eljivih prenosnikov:<\/strong><\/p>\n<p>16-B0000NC, 16-B0000NE, 16-B0000NH, 16-B0000NI, 16-B0000NJ, 16-B0000NK, 16-B0000NL, 16-B0000NS, 16-B0000NV, 16-B0000NX, 16-B0000NY, 16-B0000TX, 16-B0000UR, 16-B0001NB, 16-B0001NC, 16-B0001NE, 16-B0001NH, 16-B0001NI, 16-B0001NIA, 16-B0001NJ, 16-B0001NK, 16-B0001NT, 16-B0001NV, 16-B0001NX, 16-B0001TX, 16-B0001UR, 16-B0002NB, 16-B0002NC, 16-B0002NE, 16-B0002NH, 16-B0002NI, 16-B0002NJ, 16-B0002NK, 16-B0002NL, 16-B0002NM, 16-B0002NS, 16-B0002NT, 16-B0002NV, 16-B0002NX<br \/>\n, 16-B0002NY, 16-B0002TX, 16-B0003NE, 16-B0003NH, 16-B0003NI, 16-B0003NIA, 16-B0003NJ, 16-B0003NM, 16-B0003NT, 16-B0003NX, 16-B0003TX, 16-B0003UR, 16-B0004NA, 16-B0004NH, 16-B0004NI, 16-B0004NJ, 16-B0004NL, 16-B0004NQ, 16-B0004NV, 16-B0004NX, 16-B0004NY, 16-B0004TX, 16-B0005DX, 16-B0005NE, 16-B0005NH, 16-B0005NJ, 16-B0005NK, 16-B0005NL, 16-B0005NO, 16-B0005NP, 16-B0005NQ, 16-B0005NU, 16-B0005NV, 16-B0005NX, 16-B0005TX, 16-B0006NB, 16-B0006NH, 16-B0006NS, 16-B0006NT, 16-B0006NV, 16-B0006NX, 16-B0006TX, 16-B0007NE, 16-B0007NIA, 16-B0007NJ, 16-B0007NL, 16-B0007NM, 16-B0007NP, 16-B0007NQ, 16-B0007NV, 16-B0007NX, 16-B0007TX, 16-B0007UR, 16-B0008CA, 16-B0008NA, 16-B0008NK, 16-B0008NO, 16-B0008NQ, 16-B0008NX, 16-B0008TX, 16-b0012nl, 16-b0013nl, 16-b0013dx, 16-b0351tx, 16-b0509la, 16-b0009na,<\/p>\n<p>&nbsp;<\/p>\n","protected":false},"excerpt":{"rendered":"<p>Kakovosten <strong>16,1-pal\u010dni FHD mat ekran<\/strong> za prenosnike serije <strong>HP OMEN 16 xd<\/strong>. Ponuja <strong>osve\u017eevalno frekvenco 144 Hz<\/strong>, <strong>svetilnost 250 nitov<\/strong> in <strong>40-pinski priklop<\/strong>. Prilo\u017een je dvostranski lepilni trak za enostavno monta\u017eo. Zdru\u017eljiv z nezaslonskimi modeli, kot so <strong>16-B0000NC, 16-B0000NE<\/strong> in drugi.<\/p>\n","protected":false},"featured_media":7632,"template":"","meta":[],"product_brand":[],"product_cat":[66],"product_tag":[62],"class_list":{"0":"post-7986","1":"product","2":"type-product","3":"status-publish","4":"has-post-thumbnail","6":"product_cat-16-1","7":"product_tag-hp","9":"first","10":"instock","11":"taxable","12":"shipping-taxable","13":"purchasable","14":"product-type-simple"},"_links":{"self":[{"href":"https:\/\/pracek.si\/ekrani-za-prenosnike\/wp-json\/wp\/v2\/product\/7986","targetHints":{"allow":["GET"]}}],"collection":[{"href":"https:\/\/pracek.si\/ekrani-za-prenosnike\/wp-json\/wp\/v2\/product"}],"about":[{"href":"https:\/\/pracek.si\/ekrani-za-prenosnike\/wp-json\/wp\/v2\/types\/product"}],"wp:featuredmedia":[{"embeddable":true,"href":"https:\/\/pracek.si\/ekrani-za-prenosnike\/wp-json\/wp\/v2\/media\/7632"}],"wp:attachment":[{"href":"https:\/\/pracek.si\/ekrani-za-prenosnike\/wp-json\/wp\/v2\/media?parent=7986"}],"wp:term":[{"taxonomy":"product_brand","embeddable":true,"href":"https:\/\/pracek.si\/ekrani-za-prenosnike\/wp-json\/wp\/v2\/product_brand?post=7986"},{"taxonomy":"product_cat","embeddable":true,"href":"https:\/\/pracek.si\/ekrani-za-prenosnike\/wp-json\/wp\/v2\/product_cat?post=7986"},{"taxonomy":"product_tag","embeddable":true,"href":"https:\/\/pracek.si\/ekrani-za-prenosnike\/wp-json\/wp\/v2\/product_tag?post=7986"}],"curies":[{"name":"wp","href":"https:\/\/api.w.org\/{rel}","templated":true}]}}