{"id":7988,"date":"2024-11-24T14:43:51","date_gmt":"2024-11-24T14:43:51","guid":{"rendered":"https:\/\/pracek.si\/ekrani-za-prenosnike\/?post_type=product&#038;p=7988"},"modified":"2024-12-12T08:30:55","modified_gmt":"2024-12-12T08:30:55","slug":"nov-zaslon-lenovo-ideapad-3-chrome-14-fhd-lcd-30-pin-ips-mat-brez-dotika","status":"publish","type":"product","link":"https:\/\/pracek.si\/ekrani-za-prenosnike\/product\/nov-zaslon-lenovo-ideapad-3-chrome-14-fhd-lcd-30-pin-ips-mat-brez-dotika\/","title":{"rendered":"Nov zaslon Lenovo IdeaPad 3 Chrome 14&#8243; FHD LCD 30-pin, IPS, Mat, Brez dotika"},"content":{"rendered":"<p><strong>Dejanski model LCD ekrana: N140HCA-ELK REV C.2 \u2013 popolnoma zdru\u017eljiv z LCD ekranom Lenovo IdeaPad 3 Chrome 14M836<\/strong><\/p>\n<p>Zamenjajte zaslon na svojem Lenovo IdeaPad 3 Chrome z visokokakovostnim 14-pal\u010dnim LCD zaslonom. Ta razli\u010dica brez zaslona na dotik ponuja lo\u010dljivost Full HD 1920 x 1080 za osupljive vizualne podobe in \u017eivahne barve, zahvaljujo\u010d IPS tehnologiji panela. Zaslon ima mat povr\u0161ino, ki zmanj\u0161a odseve, kar ga naredi popolnega za delo in zabavo v razli\u010dnih svetlobnih pogojih. Zaslon vklju\u010duje 30-pinske priklju\u010dke in dvosmerno lepilno trak za enostavno monta\u017eo. Ne vklju\u010duje zgornjih in spodnjih okvirjev, kar pomeni, da je primeren za uporabnike, ki \u017ee imajo zdru\u017eljiv okvir. Ta povsem nov zaslon je odli\u010dna izbira za zamenjavo po\u0161kodovanega ali okvarjenega zaslona.<\/p>\n","protected":false},"excerpt":{"rendered":"<p>Zamenjajte zaslon na Lenovo IdeaPad 3 Chrome z 14-pal\u010dnim FHD IPS zaslonom z mat povr\u0161ino. Vklju\u010duje dvosmerni lepilni trak, 30-pinski priklju\u010dek in je povsem nov.<\/p>\n<p>&nbsp;<\/p>\n","protected":false},"featured_media":7976,"template":"","meta":[],"product_brand":[],"product_cat":[51],"product_tag":[60],"class_list":{"0":"post-7988","1":"product","2":"type-product","3":"status-publish","4":"has-post-thumbnail","6":"product_cat-51","7":"product_tag-lenovo","9":"first","10":"instock","11":"taxable","12":"shipping-taxable","13":"purchasable","14":"product-type-simple"},"_links":{"self":[{"href":"https:\/\/pracek.si\/ekrani-za-prenosnike\/wp-json\/wp\/v2\/product\/7988","targetHints":{"allow":["GET"]}}],"collection":[{"href":"https:\/\/pracek.si\/ekrani-za-prenosnike\/wp-json\/wp\/v2\/product"}],"about":[{"href":"https:\/\/pracek.si\/ekrani-za-prenosnike\/wp-json\/wp\/v2\/types\/product"}],"wp:featuredmedia":[{"embeddable":true,"href":"https:\/\/pracek.si\/ekrani-za-prenosnike\/wp-json\/wp\/v2\/media\/7976"}],"wp:attachment":[{"href":"https:\/\/pracek.si\/ekrani-za-prenosnike\/wp-json\/wp\/v2\/media?parent=7988"}],"wp:term":[{"taxonomy":"product_brand","embeddable":true,"href":"https:\/\/pracek.si\/ekrani-za-prenosnike\/wp-json\/wp\/v2\/product_brand?post=7988"},{"taxonomy":"product_cat","embeddable":true,"href":"https:\/\/pracek.si\/ekrani-za-prenosnike\/wp-json\/wp\/v2\/product_cat?post=7988"},{"taxonomy":"product_tag","embeddable":true,"href":"https:\/\/pracek.si\/ekrani-za-prenosnike\/wp-json\/wp\/v2\/product_tag?post=7988"}],"curies":[{"name":"wp","href":"https:\/\/api.w.org\/{rel}","templated":true}]}}