{"id":7989,"date":"2024-11-24T14:49:24","date_gmt":"2024-11-24T14:49:24","guid":{"rendered":"https:\/\/pracek.si\/ekrani-za-prenosnike\/?post_type=product&#038;p=7989"},"modified":"2024-12-12T08:30:55","modified_gmt":"2024-12-12T08:30:55","slug":"nov-14-lcd-zaslon-za-lenovo-ideapad-c340-14api-fhd-ips-brez-na-dotik-30-pin","status":"publish","type":"product","link":"https:\/\/pracek.si\/ekrani-za-prenosnike\/product\/nov-14-lcd-zaslon-za-lenovo-ideapad-c340-14api-fhd-ips-brez-na-dotik-30-pin\/","title":{"rendered":"Nov 14&#8243; LCD zaslon za Lenovo IDEAPAD C340-14API FHD IPS brez na dotik 30-pin"},"content":{"rendered":"<p><strong>Dejanski model LCD ekrana: N140HCA-ELK REV C.2 \u2013 popolnoma zdru\u017eljiv z LCD ekranom Lenovo IDEAPAD C340-14API<\/strong><\/p>\n<p>Zamenjajte zaslon na prenosniku Lenovo IDEAPAD C340-14API z visokokakovostnim LCD zaslonom. Ta zaslon je zasnovan za razli\u010dico brez na dotik, ponuja impresivno lo\u010dljivost Full HD (1920 x 1080), kar zagotavlja ostre slike in \u017eivahne barve. S panelom IPS u\u017eivajte v \u0161ir\u0161ih kotih gledanja, mat povr\u0161ina pa zmanj\u0161uje odseve, kar je popolno za uporabo tako v notranjosti kot na prostem. Zaslon ima 30-pin priklju\u010dek, brez zgornjih in spodnjih nosilcev, vendar vklju\u010duje dvostransko lepilno trak za enostavno namestitev. Stanje: popolnoma nov, zaslon je pripravljen za obnovo zaslona va\u0161ega prenosnika v prvotno kakovost.<\/p>\n","protected":false},"excerpt":{"rendered":"<p>Zamenjajte zaslon na prenosniku Lenovo IDEAPAD C340-14API z 14&#8243; FHD IPS LCD zaslonom, mat povr\u0161ino, 30-pin, brez na dotik. Vklju\u010den lepilni trak.<\/p>\n","protected":false},"featured_media":7976,"template":"","meta":[],"product_brand":[],"product_cat":[51],"product_tag":[60],"class_list":{"0":"post-7989","1":"product","2":"type-product","3":"status-publish","4":"has-post-thumbnail","6":"product_cat-51","7":"product_tag-lenovo","9":"first","10":"instock","11":"taxable","12":"shipping-taxable","13":"purchasable","14":"product-type-simple"},"_links":{"self":[{"href":"https:\/\/pracek.si\/ekrani-za-prenosnike\/wp-json\/wp\/v2\/product\/7989","targetHints":{"allow":["GET"]}}],"collection":[{"href":"https:\/\/pracek.si\/ekrani-za-prenosnike\/wp-json\/wp\/v2\/product"}],"about":[{"href":"https:\/\/pracek.si\/ekrani-za-prenosnike\/wp-json\/wp\/v2\/types\/product"}],"wp:featuredmedia":[{"embeddable":true,"href":"https:\/\/pracek.si\/ekrani-za-prenosnike\/wp-json\/wp\/v2\/media\/7976"}],"wp:attachment":[{"href":"https:\/\/pracek.si\/ekrani-za-prenosnike\/wp-json\/wp\/v2\/media?parent=7989"}],"wp:term":[{"taxonomy":"product_brand","embeddable":true,"href":"https:\/\/pracek.si\/ekrani-za-prenosnike\/wp-json\/wp\/v2\/product_brand?post=7989"},{"taxonomy":"product_cat","embeddable":true,"href":"https:\/\/pracek.si\/ekrani-za-prenosnike\/wp-json\/wp\/v2\/product_cat?post=7989"},{"taxonomy":"product_tag","embeddable":true,"href":"https:\/\/pracek.si\/ekrani-za-prenosnike\/wp-json\/wp\/v2\/product_tag?post=7989"}],"curies":[{"name":"wp","href":"https:\/\/api.w.org\/{rel}","templated":true}]}}