{"id":7990,"date":"2024-11-24T14:56:28","date_gmt":"2024-11-24T14:56:28","guid":{"rendered":"https:\/\/pracek.si\/ekrani-za-prenosnike\/?post_type=product&#038;p=7990"},"modified":"2024-12-12T08:36:27","modified_gmt":"2024-12-12T08:36:27","slug":"nov-14-lcd-zaslon-za-hp-elitebook-840-g5-g6-fhd-1920x1080-ips-mat-brez-dotika","status":"publish","type":"product","link":"https:\/\/pracek.si\/ekrani-za-prenosnike\/product\/nov-14-lcd-zaslon-za-hp-elitebook-840-g5-g6-fhd-1920x1080-ips-mat-brez-dotika\/","title":{"rendered":"Nov 14&#8243; LCD zaslon za HP EliteBook 840 G5 G6 FHD 1920&#215;1080 IPS Mat brez dotika"},"content":{"rendered":"<p><strong>Dejanski model LCD ekrana: N140HCA-ELK REV C.2 \u2013 popolnoma zdru\u017eljiv z LCD ekranom HP ELITEBOOK 840 G5 &amp; G6<\/strong><\/p>\n<p>Zamenjajte zaslon na svojem HP EliteBook 840 G5 &amp; G6 z visokokakovostnim 14-pal\u010dnim LCD zaslonom. Ta razli\u010dica brez zaslona na dotik ponuja osupljivo Full HD (1920 x 1080) lo\u010dljivost, ki zagotavlja kristalno jasne slike na IPS mat zaslonu. 30-pinski priklop zagotavlja brezskrbno zdru\u017eljivost, zaslon pa prihaja brez zgornjih in spodnjih nosilcev, kar omogo\u010da enostavno namestitev v va\u0161e naprave. Poleg tega je v paketu dvojno lepilna samolepilna trak, ki omogo\u010da preprosto monta\u017eo. Ne glede na to, ali potrebujete zamenjavo po\u0161kodovanega zaslona ali nadgradnjo naprave, je ta nov LCD zaslon idealna izbira za ohranitev vrhunske zmogljivosti in videza va\u0161ega HP EliteBooka.<\/p>\n","protected":false},"excerpt":{"rendered":"<p>Ta 14-pal\u010dni LCD zaslon za HP EliteBook 840 G5 &amp; G6 je brez zaslona na dotik, FHD 1920 x 1080 IPS mat zaslon. Vklju\u010den je dvojno lepilni trak, zaslon pa prihaja brez zgornjih in spodnjih nosilcev. Nov, s 30-pinskim priklopom za popolno prileganje.<\/p>\n","protected":false},"featured_media":7976,"template":"","meta":[],"product_brand":[],"product_cat":[51],"product_tag":[62],"class_list":{"0":"post-7990","1":"product","2":"type-product","3":"status-publish","4":"has-post-thumbnail","6":"product_cat-51","7":"product_tag-hp","9":"first","10":"instock","11":"taxable","12":"shipping-taxable","13":"purchasable","14":"product-type-simple"},"_links":{"self":[{"href":"https:\/\/pracek.si\/ekrani-za-prenosnike\/wp-json\/wp\/v2\/product\/7990","targetHints":{"allow":["GET"]}}],"collection":[{"href":"https:\/\/pracek.si\/ekrani-za-prenosnike\/wp-json\/wp\/v2\/product"}],"about":[{"href":"https:\/\/pracek.si\/ekrani-za-prenosnike\/wp-json\/wp\/v2\/types\/product"}],"wp:featuredmedia":[{"embeddable":true,"href":"https:\/\/pracek.si\/ekrani-za-prenosnike\/wp-json\/wp\/v2\/media\/7976"}],"wp:attachment":[{"href":"https:\/\/pracek.si\/ekrani-za-prenosnike\/wp-json\/wp\/v2\/media?parent=7990"}],"wp:term":[{"taxonomy":"product_brand","embeddable":true,"href":"https:\/\/pracek.si\/ekrani-za-prenosnike\/wp-json\/wp\/v2\/product_brand?post=7990"},{"taxonomy":"product_cat","embeddable":true,"href":"https:\/\/pracek.si\/ekrani-za-prenosnike\/wp-json\/wp\/v2\/product_cat?post=7990"},{"taxonomy":"product_tag","embeddable":true,"href":"https:\/\/pracek.si\/ekrani-za-prenosnike\/wp-json\/wp\/v2\/product_tag?post=7990"}],"curies":[{"name":"wp","href":"https:\/\/api.w.org\/{rel}","templated":true}]}}