{"id":7991,"date":"2024-11-24T15:12:18","date_gmt":"2024-11-24T15:12:18","guid":{"rendered":"https:\/\/pracek.si\/ekrani-za-prenosnike\/?post_type=product&#038;p=7991"},"modified":"2024-12-12T08:38:44","modified_gmt":"2024-12-12T08:38:44","slug":"acer-swift-1-sf114-34-c1px-14-fhd-ips-lcd-zaslon-mat-brez-nosilcev-nov","status":"publish","type":"product","link":"https:\/\/pracek.si\/ekrani-za-prenosnike\/product\/acer-swift-1-sf114-34-c1px-14-fhd-ips-lcd-zaslon-mat-brez-nosilcev-nov\/","title":{"rendered":"ACER Swift 1 SF114-34-C1PX 14&#8243; FHD IPS LCD zaslon, mat, brez nosilcev, nov"},"content":{"rendered":"<p><strong>Dejanski model LCD ekrana: N140HCA-ELK REV C.2 \u2013 popolnoma zdru\u017eljiv z LCD ekranom ACER SWIFT 1 SF114-34-C1PX<\/strong><\/p>\n<p>Nadgradite ali zamenjajte zaslon na svojem Acer Swift 1 SF114-34-C1PX z visokokakovostnim 14-pal\u010dnim FHD LCD zaslonom. Ta razli\u010dica brez dotika ima mat povr\u0161ino, ki zagotavlja odli\u010dno jasnost in udobno gledanje z lo\u010dljivostjo 1920 x 1080. Uporablja napredno IPS tehnologijo, ki ponuja \u017eive barve in \u0161iroke vidne kote. Z 30-pinskim priklju\u010dkom in brez zgornjih ter spodnjih nosilcev je zasnovan za enostavno vgradnjo v va\u0161o napravo. Zaslon vklju\u010duje tudi dvostranski lepilni trak za preprosto namestitev. Idealen za vse, ki i\u0161\u010dejo nov, zanesljiv zaslon za svoj prenosnik Acer Swift 1. Stanje: novo.<\/p>\n","protected":false},"excerpt":{"rendered":"<p>Zamenjava LCD zaslona za Acer Swift 1 SF114-34-C1PX, 14&#8243; FHD, IPS, mat. 30-pinski priklju\u010dek, brez nosilcev, vklju\u010den dvostranski lepilni trak. Stanje: novo.<\/p>\n","protected":false},"featured_media":7976,"template":"","meta":[],"product_brand":[],"product_cat":[51],"product_tag":[59],"class_list":{"0":"post-7991","1":"product","2":"type-product","3":"status-publish","4":"has-post-thumbnail","6":"product_cat-51","7":"product_tag-acer","9":"first","10":"instock","11":"taxable","12":"shipping-taxable","13":"purchasable","14":"product-type-simple"},"_links":{"self":[{"href":"https:\/\/pracek.si\/ekrani-za-prenosnike\/wp-json\/wp\/v2\/product\/7991","targetHints":{"allow":["GET"]}}],"collection":[{"href":"https:\/\/pracek.si\/ekrani-za-prenosnike\/wp-json\/wp\/v2\/product"}],"about":[{"href":"https:\/\/pracek.si\/ekrani-za-prenosnike\/wp-json\/wp\/v2\/types\/product"}],"wp:featuredmedia":[{"embeddable":true,"href":"https:\/\/pracek.si\/ekrani-za-prenosnike\/wp-json\/wp\/v2\/media\/7976"}],"wp:attachment":[{"href":"https:\/\/pracek.si\/ekrani-za-prenosnike\/wp-json\/wp\/v2\/media?parent=7991"}],"wp:term":[{"taxonomy":"product_brand","embeddable":true,"href":"https:\/\/pracek.si\/ekrani-za-prenosnike\/wp-json\/wp\/v2\/product_brand?post=7991"},{"taxonomy":"product_cat","embeddable":true,"href":"https:\/\/pracek.si\/ekrani-za-prenosnike\/wp-json\/wp\/v2\/product_cat?post=7991"},{"taxonomy":"product_tag","embeddable":true,"href":"https:\/\/pracek.si\/ekrani-za-prenosnike\/wp-json\/wp\/v2\/product_tag?post=7991"}],"curies":[{"name":"wp","href":"https:\/\/api.w.org\/{rel}","templated":true}]}}