{"id":7994,"date":"2024-11-24T15:35:37","date_gmt":"2024-11-24T15:35:37","guid":{"rendered":"https:\/\/pracek.si\/ekrani-za-prenosnike\/?post_type=product&#038;p=7994"},"modified":"2024-11-24T15:35:37","modified_gmt":"2024-11-24T15:35:37","slug":"14-fhd-lcd-zaslon-5d10w42366-ips-brez-dotika-1920x1080-mat-30-pin-novo","status":"publish","type":"product","link":"https:\/\/pracek.si\/ekrani-za-prenosnike\/product\/14-fhd-lcd-zaslon-5d10w42366-ips-brez-dotika-1920x1080-mat-30-pin-novo\/","title":{"rendered":"14&#8243; FHD LCD Zaslon 5D10W42366 IPS Brez Dotika 1920&#215;1080 Mat 30 Pin Novo"},"content":{"rendered":"<p><strong>Dejanski model LCD ekrana: N140HCA-ELK REV C.2 \u2013 popolnoma zdru\u017eljiv z LCD ekranom 5D10W42366<\/strong><\/p>\n<p>Izbolj\u0161ajte svojo napravo z visokokakovostnim 14&#8243; LCD zaslonom (\u0161tevilka dela: 5D10W42366), ki ponuja izjemno jasnost in \u017eivahne barve. Ta razli\u010dica brez dotika ima impresivno lo\u010dljivost Full HD 1920 x 1080 pik, kar omogo\u010da ostrine slike in \u017eivahne detajle. Z 30-pinsko povezavo je zaslon zasnovan za razli\u010dne prenosnike in je idealen za tiste, ki i\u0161\u010dejo zanesljiv nadomestek za obstoje\u010di zaslon.<\/p>\n<p>Zaslon je opremljen s tehnologijo IPS, ki zagotavlja odli\u010dno natan\u010dnost barv in \u0161iroke kote gledanja. Ne glede na to, ali delate, gledate videoposnetke ali igrate igre, mat zaklju\u010dek zmanj\u0161uje odseve, izbolj\u0161uje vidljivost in zmanj\u0161uje napetost o\u010di. Poleg tega zaslon vklju\u010duje dvoslojno lepilno trak za enostavno namestitev, brez zgornjih in spodnjih nosilcev, zaradi \u010desar je primeren za \u0161irok spekter prenosnikov.<\/p>\n<p>Ta izdelek je v popolnoma novem stanju, pripravljen za namestitev in zagotavljanje odli\u010dne zmogljivosti va\u0161emu prenosniku.<\/p>\n","protected":false},"excerpt":{"rendered":"<p>Zamenjajte zaslon prenosnika s 14&#8243; FHD IPS LCD zaslonom (5D10W42366). Brez dotika, 30-pin, mat, vklju\u010duje dvoslojni lepilni trak. Novo stanje.<\/p>\n<p>&nbsp;<\/p>\n","protected":false},"featured_media":7976,"template":"","meta":[],"product_brand":[],"product_cat":[51],"product_tag":[],"class_list":{"0":"post-7994","1":"product","2":"type-product","3":"status-publish","4":"has-post-thumbnail","6":"product_cat-51","8":"first","9":"instock","10":"taxable","11":"shipping-taxable","12":"purchasable","13":"product-type-simple"},"_links":{"self":[{"href":"https:\/\/pracek.si\/ekrani-za-prenosnike\/wp-json\/wp\/v2\/product\/7994","targetHints":{"allow":["GET"]}}],"collection":[{"href":"https:\/\/pracek.si\/ekrani-za-prenosnike\/wp-json\/wp\/v2\/product"}],"about":[{"href":"https:\/\/pracek.si\/ekrani-za-prenosnike\/wp-json\/wp\/v2\/types\/product"}],"wp:featuredmedia":[{"embeddable":true,"href":"https:\/\/pracek.si\/ekrani-za-prenosnike\/wp-json\/wp\/v2\/media\/7976"}],"wp:attachment":[{"href":"https:\/\/pracek.si\/ekrani-za-prenosnike\/wp-json\/wp\/v2\/media?parent=7994"}],"wp:term":[{"taxonomy":"product_brand","embeddable":true,"href":"https:\/\/pracek.si\/ekrani-za-prenosnike\/wp-json\/wp\/v2\/product_brand?post=7994"},{"taxonomy":"product_cat","embeddable":true,"href":"https:\/\/pracek.si\/ekrani-za-prenosnike\/wp-json\/wp\/v2\/product_cat?post=7994"},{"taxonomy":"product_tag","embeddable":true,"href":"https:\/\/pracek.si\/ekrani-za-prenosnike\/wp-json\/wp\/v2\/product_tag?post=7994"}],"curies":[{"name":"wp","href":"https:\/\/api.w.org\/{rel}","templated":true}]}}