{"id":7995,"date":"2024-11-24T15:42:01","date_gmt":"2024-11-24T15:42:01","guid":{"rendered":"https:\/\/pracek.si\/ekrani-za-prenosnike\/?post_type=product&#038;p=7995"},"modified":"2024-12-12T08:30:55","modified_gmt":"2024-12-12T08:30:55","slug":"lenovo-thinkpad-e490-t490-e14-t14-14-fhd-lcd-zaslon-mat-ips-30-pin-nov","status":"publish","type":"product","link":"https:\/\/pracek.si\/ekrani-za-prenosnike\/product\/lenovo-thinkpad-e490-t490-e14-t14-14-fhd-lcd-zaslon-mat-ips-30-pin-nov\/","title":{"rendered":"Lenovo ThinkPad E490 T490 E14 T14 14&#8243; FHD LCD zaslon Mat IPS 30 Pin Nov"},"content":{"rendered":"<p><strong>Dejanski model LCD ekrana: N140HCA-ELK REV C.2 \u2013 popolnoma zdru\u017eljiv z LCD ekranom za prenosnik Lenovo Thinkpad E490 E490s T490 E14 T14 20RA 20RB<\/strong><\/p>\n<p>Posodobite svoj prenosnik Lenovo z visoko kakovostnim, popolnoma novim LCD zaslonom. Zaslon je zasnovan za modele, kot so Lenovo ThinkPad E490, E490s, T490, E14, T14 (20RA, 20RB), in ponuja 14-pal\u010dno velikost, 30-pinsko povezavo, Full HD (1920&#215;1080) lo\u010dljivost ter IPS tehnologijo za \u017eivahne barve in \u0161iroke kote gledanja. Mat povr\u0161ina zmanj\u0161a odseve svetlobe, zato je zaslon idealen za delo v razli\u010dnih svetlobnih pogojih. Zaslon prihaja brez zgornjih in spodnjih nosilcev, vendar vklju\u010duje dvosmerno lepilno nalepko za enostavno monta\u017eo. Ne glede na to, ali zamenjujete zlomljen zaslon ali nadgrajujete za bolj\u0161o jasnost, bo ta zaslon popoln za va\u0161 prenosnik Lenovo.<\/p>\n","protected":false},"excerpt":{"rendered":"<p>14&#8243; LCD zaslon za Lenovo ThinkPad E490, T490, E14, T14 (20RA, 20RB). FHD, IPS, mat. Novo stanje, vklju\u010dena dvosmerna lepilna nalepka.<\/p>\n","protected":false},"featured_media":7976,"template":"","meta":[],"product_brand":[],"product_cat":[51],"product_tag":[60],"class_list":{"0":"post-7995","1":"product","2":"type-product","3":"status-publish","4":"has-post-thumbnail","6":"product_cat-51","7":"product_tag-lenovo","9":"first","10":"instock","11":"taxable","12":"shipping-taxable","13":"purchasable","14":"product-type-simple"},"_links":{"self":[{"href":"https:\/\/pracek.si\/ekrani-za-prenosnike\/wp-json\/wp\/v2\/product\/7995","targetHints":{"allow":["GET"]}}],"collection":[{"href":"https:\/\/pracek.si\/ekrani-za-prenosnike\/wp-json\/wp\/v2\/product"}],"about":[{"href":"https:\/\/pracek.si\/ekrani-za-prenosnike\/wp-json\/wp\/v2\/types\/product"}],"wp:featuredmedia":[{"embeddable":true,"href":"https:\/\/pracek.si\/ekrani-za-prenosnike\/wp-json\/wp\/v2\/media\/7976"}],"wp:attachment":[{"href":"https:\/\/pracek.si\/ekrani-za-prenosnike\/wp-json\/wp\/v2\/media?parent=7995"}],"wp:term":[{"taxonomy":"product_brand","embeddable":true,"href":"https:\/\/pracek.si\/ekrani-za-prenosnike\/wp-json\/wp\/v2\/product_brand?post=7995"},{"taxonomy":"product_cat","embeddable":true,"href":"https:\/\/pracek.si\/ekrani-za-prenosnike\/wp-json\/wp\/v2\/product_cat?post=7995"},{"taxonomy":"product_tag","embeddable":true,"href":"https:\/\/pracek.si\/ekrani-za-prenosnike\/wp-json\/wp\/v2\/product_tag?post=7995"}],"curies":[{"name":"wp","href":"https:\/\/api.w.org\/{rel}","templated":true}]}}