{"id":7997,"date":"2024-11-24T15:50:00","date_gmt":"2024-11-24T15:50:00","guid":{"rendered":"https:\/\/pracek.si\/ekrani-za-prenosnike\/?post_type=product&#038;p=7997"},"modified":"2024-12-12T08:36:27","modified_gmt":"2024-12-12T08:36:27","slug":"nov-14-lcd-zaslon-za-hp-elitebook-745-g6-fhd-ips-mat-brez-okvirjev","status":"publish","type":"product","link":"https:\/\/pracek.si\/ekrani-za-prenosnike\/product\/nov-14-lcd-zaslon-za-hp-elitebook-745-g6-fhd-ips-mat-brez-okvirjev\/","title":{"rendered":"Nov 14&#8243; LCD zaslon za HP EliteBook 745 G6, FHD, IPS, mat, brez okvirjev"},"content":{"rendered":"<p><strong>Dejanski model LCD ekrana: N140HCA-ELK REV C.2 \u2013 popolnoma zdru\u017eljiv z LCD ekranom za prenosnik HP EliteBook 745 G6<\/strong><\/p>\n<p>Izbolj\u0161ajte svoj HP EliteBook 745 G6 z visoko kakovostnim LCD zaslonom brez na dotik funkcije. Ta 14-pal\u010dni zaslon ponuja izjemno FHD lo\u010dljivost 1920 x 1080, ki omogo\u010da jasne in ostre slike na IPS zaslonu z mat povr\u0161ino, ki zmanj\u0161a ble\u0161\u010danje. Povezava s 30-pin priklju\u010dkom omogo\u010da enostavno namestitev in zamenjavo, vklju\u010dena je dvojna lepljiva trak za dodatno udobje. Zaslon je brez zgornjih in spodnjih okvirjev, kar omogo\u010da popolno prileganje va\u0161im potrebam po zaslonu. Zaslon je v povsem novem stanju, kar zagotavlja optimalno delovanje in dolgo \u017eivljenjsko dobo. Idealno za uporabnike, ki \u017eelijo zamenjati po\u0161kodovan ali nefunkcionalen zaslon.<\/p>\n","protected":false},"excerpt":{"rendered":"<p>Nov 14&#8243; LCD zaslon za HP EliteBook 745 G6. FHD, IPS, mat, 30-pin, vklju\u010den lepljiv trak. Brez zgornjega\/spodnjega okvirja.<\/p>\n","protected":false},"featured_media":7976,"template":"","meta":[],"product_brand":[],"product_cat":[51],"product_tag":[62],"class_list":{"0":"post-7997","1":"product","2":"type-product","3":"status-publish","4":"has-post-thumbnail","6":"product_cat-51","7":"product_tag-hp","9":"first","10":"instock","11":"taxable","12":"shipping-taxable","13":"purchasable","14":"product-type-simple"},"_links":{"self":[{"href":"https:\/\/pracek.si\/ekrani-za-prenosnike\/wp-json\/wp\/v2\/product\/7997","targetHints":{"allow":["GET"]}}],"collection":[{"href":"https:\/\/pracek.si\/ekrani-za-prenosnike\/wp-json\/wp\/v2\/product"}],"about":[{"href":"https:\/\/pracek.si\/ekrani-za-prenosnike\/wp-json\/wp\/v2\/types\/product"}],"wp:featuredmedia":[{"embeddable":true,"href":"https:\/\/pracek.si\/ekrani-za-prenosnike\/wp-json\/wp\/v2\/media\/7976"}],"wp:attachment":[{"href":"https:\/\/pracek.si\/ekrani-za-prenosnike\/wp-json\/wp\/v2\/media?parent=7997"}],"wp:term":[{"taxonomy":"product_brand","embeddable":true,"href":"https:\/\/pracek.si\/ekrani-za-prenosnike\/wp-json\/wp\/v2\/product_brand?post=7997"},{"taxonomy":"product_cat","embeddable":true,"href":"https:\/\/pracek.si\/ekrani-za-prenosnike\/wp-json\/wp\/v2\/product_cat?post=7997"},{"taxonomy":"product_tag","embeddable":true,"href":"https:\/\/pracek.si\/ekrani-za-prenosnike\/wp-json\/wp\/v2\/product_tag?post=7997"}],"curies":[{"name":"wp","href":"https:\/\/api.w.org\/{rel}","templated":true}]}}