{"id":7998,"date":"2024-11-24T15:56:24","date_gmt":"2024-11-24T15:56:24","guid":{"rendered":"https:\/\/pracek.si\/ekrani-za-prenosnike\/?post_type=product&#038;p=7998"},"modified":"2024-11-24T15:56:24","modified_gmt":"2024-11-24T15:56:24","slug":"14-nv140fhm-n4k-lcd-zaslon-fhd-1920x1080-ips-mat-brez-dotika-30-pin-novo","status":"publish","type":"product","link":"https:\/\/pracek.si\/ekrani-za-prenosnike\/product\/14-nv140fhm-n4k-lcd-zaslon-fhd-1920x1080-ips-mat-brez-dotika-30-pin-novo\/","title":{"rendered":"14&#8243; NV140FHM-N4K LCD zaslon FHD 1920&#215;1080 IPS mat brez dotika 30 pin novo"},"content":{"rendered":"<p><strong>Dejanski model LCD ekrana: N140HCA-ELK REV C.2 \u2013 popolnoma zdru\u017eljiv z LCD ekranom NV140FHM-N4K<\/strong><\/p>\n<p>Izbolj\u0161ajte zaslon va\u0161ega naprave z LCD zaslonom NV140FHM-N4K. Ta 14-pal\u010dni zaslon, lo\u010dljivosti Full HD (1920 x 1080), je razli\u010dica brez dotika, popolna za tiste, ki i\u0161\u010dejo visoko kakovostno vizualno izku\u0161njo. Zaslon je opremljen s tehnologijo IPS, ki zagotavlja \u017eivahne barve in \u0161iroke kote gledanja za vrhunsko izku\u0161njo gledanja. Z mat povr\u0161ino zmanj\u0161a odseve in ble\u0161\u010danje, kar ga naredi idealnega za uporabo v svetlih okoljih. Povezan je z 30-pinskim konektorjem in vklju\u010duje dvostranski lepilni trak za enostavno monta\u017eo. Prosimo, upo\u0161tevajte, da zaslon ne vklju\u010duje zgornjih in spodnjih nosilcev, kar vam omogo\u010da enostavno integracijo v va\u0161o napravo. Stanje: novo.<\/p>\n","protected":false},"excerpt":{"rendered":"<p>14&#8243; LCD zaslon NV140FHM-N4K, 1920&#215;1080, IPS, mat, brez dotika, 30 pin, novo, dvostranski lepilni trak vklju\u010den.<\/p>\n","protected":false},"featured_media":7976,"template":"","meta":[],"product_brand":[],"product_cat":[51],"product_tag":[],"class_list":{"0":"post-7998","1":"product","2":"type-product","3":"status-publish","4":"has-post-thumbnail","6":"product_cat-51","8":"first","9":"instock","10":"taxable","11":"shipping-taxable","12":"purchasable","13":"product-type-simple"},"_links":{"self":[{"href":"https:\/\/pracek.si\/ekrani-za-prenosnike\/wp-json\/wp\/v2\/product\/7998","targetHints":{"allow":["GET"]}}],"collection":[{"href":"https:\/\/pracek.si\/ekrani-za-prenosnike\/wp-json\/wp\/v2\/product"}],"about":[{"href":"https:\/\/pracek.si\/ekrani-za-prenosnike\/wp-json\/wp\/v2\/types\/product"}],"wp:featuredmedia":[{"embeddable":true,"href":"https:\/\/pracek.si\/ekrani-za-prenosnike\/wp-json\/wp\/v2\/media\/7976"}],"wp:attachment":[{"href":"https:\/\/pracek.si\/ekrani-za-prenosnike\/wp-json\/wp\/v2\/media?parent=7998"}],"wp:term":[{"taxonomy":"product_brand","embeddable":true,"href":"https:\/\/pracek.si\/ekrani-za-prenosnike\/wp-json\/wp\/v2\/product_brand?post=7998"},{"taxonomy":"product_cat","embeddable":true,"href":"https:\/\/pracek.si\/ekrani-za-prenosnike\/wp-json\/wp\/v2\/product_cat?post=7998"},{"taxonomy":"product_tag","embeddable":true,"href":"https:\/\/pracek.si\/ekrani-za-prenosnike\/wp-json\/wp\/v2\/product_tag?post=7998"}],"curies":[{"name":"wp","href":"https:\/\/api.w.org\/{rel}","templated":true}]}}