{"id":8004,"date":"2024-11-25T09:43:20","date_gmt":"2024-11-25T09:43:20","guid":{"rendered":"https:\/\/pracek.si\/ekrani-za-prenosnike\/?post_type=product&#038;p=8004"},"modified":"2024-12-12T08:36:27","modified_gmt":"2024-12-12T08:36:27","slug":"hp-14-ee-14-fhd-ips-lcd-zaslon-30-pin-brez-dotika-mat-nov-lepljiv-trak","status":"publish","type":"product","link":"https:\/\/pracek.si\/ekrani-za-prenosnike\/product\/hp-14-ee-14-fhd-ips-lcd-zaslon-30-pin-brez-dotika-mat-nov-lepljiv-trak\/","title":{"rendered":"HP 14-ee 14&#8243; FHD IPS LCD Zaslon 30-pin Brez Dotika Mat &#8211; Nov, Lepljiv Trak"},"content":{"rendered":"<p><strong>Dejanski model LCD ekrana: N140HCA-ELK REV C.2 \u2013 popolnoma zdru\u017eljiv z LCD ekranom HP 14-ee series<\/strong><\/p>\n<p>Izbolj\u0161ajte svoj prenosnik HP 14-ee serije s to visoko kakovostno LCD zamenjavo brez dotika. Ta 14-pal\u010dni zaslon ima 30-pin povezavo in nudi oster FHD zaslon (1920 x 1080) z IPS matiranim zaslonom. Z \u017eivahnimi barvami in \u0161irokimi koti gledanja boste u\u017eivali v superiorni vizualni izku\u0161nji pri delu ali zabavi. Zaslon je brez zgornjih in spodnjih nosilcev ter vklju\u010duje dvosmerno lepilno trak za enostavno namestitev. Ne glede na to, ali zamenjujete po\u0161kodovan zaslon ali nadgrajujete svojo napravo, je ta nov, vrhunski LCD panel zanesljiva izbira za va\u0161 HP prenosnik.<\/p>\n","protected":false},"excerpt":{"rendered":"<p>Zamenjajte zaslon prenosnika HP 14-ee serije s tem 14&#8243; FHD IPS mat LCD zaslonom, 30-pin, brez dotika, vklju\u010duje lepilni trak.<\/p>\n","protected":false},"featured_media":7976,"template":"","meta":[],"product_brand":[],"product_cat":[51],"product_tag":[62],"class_list":{"0":"post-8004","1":"product","2":"type-product","3":"status-publish","4":"has-post-thumbnail","6":"product_cat-51","7":"product_tag-hp","9":"first","10":"instock","11":"taxable","12":"shipping-taxable","13":"purchasable","14":"product-type-simple"},"_links":{"self":[{"href":"https:\/\/pracek.si\/ekrani-za-prenosnike\/wp-json\/wp\/v2\/product\/8004","targetHints":{"allow":["GET"]}}],"collection":[{"href":"https:\/\/pracek.si\/ekrani-za-prenosnike\/wp-json\/wp\/v2\/product"}],"about":[{"href":"https:\/\/pracek.si\/ekrani-za-prenosnike\/wp-json\/wp\/v2\/types\/product"}],"wp:featuredmedia":[{"embeddable":true,"href":"https:\/\/pracek.si\/ekrani-za-prenosnike\/wp-json\/wp\/v2\/media\/7976"}],"wp:attachment":[{"href":"https:\/\/pracek.si\/ekrani-za-prenosnike\/wp-json\/wp\/v2\/media?parent=8004"}],"wp:term":[{"taxonomy":"product_brand","embeddable":true,"href":"https:\/\/pracek.si\/ekrani-za-prenosnike\/wp-json\/wp\/v2\/product_brand?post=8004"},{"taxonomy":"product_cat","embeddable":true,"href":"https:\/\/pracek.si\/ekrani-za-prenosnike\/wp-json\/wp\/v2\/product_cat?post=8004"},{"taxonomy":"product_tag","embeddable":true,"href":"https:\/\/pracek.si\/ekrani-za-prenosnike\/wp-json\/wp\/v2\/product_tag?post=8004"}],"curies":[{"name":"wp","href":"https:\/\/api.w.org\/{rel}","templated":true}]}}