{"id":8007,"date":"2024-11-25T10:33:10","date_gmt":"2024-11-25T10:33:10","guid":{"rendered":"https:\/\/pracek.si\/ekrani-za-prenosnike\/?post_type=product&#038;p=8007"},"modified":"2024-12-12T08:34:07","modified_gmt":"2024-12-12T08:34:07","slug":"14-lcd-zaslon-za-hp-14-fc-serijo-fhd-ips-brez-dotika-30-pin-mat-nov","status":"publish","type":"product","link":"https:\/\/pracek.si\/ekrani-za-prenosnike\/product\/14-lcd-zaslon-za-hp-14-fc-serijo-fhd-ips-brez-dotika-30-pin-mat-nov\/","title":{"rendered":"14&#8243; LCD zaslon za HP 14-fc serijo FHD IPS brez dotika, 30-pin, mat, nov"},"content":{"rendered":"<p><strong>Dejanski model LCD ekrana: N140HCA-ELK REV C.2 \u2013 popolnoma zdru\u017eljiv z LCD ekranom HP 14-fc series<\/strong><\/p>\n<p>Zamenjajte zaslon svojega prenosnika HP 14-fc serije z visokokakovostnim 14&#8243; LCD zaslonom. Zaslon je zasnovan za razli\u010dico brez na dotik, ponuja lo\u010dljivost Full HD (1920 x 1080) za jasne in ostre slike pri vsakodnevnih nalogah. Zaslon z IPS tehnologijo omogo\u010da \u017eivahne barve in \u0161iroke kote gledanja, medtem ko mat povr\u0161ina zmanj\u0161a odseve, kar je idealno za delo v razli\u010dnih svetlobnih pogojih. Zaslon prihaja brez zgornjih in spodnjih nosilcev, vklju\u010duje pa dvojno lepljivo nalepko za enostavno namestitev. Ta povsem nov LCD je popoln za zamenjavo po\u0161kodovanega zaslona in obnovitev zmogljivosti va\u0161ega naprave.<\/p>\n","protected":false},"excerpt":{"rendered":"<p>14&#8243; LCD zaslon za HP 14-fc serijo, Full HD, IPS, mat, 30-pin, brez dotika, nov, z dvojno lepljivo nalepko.<\/p>\n","protected":false},"featured_media":7976,"template":"","meta":[],"product_brand":[],"product_cat":[51],"product_tag":[62],"class_list":{"0":"post-8007","1":"product","2":"type-product","3":"status-publish","4":"has-post-thumbnail","6":"product_cat-51","7":"product_tag-hp","9":"first","10":"instock","11":"taxable","12":"shipping-taxable","13":"purchasable","14":"product-type-simple"},"_links":{"self":[{"href":"https:\/\/pracek.si\/ekrani-za-prenosnike\/wp-json\/wp\/v2\/product\/8007","targetHints":{"allow":["GET"]}}],"collection":[{"href":"https:\/\/pracek.si\/ekrani-za-prenosnike\/wp-json\/wp\/v2\/product"}],"about":[{"href":"https:\/\/pracek.si\/ekrani-za-prenosnike\/wp-json\/wp\/v2\/types\/product"}],"wp:featuredmedia":[{"embeddable":true,"href":"https:\/\/pracek.si\/ekrani-za-prenosnike\/wp-json\/wp\/v2\/media\/7976"}],"wp:attachment":[{"href":"https:\/\/pracek.si\/ekrani-za-prenosnike\/wp-json\/wp\/v2\/media?parent=8007"}],"wp:term":[{"taxonomy":"product_brand","embeddable":true,"href":"https:\/\/pracek.si\/ekrani-za-prenosnike\/wp-json\/wp\/v2\/product_brand?post=8007"},{"taxonomy":"product_cat","embeddable":true,"href":"https:\/\/pracek.si\/ekrani-za-prenosnike\/wp-json\/wp\/v2\/product_cat?post=8007"},{"taxonomy":"product_tag","embeddable":true,"href":"https:\/\/pracek.si\/ekrani-za-prenosnike\/wp-json\/wp\/v2\/product_tag?post=8007"}],"curies":[{"name":"wp","href":"https:\/\/api.w.org\/{rel}","templated":true}]}}