{"id":8011,"date":"2024-11-25T10:49:54","date_gmt":"2024-11-25T10:49:54","guid":{"rendered":"https:\/\/pracek.si\/ekrani-za-prenosnike\/?post_type=product&#038;p=8011"},"modified":"2024-12-12T08:34:07","modified_gmt":"2024-12-12T08:34:07","slug":"14-lcd-zaslon-hp-14-ca-serija-fhd-1920x1080-ips-mat-brez-na-dotik-30-pin","status":"publish","type":"product","link":"https:\/\/pracek.si\/ekrani-za-prenosnike\/product\/14-lcd-zaslon-hp-14-ca-serija-fhd-1920x1080-ips-mat-brez-na-dotik-30-pin\/","title":{"rendered":"14&#8243; LCD zaslon HP 14-ca serija FHD 1920&#215;1080 IPS Mat Brez na dotik 30 Pin"},"content":{"rendered":"<p><strong>Dejanski model LCD ekrana: N140HCA-ELK REV C.2 \u2013 popolnoma zdru\u017eljiv z LCD ekranom HP 14-ca series<\/strong><\/p>\n<p>Izbolj\u0161ajte zaslon va\u0161ega prenosnika HP 14-ca serije s tem visokokakovostnim, popolnoma novim 14-pal\u010dnim LCD zaslonom. Ta razli\u010dica brez na dotik omogo\u010da lo\u010dljivost Full HD 1920 x 1080, ki zagotavlja ostra in \u017eivahna besedila z IPS panelom za superiorno natan\u010dnost barv in \u0161iroke kote gledanja. Zaslon je brez zgornjih in spodnjih nosilcev, kar pomeni, da je idealen za nadomestne dele ali popravila. Mat premaz zmanj\u0161a ble\u0161\u010danje, kar omogo\u010da jasen pogled tudi pod mo\u010dnej\u0161o svetlobo. Povezava z 30-pinskim konektorjem zagotavlja zdru\u017eljivost z va\u0161im prenosnikom, vklju\u010den je tudi dvostranski samolepilni trak za enostavno namestitev. Ta zaslon je popoln za obnovo zaslona va\u0161ega prenosnika v originalno stanje in ponuja brezskrbno in profesionalno re\u0161itev.<\/p>\n","protected":false},"excerpt":{"rendered":"<p>Popolnoma nov 14&#8243; LCD zaslon za HP 14-ca serijo. 1920&#215;1080, IPS, mat premaz. Vklju\u010duje 30-pinski konektor in samolepilni trak. Razli\u010dica brez na dotik.<\/p>\n","protected":false},"featured_media":7976,"template":"","meta":[],"product_brand":[],"product_cat":[51],"product_tag":[62],"class_list":{"0":"post-8011","1":"product","2":"type-product","3":"status-publish","4":"has-post-thumbnail","6":"product_cat-51","7":"product_tag-hp","9":"first","10":"instock","11":"taxable","12":"shipping-taxable","13":"purchasable","14":"product-type-simple"},"_links":{"self":[{"href":"https:\/\/pracek.si\/ekrani-za-prenosnike\/wp-json\/wp\/v2\/product\/8011","targetHints":{"allow":["GET"]}}],"collection":[{"href":"https:\/\/pracek.si\/ekrani-za-prenosnike\/wp-json\/wp\/v2\/product"}],"about":[{"href":"https:\/\/pracek.si\/ekrani-za-prenosnike\/wp-json\/wp\/v2\/types\/product"}],"wp:featuredmedia":[{"embeddable":true,"href":"https:\/\/pracek.si\/ekrani-za-prenosnike\/wp-json\/wp\/v2\/media\/7976"}],"wp:attachment":[{"href":"https:\/\/pracek.si\/ekrani-za-prenosnike\/wp-json\/wp\/v2\/media?parent=8011"}],"wp:term":[{"taxonomy":"product_brand","embeddable":true,"href":"https:\/\/pracek.si\/ekrani-za-prenosnike\/wp-json\/wp\/v2\/product_brand?post=8011"},{"taxonomy":"product_cat","embeddable":true,"href":"https:\/\/pracek.si\/ekrani-za-prenosnike\/wp-json\/wp\/v2\/product_cat?post=8011"},{"taxonomy":"product_tag","embeddable":true,"href":"https:\/\/pracek.si\/ekrani-za-prenosnike\/wp-json\/wp\/v2\/product_tag?post=8011"}],"curies":[{"name":"wp","href":"https:\/\/api.w.org\/{rel}","templated":true}]}}