{"id":8016,"date":"2024-11-28T10:33:05","date_gmt":"2024-11-28T10:33:05","guid":{"rendered":"https:\/\/pracek.si\/ekrani-za-prenosnike\/?post_type=product&#038;p=8016"},"modified":"2024-12-12T08:34:07","modified_gmt":"2024-12-12T08:34:07","slug":"ekran-za-hp-omen-16-wd-serijo-16-1-fhd-144hz-mat-40-pin-nov","status":"publish","type":"product","link":"https:\/\/pracek.si\/ekrani-za-prenosnike\/product\/ekran-za-hp-omen-16-wd-serijo-16-1-fhd-144hz-mat-40-pin-nov\/","title":{"rendered":"Ekran za HP OMEN 16-WD serijo, 16.1&#8243;, FHD 144Hz mat, 40 pin, nov"},"content":{"rendered":"<p><strong>Dejanski model LCD ekrana: N161hma-gak REV. C3 ali n161hca-ga1 REV C.1 \u2013 popolnoma zdru\u017eljiv z LCD ekranom za prenosnike serije HP OMEN 16 WD \/ WD00000\/ WDxxxx<br \/>\n<\/strong><\/p>\n<p>Izbolj\u0161ajte svoj prenosnik HP OMEN 16-WD serije z visokokakovostnim nadomestnim LCD zaslonom. Zdru\u017eljiv z modeli, kot so 16-WD0000CA, 16-WD0000NA in drugi iz te serije, ta 16,1-pal\u010dni ekran ponuja Full HD lo\u010dljivost, hitrost osve\u017eevanja 144 Hz in svetlost 250 nitov za ostro in \u017eivo sliko.<\/p>\n<p>Mat povr\u0161ina zmanj\u0161a odsev in omogo\u010da optimalno uporabo, ne glede na to, ali igrate igre, delate ali gledate vsebine. Ekran ima 40-pinski priklju\u010dek in vklju\u010duje dvostranski lepilni trak za hitro in enostavno namestitev.<\/p>\n<p><strong>Glavne zna\u010dilnosti:<\/strong><\/p>\n<ul>\n<li><strong>Zdru\u017eljivost:<\/strong> HP OMEN 16-WD serija (16-WD0000, 16-WD0001, 16-WD0003 itd.)<\/li>\n<li><strong>Velikost zaslona:<\/strong> 16,1 palcev<\/li>\n<li><strong>Lo\u010dljivost:<\/strong> Full HD (1920&#215;1080)<\/li>\n<li><strong>Hitrost osve\u017eevanja:<\/strong> 144 Hz<\/li>\n<li><strong>Svetlost:<\/strong> 250 nitov<\/li>\n<li><strong>Povr\u0161ina:<\/strong> Mat (protiodsevna)<\/li>\n<li><strong>Priklju\u010dek:<\/strong> 40-pinski<\/li>\n<li><strong>Stanje:<\/strong> Popolnoma nov<\/li>\n<\/ul>\n<p>Prosimo, upo\u0161tevajte: To je zamenjava za zaslon brez funkcije na dotik in brez zgornjih ter spodnjih nosilcev.<\/p>\n<p>Ta ekran je odli\u010dna izbira za igralce, \u0161tudente in profesionalce, ki potrebujejo vrhunsko kakovost slike in zmogljivost.<\/p>\n<p>&nbsp;<\/p>\n<p><strong>Seznam nekaterih zdru\u017eljivih prenosnikov:<\/strong><\/p>\n<p>16-WD0000CA, 16-WD0000NA, 16-WD0000NE, 16-WD0000NIA, 16-WD0000NJ, 16-WD0000NK, 16-WD0000NM, 16-WD0000NQ, 16-WD0000NS, 16-WD0000NT, 16-WD0000NU, 16-WD0000NV, 16-WD0000NX, 16-WD0000SA, 16-WD0000SL, 16-WD0000TX, 16-WD0000UA, 16-WD0001CI, 16-WD0001NB, 16-WD0001NI, 16-WD0001NK, 16-WD0001NL, 16-WD0001NN, 16-WD0001NS, 16-WD0001NT, 16-WD0001NV, 16-WD0001NX, 16-WD0001SL, 16-WD0001TX, 16-WD0001UA, 16-WD0002CI, 16-WD0002LA, 16-WD0002NIA, 16-WD0002NK, 16-WD0002NN, 16-WD0002NP, 16-WD0002NS, 16-WD0002NT, 16-WD0002SL, 16-WD0002TX, 16-WD0002UA, 16-WD0003CI, 16-WD0003LA, 16-WD0003NIA, 16-WD0003NK, 16-WD0003NS, 16-WD0003NT, 16-WD0003NV, 16-WD0003SL, 16-WD0003TX, 16-WD0004CI, 16-WD0004NB, 16-WD0004NIA, 16-WD0004NJ, 16-WD0004NL, 16-WD0004NS, 16-WD0004NT, 16-WD0004TX, 16-WD0004UA, 16-WD0005CI, 16-WD0005NE, 16-WD0005NIA, 16-WD0005NJ, 16-WD0005NL, 16-WD0005NN, 16-WD0005NO, 16-WD0005NS, 16-WD0005NT, 16-WD0005NV, 16-WD0005UA, 16-WD0006CI, 16-WD0006NE, 16-WD0006NL, 16-WD0006NS, 16-WD0006NT, 16-WD0007CI, 16-WD0007NE, 16-WD0007NIA, 16-WD0007NL, 16-WD0007NS, 16-WD0007NT, 16-WD0008CA, 16-WD0008CI, 16-WD0008NB, 16-WD0008NP, 16-WD0008NS, 16-WD0008NT, 16-WD0009CI, 16-WD0009NB, 16-WD0009NIA, 16-WD0009NS, 16-WD0009NT, 16-WD0010CA, 16-WD0010CI, 16-WD0010NB, 16-WD0010NIA, 16-WD0010NS, 16-WD0011CI, 16-WD0011NO, 16-wd0063dx, 16-wd0770tx, 16-wd0990tx, 16-wd0012tx, 16-wd0880tx<\/p>\n<p>&nbsp;<\/p>\n","protected":false},"excerpt":{"rendered":"<p>Nadgradite svoj prenosnik HP OMEN 16-WD serije z novim 16,1-pal\u010dnim FHD LCD zaslonom. S hitrostjo osve\u017eevanja 144 Hz, mat povr\u0161ino in svetlostjo 250 nitov zagotavlja vrhunsko vizualno izku\u0161njo. Prilo\u017een je dvostranski lepilni trak za enostavno monta\u017eo.<\/p>\n","protected":false},"featured_media":7632,"template":"","meta":[],"product_brand":[],"product_cat":[66],"product_tag":[62],"class_list":{"0":"post-8016","1":"product","2":"type-product","3":"status-publish","4":"has-post-thumbnail","6":"product_cat-16-1","7":"product_tag-hp","9":"first","10":"instock","11":"taxable","12":"shipping-taxable","13":"purchasable","14":"product-type-simple"},"_links":{"self":[{"href":"https:\/\/pracek.si\/ekrani-za-prenosnike\/wp-json\/wp\/v2\/product\/8016","targetHints":{"allow":["GET"]}}],"collection":[{"href":"https:\/\/pracek.si\/ekrani-za-prenosnike\/wp-json\/wp\/v2\/product"}],"about":[{"href":"https:\/\/pracek.si\/ekrani-za-prenosnike\/wp-json\/wp\/v2\/types\/product"}],"wp:featuredmedia":[{"embeddable":true,"href":"https:\/\/pracek.si\/ekrani-za-prenosnike\/wp-json\/wp\/v2\/media\/7632"}],"wp:attachment":[{"href":"https:\/\/pracek.si\/ekrani-za-prenosnike\/wp-json\/wp\/v2\/media?parent=8016"}],"wp:term":[{"taxonomy":"product_brand","embeddable":true,"href":"https:\/\/pracek.si\/ekrani-za-prenosnike\/wp-json\/wp\/v2\/product_brand?post=8016"},{"taxonomy":"product_cat","embeddable":true,"href":"https:\/\/pracek.si\/ekrani-za-prenosnike\/wp-json\/wp\/v2\/product_cat?post=8016"},{"taxonomy":"product_tag","embeddable":true,"href":"https:\/\/pracek.si\/ekrani-za-prenosnike\/wp-json\/wp\/v2\/product_tag?post=8016"}],"curies":[{"name":"wp","href":"https:\/\/api.w.org\/{rel}","templated":true}]}}