{"id":8023,"date":"2024-11-28T13:25:29","date_gmt":"2024-11-28T13:25:29","guid":{"rendered":"https:\/\/pracek.si\/ekrani-za-prenosnike\/?post_type=product&#038;p=8023"},"modified":"2024-12-12T08:34:07","modified_gmt":"2024-12-12T08:34:07","slug":"hp-victus-15-fb-serija-15-6-fhd-144hz-ips-mat-lcd-zaslon-40-pin-nov","status":"publish","type":"product","link":"https:\/\/pracek.si\/ekrani-za-prenosnike\/product\/hp-victus-15-fb-serija-15-6-fhd-144hz-ips-mat-lcd-zaslon-40-pin-nov\/","title":{"rendered":"HP Victus 15 FB serija, 15.6&#8243; FHD, 144Hz, IPS, mat LCD zaslon, 40-pin, nov"},"content":{"rendered":"<p><strong>Dejanski model LCD ekrana: n156hra-ea1 REV C1 \/ N156HRA-GAA Rev.c1 \/ N156HMA-GA1 REV C2 \u2013 popolnoma zdru\u017eljiv z LCD ekranom za prenosnike serije HP Victus 15 FB \/ FB0000 \/ FBxxxx<br \/>\n<\/strong><\/p>\n<p>Nadgradite svoj HP Victus 15 FB serijo z visokokakovostnim 15,6-pal\u010dnim FHD IPS ekranom. Z lo\u010dljivostjo 144Hz, mat povr\u0161ino in 40-pinskim priklju\u010dkom bo ta LCD zaslon zagotovil kristalno jasne slike in gladko delovanje. Vklju\u010duje dvostranski lepilni trak za preprosto monta\u017eo.<\/p>\n<p>Klju\u010dne zna\u010dilnosti:<\/p>\n<ul>\n<li><strong>Velikost zaslona\/ekrana:<\/strong> 15,6 palca<\/li>\n<li><strong>Lo\u010dljivost:<\/strong> Full HD (1920&#215;1080)<\/li>\n<li><strong>Osve\u017eevanje:<\/strong> 144Hz za izjemno gladke slike<\/li>\n<li><strong>Tip panela:<\/strong> IPS za \u0161irok kot gledanja in \u017eivahne barve<\/li>\n<li><strong>Povr\u0161ina:<\/strong> Mat, zmanj\u0161a ble\u0161\u010danje za udobno uporabo<\/li>\n<li><strong>Priklju\u010dek:<\/strong> 40-pin<\/li>\n<li><strong>Stanje:<\/strong> Nov<\/li>\n<\/ul>\n<p>Ta LCD zaslon je brez zgornjih in spodnjih nosilcev, vklju\u010duje pa dvostranski lepilni trak za enostavno monta\u017eo. Odli\u010den nadomestek za po\u0161kodovane zaslone, ki bo va\u0161 prenosnik znova vrnil v vrhunsko formo.<\/p>\n<p>Zdru\u017eljiv z ve\u010d modeli HP Victus 15 FB serije (npr. 15-FB0000AX, 15-FB0001NE in drugi). Nadgradite zdaj za vrhunsko kakovost slike!<\/p>\n<p>&nbsp;<\/p>\n<p><strong>Seznam nekaterih zdru\u017eljivih prenosnikov:<br \/>\n<\/strong><\/p>\n<p>15-FB0000AX, 15-FB0000CA, 15-FB0000CI, 15-FB0000NE, 15-FB0000NI, 15-FB0000NK, 15-FB0000NM, 15-FB0000NP, 15-B0000NQ, 15-FB0000NS, 15-FB0000NT, 15-FB0000NX, 15-FB0000SA, 15-FB0000SF, 15-FB0000SL, 15-FB0000UA, 15-FB0000UR, 15-FB0001AX, 15-FB0001CI, 15-FB0001NB, 15-FB0001NE, 15-FB0001NI, 15-FB0001NK, 15-FB0001NL, 15-FB0001NM, 15-B0001NP, 15-FB0001NQ, 15-FB0001NS, 15-FB0001NT, 15-FB0001NX, 15-FB0001SA, 15-FB0001SL, 15-FB0001UA, 15-FB0001UR, 15-FB0002AX, 15-FB0002CI, 15-FB0002NA, 15-FB0002NE, 15-FB0002NK, 15-FB0002NL, 15-FB0002NM, 15-FB0002NQ, 15-B0002NS, 15-FB0002NT, 15-FB0002NU, 15-FB0002NV, 15-FB0002SA, 15-FB0002SF, 15-FB0002SL, 15-FB0002UA, 15-FB0003CA, 15-FB0003CI, 15-FB0003NA, 15-FB0003NE, 15-FB0003NIA, 15-FB0003NK, 15-FB0003NL, 15-FB0003NM, 15-FB0003NP, 15-B0003NQ, 15-FB0003NR, 15-FB0003NS, 15-FB0003NT, 15-FB0003NV, 15-FB0003SF, 15-FB0003SL, 15-FB0003UA, 15-FB0004AX, 15-FB0004CI, 15-FB0004NE, 15-FB0004NI, 15-FB0004NK, 15-FB0004NM, 15-FB0004NP, 15-FB0004NQ, 15-FB0004NS, 15-B0004NT, 15-FB0004SL, 15-FB0004UA, 15-FB0005AX, 15-FB0005CI, 15-FB0005NA, 15-FB0005NE, 15-FB0005NK, 15-FB0005NL, 15-FB0005NM, 15-FB0005NP, 15-FB0005NQ, 15-FB0005NS, 15-FB0005NT, 15-FB0005SL, 15-FB0005UA, 15-FB0006AX, 15-B0006CI, 15-FB0006NB, 15-FB0006NE, 15-FB0006NI, 15-FB0006NK, 15-FB0006NL, 15- fb2024nm, 15-fb2021nm, 15-fb1008nm, 15-fb0042nm, 15-fb2082wm, 15-fb2900ng<\/p>\n<p>&nbsp;<\/p>\n","protected":false},"excerpt":{"rendered":"<p>Nadgradite svoj HP Victus 15 FB serijo z visokokakovostnim 15,6-pal\u010dnim FHD IPS ekranom. Z lo\u010dljivostjo 144Hz, mat povr\u0161ino in 40-pinskim priklju\u010dkom bo ta LCD zaslon zagotovil kristalno jasne slike in gladko delovanje. Vklju\u010duje dvostranski lepilni trak za preprosto monta\u017eo.<\/p>\n","protected":false},"featured_media":7673,"template":"","meta":[],"product_brand":[],"product_cat":[50],"product_tag":[62],"class_list":{"0":"post-8023","1":"product","2":"type-product","3":"status-publish","4":"has-post-thumbnail","6":"product_cat-15-6","7":"product_tag-hp","9":"first","10":"instock","11":"taxable","12":"shipping-taxable","13":"purchasable","14":"product-type-simple"},"_links":{"self":[{"href":"https:\/\/pracek.si\/ekrani-za-prenosnike\/wp-json\/wp\/v2\/product\/8023","targetHints":{"allow":["GET"]}}],"collection":[{"href":"https:\/\/pracek.si\/ekrani-za-prenosnike\/wp-json\/wp\/v2\/product"}],"about":[{"href":"https:\/\/pracek.si\/ekrani-za-prenosnike\/wp-json\/wp\/v2\/types\/product"}],"wp:featuredmedia":[{"embeddable":true,"href":"https:\/\/pracek.si\/ekrani-za-prenosnike\/wp-json\/wp\/v2\/media\/7673"}],"wp:attachment":[{"href":"https:\/\/pracek.si\/ekrani-za-prenosnike\/wp-json\/wp\/v2\/media?parent=8023"}],"wp:term":[{"taxonomy":"product_brand","embeddable":true,"href":"https:\/\/pracek.si\/ekrani-za-prenosnike\/wp-json\/wp\/v2\/product_brand?post=8023"},{"taxonomy":"product_cat","embeddable":true,"href":"https:\/\/pracek.si\/ekrani-za-prenosnike\/wp-json\/wp\/v2\/product_cat?post=8023"},{"taxonomy":"product_tag","embeddable":true,"href":"https:\/\/pracek.si\/ekrani-za-prenosnike\/wp-json\/wp\/v2\/product_tag?post=8023"}],"curies":[{"name":"wp","href":"https:\/\/api.w.org\/{rel}","templated":true}]}}