{"id":8024,"date":"2024-11-28T13:42:50","date_gmt":"2024-11-28T13:42:50","guid":{"rendered":"https:\/\/pracek.si\/ekrani-za-prenosnike\/?post_type=product&#038;p=8024"},"modified":"2024-12-12T08:34:07","modified_gmt":"2024-12-12T08:34:07","slug":"hp-victus-16-d1-serija-lcd-zaslon-161-fhd-144hz-mat-nov","status":"publish","type":"product","link":"https:\/\/pracek.si\/ekrani-za-prenosnike\/product\/hp-victus-16-d1-serija-lcd-zaslon-161-fhd-144hz-mat-nov\/","title":{"rendered":"HP Victus 16 D1 serija LCD zaslon 16,1&#8243; FHD 144Hz mat, nov"},"content":{"rendered":"<p><strong>Dejanski model LCD ekrana: N161hma-gak REV. C3 ali n161hca-ga1 REV C.1 \u2013 popolnoma zdru\u017eljiv z LCD ekranom za prenosnike serije HP Victus 16 D1 \/ D10000 \/ D1xxxx<br \/>\n<\/strong><\/p>\n<p>Obnovite va\u0161 prenosnik HP Victus 16 D1 serije z vrhunskim nadomestnim LCD zaslonom. Ta zaslon velikosti 16,1 palca je zasnovan za ne-touch modele in ponuja lo\u010dljivost Full HD (1920&#215;1080) z gladko osve\u017eevalno hitrostjo 144 Hz, ki zagotavlja vrhunsko jasnost in odzivnost za igranje iger, delo ali zabavo. Mat premaz zmanj\u0161a ble\u0161\u010danje, svetlost 250 nitov pa poskrbi za \u017eivahne slike tudi v dobro osvetljenih prostorih.<\/p>\n<p><strong>Klju\u010dne lastnosti:<\/strong><\/p>\n<ul>\n<li><strong>Velikost:<\/strong> 16,1 palca<\/li>\n<li><strong>Lo\u010dljivost:<\/strong> Full HD (1920&#215;1080)<\/li>\n<li><strong>Osve\u017eevalna hitrost:<\/strong> 144 Hz<\/li>\n<li><strong>Svetlost:<\/strong> 250 nitov<\/li>\n<li><strong>Premaz:<\/strong> Mat (anti-refleks)<\/li>\n<li><strong>Priklop:<\/strong> 40 pin<\/li>\n<\/ul>\n<p>Zaslon je kompatibilen s \u0161tevilnimi modeli HP Victus 16 D1 serije, med drugim:<br \/>\n16-D1000CA, 16-D1000NM, 16-D1001SL, 16-D1002NS, 16-D1004TX, 16-D1011UA in \u0161tevilnimi drugimi.<\/p>\n<p>V kompletu je prilo\u017een dvostranski samolepilni trak, ki omogo\u010da enostavno monta\u017eo. LCD zaslon je popolnoma nov in zagotavlja dolgo \u017eivljenjsko dobo ter optimalno zmogljivost.<\/p>\n<p>&nbsp;<\/p>\n<p>&nbsp;<\/p>\n<p><strong>Seznam nekaterih zdru\u017eljivih prenosnikov:<\/strong><\/p>\n<p>16-D1000CA, 16-D1000CI, 16-D1000LA, 16-D1000NM, 16-D1000NP, 16-D1000NS, 16-D1000SL, 16-D1000TX, 16-D1000UA, 16-D1000UR, 6-D1001CI, 16-D1001NM, 16-D1001NP, 16-D1001NS, 16-D1001SL, 16-D1001TX, 16-D1001UA, 16-D1001UR, 16-D1002CI, 16-D1002NM, 6-D1002NS, 16-D1002SL, 16-D1002TX, 16-D1002UA, 16-D1002UR, 16-D1003CI, 16-D1003LA, 16-D1003NB, 16-D1003NM, 16-D1003NS, 6-D1003SL, 16-D1003TX, 16-D1003UA, 16-D1003UR, 16-D1004CI, 16-D1004NB, 16-D1004NP, 16-D1004NS, 16-D1004SL, 16-D1004TX, 6-D1004UA, 16-D1004UR, 16-D1005CI, 16-D1005LA, 16-D1005NB, 16-D1005NP, 16-D1005NS, 16-D1005TX, 16-D1005UA, 16-D1005UR, 6-D1006CI, 16-D1006LA, 16-D1006NB, 16-D1006NL, 16-D1006NP, 16-D1006NS, 16-D1006TX, 16-D1006UA, 16-D1006UR, 16-D1007CI, 6-D1007LA, 16-D1007NB, 16-D1007NL, 16-D1007NS, 16-D1007TX, 16-D1007UA, 16-D1007UR, 16-D1008CA, 16-D1008CI, 16-D1008NL, 6-D1008NP, 16-D1008NS, 16-D1008TX, 16-D1008UA, 16-D1008UR, 16-D1009CI, 16-D1009LA, 16-D1009NB, 16-D1009NL, 16-D1009NS, 6-D1009TX, 16-D1009UA, 16-D1009UR, 16-D1010CA, 16-D1010CI, 16-D1010NL, 16-D1010NP, 16-D1010NS, 16-D1010TX, 16-D1010UA, 6-D1010UR, 16-D1011CI, 16-D1011NL, 16-D1011NS, 16-D1011TX, 16-D1011UA, 16-D1011UR, 16-D1012CI, 16-D1012NL, 16-d1035nt, 16-d1176tx, 16-d1213tx, 16-d1002ne, 16-d1095tx, 16-d1042nt<\/p>\n<p>&nbsp;<\/p>\n","protected":false},"excerpt":{"rendered":"<p>Obnovite HP Victus 16 D1 serijo z novim 16,1-pal\u010dnim LCD zaslonom. Z lo\u010dljivostjo FHD, osve\u017eevalno hitrostjo 144 Hz, mat premazom in svetlostjo 250 nitov ponuja vrhunsko vizualno izku\u0161njo. Kompatibilen z razli\u010dnimi modeli in vklju\u010duje samolepilni trak za enostavno monta\u017eo.<\/p>\n","protected":false},"featured_media":7632,"template":"","meta":[],"product_brand":[],"product_cat":[66],"product_tag":[62],"class_list":{"0":"post-8024","1":"product","2":"type-product","3":"status-publish","4":"has-post-thumbnail","6":"product_cat-16-1","7":"product_tag-hp","9":"first","10":"instock","11":"taxable","12":"shipping-taxable","13":"purchasable","14":"product-type-simple"},"_links":{"self":[{"href":"https:\/\/pracek.si\/ekrani-za-prenosnike\/wp-json\/wp\/v2\/product\/8024","targetHints":{"allow":["GET"]}}],"collection":[{"href":"https:\/\/pracek.si\/ekrani-za-prenosnike\/wp-json\/wp\/v2\/product"}],"about":[{"href":"https:\/\/pracek.si\/ekrani-za-prenosnike\/wp-json\/wp\/v2\/types\/product"}],"wp:featuredmedia":[{"embeddable":true,"href":"https:\/\/pracek.si\/ekrani-za-prenosnike\/wp-json\/wp\/v2\/media\/7632"}],"wp:attachment":[{"href":"https:\/\/pracek.si\/ekrani-za-prenosnike\/wp-json\/wp\/v2\/media?parent=8024"}],"wp:term":[{"taxonomy":"product_brand","embeddable":true,"href":"https:\/\/pracek.si\/ekrani-za-prenosnike\/wp-json\/wp\/v2\/product_brand?post=8024"},{"taxonomy":"product_cat","embeddable":true,"href":"https:\/\/pracek.si\/ekrani-za-prenosnike\/wp-json\/wp\/v2\/product_cat?post=8024"},{"taxonomy":"product_tag","embeddable":true,"href":"https:\/\/pracek.si\/ekrani-za-prenosnike\/wp-json\/wp\/v2\/product_tag?post=8024"}],"curies":[{"name":"wp","href":"https:\/\/api.w.org\/{rel}","templated":true}]}}