{"id":8027,"date":"2024-12-01T09:23:01","date_gmt":"2024-12-01T09:23:01","guid":{"rendered":"https:\/\/pracek.si\/ekrani-za-prenosnike\/?post_type=product&#038;p=8027"},"modified":"2024-12-12T08:34:06","modified_gmt":"2024-12-12T08:34:06","slug":"lcd-zaslon-za-hp-victus-16-r1-serijo-161-fhd-mat-144hz-nov","status":"publish","type":"product","link":"https:\/\/pracek.si\/ekrani-za-prenosnike\/product\/lcd-zaslon-za-hp-victus-16-r1-serijo-161-fhd-mat-144hz-nov\/","title":{"rendered":"LCD zaslon za HP Victus 16 R1 serijo &#8211; 16,1&#8243;, FHD, mat, 144Hz, nov"},"content":{"rendered":"<p><strong>Dejanski model LCD ekrana: N161hma-gak REV. C3 ali n161hca-ga1 REV C.1 \u2013 popolnoma zdru\u017eljiv z LCD ekranom za prenosnike serije HP Victus 16 R1 \/ R10000 \/ R1xxxx<br \/>\n<\/strong><\/p>\n<p>Nadgradite svoj prenosnik HP Victus 16 R1 serije z vrhunskim nadomestnim ekranom, zasnovanim za modele brez dotika. Ta 16,1&#8243; FHD (1920&#215;1080) LCD zaslon z matirano povr\u0161ino je idealna re\u0161itev za po\u0161kodovane ali pokvarjene zaslone.<\/p>\n<p><strong>Klju\u010dne lastnosti:<\/strong><\/p>\n<ul>\n<li><strong>Osve\u017eevanje 144 Hz<\/strong>: U\u017eivajte v gladkih vizualnih prehodih, popolno za igranje iger in gledanje medijev.<\/li>\n<li><strong>Svetlost 250 nit<\/strong>: Zagotovljena jasnost tudi v svetlih prostorih.<\/li>\n<li><strong>Matirana povr\u0161ina<\/strong>: Zmanj\u0161uje ble\u0161\u010danje za prijetnej\u0161o izku\u0161njo.<\/li>\n<li><strong>40-pinski priklju\u010dek<\/strong>: Zdru\u017eljiv z razli\u010dnimi modeli HP Victus 16 R1 serije.<\/li>\n<li><strong>Obojestranski lepilni trak<\/strong>: Vklju\u010den za enostavno monta\u017eo.<\/li>\n<\/ul>\n<p>Zaslon je zdru\u017eljiv z razli\u010dnimi modeli, kot so 16-R1000CI, 16-R1000NA, 16-R1000NB in mnogi drugi. Ta visokokakovostni nov ekran zagotavlja dolgotrajno nadgradnjo va\u0161ega prenosnika.<\/p>\n<p><strong>Tehni\u010dne podrobnosti:<\/strong><\/p>\n<ul>\n<li><strong>Povr\u0161ina:<\/strong> Matirana<\/li>\n<li><strong>Velikost zaslona:<\/strong> 16,1&#8243;<\/li>\n<li><strong>Lo\u010dljivost:<\/strong> FHD (1920&#215;1080)<\/li>\n<li><strong>Osve\u017eevanje:<\/strong> 144 Hz<\/li>\n<li><strong>Svetlost:<\/strong> 250 nit<\/li>\n<li><strong>Priklju\u010dek:<\/strong> 40-pin<\/li>\n<\/ul>\n<p>Ponovno o\u017eivite svoj prenosnik z zanesljivim in zmogljivim ekranom, zasnovanim za HP Victus 16 R1 serijo.<\/p>\n<p>&nbsp;<\/p>\n<p><strong>Seznam nekaterih zdru\u017eljivih prenosnikov:<\/strong><\/p>\n<p>16-R1000CI, 16-R1000NA, 16-R1000NB, 16-R1000NJ, 16-R1000NL, 16-R1000NS, 16-R1000NT, 16-R1000NX, 16-R1000SF, 16-R1000SL, 16-R1001NB, 16-R1001NC, 16-R1001NI, 16-R1001NS, 16-R1001NT, 16-R1001NX, 16-R1001SF, 16-R1001SL, 16-R1002NB, 16-R1002NC, 16-R1002NF, 16-R1002NI, 16-R1002NJ, 16-R1002NK, 16-R1002NL, 16-R1002NM, 16-R1002NS, 16-R1002NT, 16-R1002NX, 16-R1002SA, 16-R1002SF, 16-R1002SL, 16-R1003CI, 16-R1003NI, 16-R1003NK, 16-R1003NS, 16-R1003NT, 16-R1003NX, 16-R1003SA, 16-R1003SL, 16-R1004LA, 16-R1004NA, 16-R1004NI, 16-R1004NK, 16-R1004NS, 16-R1004NT, 16-R1004NX, 16-R1005NA, 16-R1005NB, 16-R1005NI, 16-R1005NK, 16-R1005NS, 16-R1005NT, 16-R1005NV, 16-R1005NX, 16-R1005SL, 16-R1006LA, 16-R1006NK, 16-R1006NP, 16-R1006NS, 16-R1006NT, 16-R1006NX, 16-R1006SL, 16-R1007NE, 16-R1007NS, 16-R1007NT, 16-R1007NV, 16-R1007NX, 16-R1007SL, 16-R1008NIA, 16-R1008NS, 16-R1008NT, 16-R1008NX, 16-R1009NE, 16-R1009NIA, 16-R1009NL, 16-R1009NS, 16-R1009NT, 16-R1009NX, 16-R1010CI, 16-R1010NE, 16-R1010NF, 16-R1010NM, 16-R1010NS, 16-R1010NT, 16-R1010NX, 16-R1011CI, 16-R1011NB, 16-R1011NE, 16-R1011NIA, 16-R1011NJ, 16-R1011NS, 16-R1011NT, 16-R1011NX, 16-R1011TX, 16-R1012NE, 16-R1012NIA, 16-R1012NL, 16-R1012NS, 16-R1001NT, 16-R1013NE, 16-R1013NX, 16-R1015NT, 16-R1020NT, 16-R1022NT, 16-R1034NT, 16-R1038NT, 16-R1041NT, 16-1042NT, 16-R1044NT, 16-R1046NT, 16-R1052NT, 16-R1058NT, 16-R1064NT, 16-R1067NT, 16-R1076NT, 16-R1775NG, 16-R1776NG, 16-R1077NG, 16-R1174NG, 16 R1006NS, 16 R1020NT, 16 R1049NT, 16 R1076NT, 16 R1042NT<\/p>\n<p>&nbsp;<\/p>\n","protected":false},"excerpt":{"rendered":"<p>Posodobite svoj prenosnik HP Victus 16 R1 serije z visokokakovostnim 16,1&#8243; FHD LCD zaslonom. Matirana povr\u0161ina, osve\u017eevanje 144 Hz in svetlost 250 nit zagotavljajo vrhunsko izku\u0161njo. Zaslon je nov, v paketu pa je tudi obojestranski lepilni trak za enostavno namestitev.<\/p>\n","protected":false},"featured_media":7632,"template":"","meta":[],"product_brand":[],"product_cat":[66],"product_tag":[62],"class_list":{"0":"post-8027","1":"product","2":"type-product","3":"status-publish","4":"has-post-thumbnail","6":"product_cat-16-1","7":"product_tag-hp","9":"first","10":"instock","11":"taxable","12":"shipping-taxable","13":"purchasable","14":"product-type-simple"},"_links":{"self":[{"href":"https:\/\/pracek.si\/ekrani-za-prenosnike\/wp-json\/wp\/v2\/product\/8027","targetHints":{"allow":["GET"]}}],"collection":[{"href":"https:\/\/pracek.si\/ekrani-za-prenosnike\/wp-json\/wp\/v2\/product"}],"about":[{"href":"https:\/\/pracek.si\/ekrani-za-prenosnike\/wp-json\/wp\/v2\/types\/product"}],"wp:featuredmedia":[{"embeddable":true,"href":"https:\/\/pracek.si\/ekrani-za-prenosnike\/wp-json\/wp\/v2\/media\/7632"}],"wp:attachment":[{"href":"https:\/\/pracek.si\/ekrani-za-prenosnike\/wp-json\/wp\/v2\/media?parent=8027"}],"wp:term":[{"taxonomy":"product_brand","embeddable":true,"href":"https:\/\/pracek.si\/ekrani-za-prenosnike\/wp-json\/wp\/v2\/product_brand?post=8027"},{"taxonomy":"product_cat","embeddable":true,"href":"https:\/\/pracek.si\/ekrani-za-prenosnike\/wp-json\/wp\/v2\/product_cat?post=8027"},{"taxonomy":"product_tag","embeddable":true,"href":"https:\/\/pracek.si\/ekrani-za-prenosnike\/wp-json\/wp\/v2\/product_tag?post=8027"}],"curies":[{"name":"wp","href":"https:\/\/api.w.org\/{rel}","templated":true}]}}