{"id":8034,"date":"2024-12-05T12:02:49","date_gmt":"2024-12-05T12:02:49","guid":{"rendered":"https:\/\/pracek.si\/ekrani-za-prenosnike\/?post_type=product&#038;p=8034"},"modified":"2025-04-15T11:39:06","modified_gmt":"2025-04-15T11:39:06","slug":"173-lcd-zaslon-lp173wf1-tlb3-fhd-sijajen-30-pinski-spodaj-levo-nov","status":"publish","type":"product","link":"https:\/\/pracek.si\/ekrani-za-prenosnike\/product\/173-lcd-zaslon-lp173wf1-tlb3-fhd-sijajen-30-pinski-spodaj-levo-nov\/","title":{"rendered":"17,3&#8243; LCD zaslon LP173WF1 TLB3, FHD sijajen, 40-pinski, spodaj levo, nov"},"content":{"rendered":"<p>Izbolj\u0161ajte uporabni\u0161ko izku\u0161njo svojega prenosnika z <strong>LCD zaslonom LP173WF1 TLB3<\/strong>, zasnovanim za visoko zmogljivost in osupljivo vizualno kakovost. Z velikostjo 17,3 palca in sijajno povr\u0161ino ta zaslon ponuja polno HD lo\u010dljivost (1920 x 1080), kar zagotavlja ostre podrobnosti in \u017eivahne barve. 40-pinski priklju\u010dek je priro\u010dno name\u0161\u010den na spodnjem levem delu, kar omogo\u010da zdru\u017eljivost z razli\u010dnimi modeli prenosnikov. Ne glede na to, ali menjate po\u0161kodovan zaslon ali nadgrajujete za bolj\u0161o kakovost slike, ta nov LCD zaslon ponuja vzdr\u017eljivost, izjemno jasnost in enostavno namestitev. Idealen je za igranje iger, pretakanje ali profesionalno delo, saj omogo\u010da nemoteno ve\u010dopravilnost.<\/p>\n","protected":false},"excerpt":{"rendered":"<p>Nadgradite zaslon svojega prenosnika z LCD zaslonom LP173WF1 TLB3, ki ima 17,3&#8243; sijajno povr\u0161ino, FHD lo\u010dljivost (1920 x 1080) in 40-pinski priklju\u010dek na spodnjem levem delu. Idealen za kristalno \u010disto sliko in \u017eivahne barve.<\/p>\n","protected":false},"featured_media":8035,"template":"","meta":[],"product_brand":[],"product_cat":[52],"product_tag":[],"class_list":{"0":"post-8034","1":"product","2":"type-product","3":"status-publish","4":"has-post-thumbnail","6":"product_cat-17-3","8":"first","9":"instock","10":"taxable","11":"shipping-taxable","12":"purchasable","13":"product-type-simple"},"_links":{"self":[{"href":"https:\/\/pracek.si\/ekrani-za-prenosnike\/wp-json\/wp\/v2\/product\/8034","targetHints":{"allow":["GET"]}}],"collection":[{"href":"https:\/\/pracek.si\/ekrani-za-prenosnike\/wp-json\/wp\/v2\/product"}],"about":[{"href":"https:\/\/pracek.si\/ekrani-za-prenosnike\/wp-json\/wp\/v2\/types\/product"}],"wp:featuredmedia":[{"embeddable":true,"href":"https:\/\/pracek.si\/ekrani-za-prenosnike\/wp-json\/wp\/v2\/media\/8035"}],"wp:attachment":[{"href":"https:\/\/pracek.si\/ekrani-za-prenosnike\/wp-json\/wp\/v2\/media?parent=8034"}],"wp:term":[{"taxonomy":"product_brand","embeddable":true,"href":"https:\/\/pracek.si\/ekrani-za-prenosnike\/wp-json\/wp\/v2\/product_brand?post=8034"},{"taxonomy":"product_cat","embeddable":true,"href":"https:\/\/pracek.si\/ekrani-za-prenosnike\/wp-json\/wp\/v2\/product_cat?post=8034"},{"taxonomy":"product_tag","embeddable":true,"href":"https:\/\/pracek.si\/ekrani-za-prenosnike\/wp-json\/wp\/v2\/product_tag?post=8034"}],"curies":[{"name":"wp","href":"https:\/\/api.w.org\/{rel}","templated":true}]}}