{"id":8036,"date":"2024-12-05T12:07:23","date_gmt":"2024-12-05T12:07:23","guid":{"rendered":"https:\/\/pracek.si\/ekrani-za-prenosnike\/?post_type=product&#038;p=8036"},"modified":"2025-04-15T11:39:06","modified_gmt":"2025-04-15T11:39:06","slug":"lcd-zaslon-b173hw01-v0-v1-v5-173-30-pin-fhd-1920x1080-sijajen-nov","status":"publish","type":"product","link":"https:\/\/pracek.si\/ekrani-za-prenosnike\/product\/lcd-zaslon-b173hw01-v0-v1-v5-173-30-pin-fhd-1920x1080-sijajen-nov\/","title":{"rendered":"LCD zaslon B173HW01 V0\/V1\/V5, 17,3&#8243; 40-pin FHD 1920&#215;1080, Sijajen, nov"},"content":{"rendered":"<p><strong>Dejanski model LCD ekrana: LP173WF1 TLB3 \u2013 popolnoma zdru\u017eljiv z LCD ekranom B173HW01 V0 \/ V1 \/ V5 &#8211; V.0 \/ V.1 \/ V.5<\/strong><\/p>\n<p>Serija B173HW01 (V0\/V1\/V5) je visokokakovosten zamenjavni LCD zaslon, zasnovan za obnovitev jasnosti in briljantnosti va\u0161ega prenosnega ra\u010dunalnika. S polno HD lo\u010dljivostjo 1920&#215;1080 in sijajno povr\u0161ino, ta zaslon velikosti 17,3 palca zagotavlja \u017eivahne barve in ostre slike za vse va\u0161e naloge.<\/p>\n<p><strong>Klju\u010dne lastnosti:<\/strong><\/p>\n<ul>\n<li><strong>Zdru\u017eljivost z modeli:<\/strong> B173HW01 V0, V1, V5<\/li>\n<li><strong>Velikost:<\/strong> 17,3 palca<\/li>\n<li><strong>Lo\u010dljivost:<\/strong> Polna HD (1920 x 1080)<\/li>\n<li><strong>Povr\u0161ina:<\/strong> Sijajna za izbolj\u0161an vizualni u\u010dinek<\/li>\n<li><strong>Vrsta konektorja:<\/strong> 40-pin, spodnji levi konektor<\/li>\n<li><strong>Stanje:<\/strong> \u010cisto nov<\/li>\n<\/ul>\n<p>Ta zaslon je odli\u010dna zamenjava za po\u0161kodovane ali pokvarjene zaslone. Njegova sijajna povr\u0161ina zmanj\u0161uje odseve svetlobe, hkrati pa izbolj\u0161a globino barv in ostrino. Ne glede na to, ali delate, igrate igre ali pretakate vsebine, ta LCD zaslon zagotavlja izjemno vizualno izku\u0161njo.<\/p>\n","protected":false},"excerpt":{"rendered":"<p>Izbolj\u0161ajte svoj prenosni ra\u010dunalnik z novim LCD zaslonom B173HW01. Ta 17,3-pal\u010dni FHD zaslon ima sijajno povr\u0161ino, lo\u010dljivost 1920&#215;1080 in 40-pin spodnji levi konektor. Idealno za \u017eivahne vizualne u\u010dinke in ostre detajle.<\/p>\n","protected":false},"featured_media":8035,"template":"","meta":[],"product_brand":[],"product_cat":[52],"product_tag":[],"class_list":{"0":"post-8036","1":"product","2":"type-product","3":"status-publish","4":"has-post-thumbnail","6":"product_cat-17-3","8":"first","9":"instock","10":"taxable","11":"shipping-taxable","12":"purchasable","13":"product-type-simple"},"_links":{"self":[{"href":"https:\/\/pracek.si\/ekrani-za-prenosnike\/wp-json\/wp\/v2\/product\/8036","targetHints":{"allow":["GET"]}}],"collection":[{"href":"https:\/\/pracek.si\/ekrani-za-prenosnike\/wp-json\/wp\/v2\/product"}],"about":[{"href":"https:\/\/pracek.si\/ekrani-za-prenosnike\/wp-json\/wp\/v2\/types\/product"}],"wp:featuredmedia":[{"embeddable":true,"href":"https:\/\/pracek.si\/ekrani-za-prenosnike\/wp-json\/wp\/v2\/media\/8035"}],"wp:attachment":[{"href":"https:\/\/pracek.si\/ekrani-za-prenosnike\/wp-json\/wp\/v2\/media?parent=8036"}],"wp:term":[{"taxonomy":"product_brand","embeddable":true,"href":"https:\/\/pracek.si\/ekrani-za-prenosnike\/wp-json\/wp\/v2\/product_brand?post=8036"},{"taxonomy":"product_cat","embeddable":true,"href":"https:\/\/pracek.si\/ekrani-za-prenosnike\/wp-json\/wp\/v2\/product_cat?post=8036"},{"taxonomy":"product_tag","embeddable":true,"href":"https:\/\/pracek.si\/ekrani-za-prenosnike\/wp-json\/wp\/v2\/product_tag?post=8036"}],"curies":[{"name":"wp","href":"https:\/\/api.w.org\/{rel}","templated":true}]}}