{"id":8037,"date":"2024-12-05T12:11:36","date_gmt":"2024-12-05T12:11:36","guid":{"rendered":"https:\/\/pracek.si\/ekrani-za-prenosnike\/?post_type=product&#038;p=8037"},"modified":"2025-04-15T11:39:05","modified_gmt":"2025-04-15T11:39:05","slug":"b173htn01-0-173-lcd-zaslon-fhd-1920x1080-30-pin-glossy-nov","status":"publish","type":"product","link":"https:\/\/pracek.si\/ekrani-za-prenosnike\/product\/b173htn01-0-173-lcd-zaslon-fhd-1920x1080-30-pin-glossy-nov\/","title":{"rendered":"B173HTN01.0 17,3&#8243; LCD zaslon &#8211; FHD 1920&#215;1080, 40-pin, Glossy, Nov"},"content":{"rendered":"<p><strong>Dejanski model LCD ekrana: LP173WF1 TLB3 \u2013 popolnoma zdru\u017eljiv z LCD ekranom B173HTN01.0<\/strong><\/p>\n<p>Izbolj\u0161ajte svoj zaslon z B173HTN01.0 17,3&#8243; LCD zaslonom, zasnovanim za odli\u010dno jasnost in \u017eivahne barve. Ta visokokakovosten Full HD (1920&#215;1080) zaslon ponuja sijo\u010do povr\u0161ino za bogate, \u017eivahne vizualne u\u010dinke. Z 40-pin povezavo in spodnjim levim priklju\u010dkom je ta zaslon idealen za zamenjavo ali nadgradnjo va\u0161e naprave. Ne glede na to, ali ste strokovnjak ali ob\u010dasni uporabnik, B173HTN01.0 zagotavlja vrhunske zmogljivosti z jasnimi, ostrimi slikami in poglobljeno izku\u0161njo gledanja. Popoln je za prenosne ra\u010dunalnike ali monitorje, ki zahtevajo visokolo\u010dljivostni zaslon. Stanje: popolnoma nov, pripravljen za namestitev.<\/p>\n","protected":false},"excerpt":{"rendered":"<p>Popolnoma nov B173HTN01.0 17,3&#8243; LCD zaslon z lo\u010dljivostjo Full HD 1920&#215;1080 in sijo\u010do povr\u0161ino. Ima 40-pin spodnji levi priklju\u010dek, idealen za zamenjavo zaslona na prenosnih ra\u010dunalnikih in monitorjih. Odkrijte \u017eivahne, visokokakovostne vizualne u\u010dinke z tem trpe\u017enim in zanesljivim zaslonom.<\/p>\n","protected":false},"featured_media":8035,"template":"","meta":[],"product_brand":[],"product_cat":[52],"product_tag":[],"class_list":{"0":"post-8037","1":"product","2":"type-product","3":"status-publish","4":"has-post-thumbnail","6":"product_cat-17-3","8":"first","9":"instock","10":"taxable","11":"shipping-taxable","12":"purchasable","13":"product-type-simple"},"_links":{"self":[{"href":"https:\/\/pracek.si\/ekrani-za-prenosnike\/wp-json\/wp\/v2\/product\/8037","targetHints":{"allow":["GET"]}}],"collection":[{"href":"https:\/\/pracek.si\/ekrani-za-prenosnike\/wp-json\/wp\/v2\/product"}],"about":[{"href":"https:\/\/pracek.si\/ekrani-za-prenosnike\/wp-json\/wp\/v2\/types\/product"}],"wp:featuredmedia":[{"embeddable":true,"href":"https:\/\/pracek.si\/ekrani-za-prenosnike\/wp-json\/wp\/v2\/media\/8035"}],"wp:attachment":[{"href":"https:\/\/pracek.si\/ekrani-za-prenosnike\/wp-json\/wp\/v2\/media?parent=8037"}],"wp:term":[{"taxonomy":"product_brand","embeddable":true,"href":"https:\/\/pracek.si\/ekrani-za-prenosnike\/wp-json\/wp\/v2\/product_brand?post=8037"},{"taxonomy":"product_cat","embeddable":true,"href":"https:\/\/pracek.si\/ekrani-za-prenosnike\/wp-json\/wp\/v2\/product_cat?post=8037"},{"taxonomy":"product_tag","embeddable":true,"href":"https:\/\/pracek.si\/ekrani-za-prenosnike\/wp-json\/wp\/v2\/product_tag?post=8037"}],"curies":[{"name":"wp","href":"https:\/\/api.w.org\/{rel}","templated":true}]}}