{"id":8038,"date":"2024-12-05T12:17:09","date_gmt":"2024-12-05T12:17:09","guid":{"rendered":"https:\/\/pracek.si\/ekrani-za-prenosnike\/?post_type=product&#038;p=8038"},"modified":"2025-04-15T11:39:05","modified_gmt":"2025-04-15T11:39:05","slug":"b173hw02-173-fhd-lcd-zaslon-30-pinski-svetlec-nov","status":"publish","type":"product","link":"https:\/\/pracek.si\/ekrani-za-prenosnike\/product\/b173hw02-173-fhd-lcd-zaslon-30-pinski-svetlec-nov\/","title":{"rendered":"B173HW02 17,3&#8243; FHD LCD zaslon, 40-pinski, svetle\u010d, nov"},"content":{"rendered":"<p><strong>Dejanski model LCD ekrana: LP173WF1 TLB3 \u2013 popolnoma zdru\u017eljiv z LCD ekranom B173HW02<\/strong><\/p>\n<p>Izbolj\u0161ajte zaslon svojega prenosnika z visokokakovostnim LCD zaslonom B173HW02. Zaslon meri 17,3 palca in ima lo\u010dljivost Full HD (1920 x 1080), kar omogo\u010da jasne in \u017eivahne slike za izbolj\u0161ano izku\u0161njo gledanja. Zaslon z lesklo obdelavo pove\u010duje nasi\u010denost barv in ostrino, kar je idealno za delo in zabavo. Ima 40-pinski konektor na spodnjem levem delu, zaradi \u010desar je zdru\u017eljiv s \u0161irokim razponom modelov. Ne glede na to, ali zamenjujete po\u0161kodovan zaslon ali nadgrajujete obstoje\u010dega, vam ta nov LCD zaslon B173HW02 povrne prvotni videz zaslona in zagotavlja odli\u010dno izku\u0161njo gledanja.<\/p>\n","protected":false},"excerpt":{"rendered":"<p>Zamenjajte ali nadgradite zaslon svojega prenosnika z 17,3-pal\u010dnim LCD zaslonom B173HW02 Full HD. S svetle\u010do obdelavo in 40-pinskim konektorjem nudi \u017eivahne slike in ostrino. Nov.<\/p>\n","protected":false},"featured_media":8035,"template":"","meta":[],"product_brand":[],"product_cat":[52],"product_tag":[],"class_list":{"0":"post-8038","1":"product","2":"type-product","3":"status-publish","4":"has-post-thumbnail","6":"product_cat-17-3","8":"first","9":"instock","10":"taxable","11":"shipping-taxable","12":"purchasable","13":"product-type-simple"},"_links":{"self":[{"href":"https:\/\/pracek.si\/ekrani-za-prenosnike\/wp-json\/wp\/v2\/product\/8038","targetHints":{"allow":["GET"]}}],"collection":[{"href":"https:\/\/pracek.si\/ekrani-za-prenosnike\/wp-json\/wp\/v2\/product"}],"about":[{"href":"https:\/\/pracek.si\/ekrani-za-prenosnike\/wp-json\/wp\/v2\/types\/product"}],"wp:featuredmedia":[{"embeddable":true,"href":"https:\/\/pracek.si\/ekrani-za-prenosnike\/wp-json\/wp\/v2\/media\/8035"}],"wp:attachment":[{"href":"https:\/\/pracek.si\/ekrani-za-prenosnike\/wp-json\/wp\/v2\/media?parent=8038"}],"wp:term":[{"taxonomy":"product_brand","embeddable":true,"href":"https:\/\/pracek.si\/ekrani-za-prenosnike\/wp-json\/wp\/v2\/product_brand?post=8038"},{"taxonomy":"product_cat","embeddable":true,"href":"https:\/\/pracek.si\/ekrani-za-prenosnike\/wp-json\/wp\/v2\/product_cat?post=8038"},{"taxonomy":"product_tag","embeddable":true,"href":"https:\/\/pracek.si\/ekrani-za-prenosnike\/wp-json\/wp\/v2\/product_tag?post=8038"}],"curies":[{"name":"wp","href":"https:\/\/api.w.org\/{rel}","templated":true}]}}