{"id":8039,"date":"2024-12-05T12:21:55","date_gmt":"2024-12-05T12:21:55","guid":{"rendered":"https:\/\/pracek.si\/ekrani-za-prenosnike\/?post_type=product&#038;p=8039"},"modified":"2025-04-15T11:39:05","modified_gmt":"2025-04-15T11:39:05","slug":"ltn173ht01-173-lcd-zaslon-30-pin-fhd-1920x1080-sijajni-nov","status":"publish","type":"product","link":"https:\/\/pracek.si\/ekrani-za-prenosnike\/product\/ltn173ht01-173-lcd-zaslon-30-pin-fhd-1920x1080-sijajni-nov\/","title":{"rendered":"LTN173HT01 17,3&#8243; LCD zaslon &#8211; 40 pin, FHD 1920&#215;1080, Sijajni, Nov"},"content":{"rendered":"<p><strong>Dejanski model LCD ekrana: LP173WF1 TLB3 \u2013 popolnoma zdru\u017eljiv z LCD ekranom LTN173HT01<\/strong><\/p>\n<p>Nadgradite svojo napravo z LCD zaslonom LTN173HT01 velikosti 17,3&#8243;, ki ponuja polno HD lo\u010dljivost (1920&#215;1080) za izjemno jasnost in podrobnosti slike. Ta nov zaslon ima 40-pin priklju\u010dek na spodnjem levem kotu, ki zagotavlja zdru\u017eljivost z razli\u010dnimi modeli prenosnih ra\u010dunalnikov. Sijajna povr\u0161ina izbolj\u0161a bogastvo barv in kontrast, kar omogo\u010da potopno izku\u0161njo pri delu ali zabavi. Ne glede na to, ali zamenjujete po\u0161kodovan zaslon ali \u017eelite izbolj\u0161ati vizualno zmogljivost svojega prenosnika, je ta visokokakovostni LCD zaslon idealna izbira za brezskrbno nadgradnjo.<\/p>\n","protected":false},"excerpt":{"rendered":"<p>Ta popolnoma nov LCD zaslon LTN173HT01 velikosti 17,3&#8243; ponuja visoko lo\u010dljivost FHD (1920&#215;1080), 40-pin priklju\u010dek (spodaj levo) in sijajno povr\u0161ino za \u017eivahne in jasne slike. Odli\u010den za zamenjavo ali nadgradnjo zaslona na prenosnem ra\u010dunalniku.<\/p>\n","protected":false},"featured_media":8035,"template":"","meta":[],"product_brand":[],"product_cat":[52],"product_tag":[],"class_list":{"0":"post-8039","1":"product","2":"type-product","3":"status-publish","4":"has-post-thumbnail","6":"product_cat-17-3","8":"first","9":"instock","10":"taxable","11":"shipping-taxable","12":"purchasable","13":"product-type-simple"},"_links":{"self":[{"href":"https:\/\/pracek.si\/ekrani-za-prenosnike\/wp-json\/wp\/v2\/product\/8039","targetHints":{"allow":["GET"]}}],"collection":[{"href":"https:\/\/pracek.si\/ekrani-za-prenosnike\/wp-json\/wp\/v2\/product"}],"about":[{"href":"https:\/\/pracek.si\/ekrani-za-prenosnike\/wp-json\/wp\/v2\/types\/product"}],"wp:featuredmedia":[{"embeddable":true,"href":"https:\/\/pracek.si\/ekrani-za-prenosnike\/wp-json\/wp\/v2\/media\/8035"}],"wp:attachment":[{"href":"https:\/\/pracek.si\/ekrani-za-prenosnike\/wp-json\/wp\/v2\/media?parent=8039"}],"wp:term":[{"taxonomy":"product_brand","embeddable":true,"href":"https:\/\/pracek.si\/ekrani-za-prenosnike\/wp-json\/wp\/v2\/product_brand?post=8039"},{"taxonomy":"product_cat","embeddable":true,"href":"https:\/\/pracek.si\/ekrani-za-prenosnike\/wp-json\/wp\/v2\/product_cat?post=8039"},{"taxonomy":"product_tag","embeddable":true,"href":"https:\/\/pracek.si\/ekrani-za-prenosnike\/wp-json\/wp\/v2\/product_tag?post=8039"}],"curies":[{"name":"wp","href":"https:\/\/api.w.org\/{rel}","templated":true}]}}