{"id":8041,"date":"2024-12-05T12:28:34","date_gmt":"2024-12-05T12:28:34","guid":{"rendered":"https:\/\/pracek.si\/ekrani-za-prenosnike\/?post_type=product&#038;p=8041"},"modified":"2025-04-15T11:39:05","modified_gmt":"2025-04-15T11:39:05","slug":"lp173wf1-173-lcd-zaslon-fhd-1920x1080-svetlec-30-pin-spodnji-levo-nov","status":"publish","type":"product","link":"https:\/\/pracek.si\/ekrani-za-prenosnike\/product\/lp173wf1-173-lcd-zaslon-fhd-1920x1080-svetlec-30-pin-spodnji-levo-nov\/","title":{"rendered":"LP173WF1 17,3&#8243; LCD Zaslon FHD 1920&#215;1080 Svetle\u010d 40-pin Spodnji Levo Nov"},"content":{"rendered":"<p><strong>Dejanski model LCD ekrana: LP173WF1 TLB3 \u2013 popolnoma zdru\u017eljiv z LCD ekranom LP173WF1 TLA2 \/ TLB2 \/ TLB4 \/ TLB6 \/ TLD1<\/strong><\/p>\n<p>Izbolj\u0161ajte zaslon svojega prenosnika z LCD zaslonom LP173WF1 TLA2\/TLB2\/TLB4\/TLB6\/TLD1. Ta zaslon velikosti 17,3&#8243; ponuja Full HD lo\u010dljivost 1920 x 1080 za ostre in jasne slike, ki izbolj\u0161ajo va\u0161 uporabni\u0161ki izku\u0161njo. Zaslon je zasnovan z 40-pin priklju\u010dkom, ki je name\u0161\u010den na spodnjem levem delu, ter ima svetle\u010d zaklju\u010dek, ki zagotavlja \u017eivahne in jasne barve. Ne glede na to, ali nadome\u0161\u010date po\u0161kodovan zaslon ali nadgrajujete zaslon prenosnika, je ta nov LP173WF1 LCD zaslon zanesljiva izbira. Zdru\u017eljiv je z razli\u010dnimi modeli prenosnikov in zagotavlja odli\u010dno delovanje z bogatimi barvami ter visokim sijajem.<\/p>\n","protected":false},"excerpt":{"rendered":"<p>Izbolj\u0161ajte svoj prenosnik z LP173WF1 17,3&#8243; LCD zaslonom. Full HD (1920 x 1080), svetle\u010d, 40-pin priklju\u010dek (spodaj levo). Nov, jasne slike!<\/p>\n","protected":false},"featured_media":8035,"template":"","meta":[],"product_brand":[],"product_cat":[52],"product_tag":[],"class_list":{"0":"post-8041","1":"product","2":"type-product","3":"status-publish","4":"has-post-thumbnail","6":"product_cat-17-3","8":"first","9":"instock","10":"taxable","11":"shipping-taxable","12":"purchasable","13":"product-type-simple"},"_links":{"self":[{"href":"https:\/\/pracek.si\/ekrani-za-prenosnike\/wp-json\/wp\/v2\/product\/8041","targetHints":{"allow":["GET"]}}],"collection":[{"href":"https:\/\/pracek.si\/ekrani-za-prenosnike\/wp-json\/wp\/v2\/product"}],"about":[{"href":"https:\/\/pracek.si\/ekrani-za-prenosnike\/wp-json\/wp\/v2\/types\/product"}],"wp:featuredmedia":[{"embeddable":true,"href":"https:\/\/pracek.si\/ekrani-za-prenosnike\/wp-json\/wp\/v2\/media\/8035"}],"wp:attachment":[{"href":"https:\/\/pracek.si\/ekrani-za-prenosnike\/wp-json\/wp\/v2\/media?parent=8041"}],"wp:term":[{"taxonomy":"product_brand","embeddable":true,"href":"https:\/\/pracek.si\/ekrani-za-prenosnike\/wp-json\/wp\/v2\/product_brand?post=8041"},{"taxonomy":"product_cat","embeddable":true,"href":"https:\/\/pracek.si\/ekrani-za-prenosnike\/wp-json\/wp\/v2\/product_cat?post=8041"},{"taxonomy":"product_tag","embeddable":true,"href":"https:\/\/pracek.si\/ekrani-za-prenosnike\/wp-json\/wp\/v2\/product_tag?post=8041"}],"curies":[{"name":"wp","href":"https:\/\/api.w.org\/{rel}","templated":true}]}}