{"id":8042,"date":"2024-12-05T12:32:19","date_gmt":"2024-12-05T12:32:19","guid":{"rendered":"https:\/\/pracek.si\/ekrani-za-prenosnike\/?post_type=product&#038;p=8042"},"modified":"2025-04-15T11:39:05","modified_gmt":"2025-04-15T11:39:05","slug":"n173h6-l02-173-fhd-lcd-zaslon-1920x1080-sijajna-povrsina-30-pin-spodnji-levi-prikljucek","status":"publish","type":"product","link":"https:\/\/pracek.si\/ekrani-za-prenosnike\/product\/n173h6-l02-173-fhd-lcd-zaslon-1920x1080-sijajna-povrsina-30-pin-spodnji-levi-prikljucek\/","title":{"rendered":"N173H6-L02 17,3&#8243; FHD LCD zaslon 1920&#215;1080 Sijajna povr\u0161ina 40 Pin Spodnji levi priklju\u010dek"},"content":{"rendered":"<p><strong>Dejanski model LCD ekrana: LP173WF1 TLB3 \u2013 popolnoma zdru\u017eljiv z LCD ekranom N173H6-L02 \/ L04<\/strong><\/p>\n<p>Posodobite zaslon svojega prenosnika z visokokakovostnim LCD zaslonom N173H6-L02 \/ L04. Ta zaslon velikosti 17,3&#8243; ponuja kristalno \u010disto lo\u010dljivost Full HD 1920 x 1080 in sijajno povr\u0161ino za \u017eivahne barve in jasne slike. Z 40-pinsko povezavo in priklju\u010dkom na spodnjem levem robu zagotavlja zdru\u017eljivost z razli\u010dnimi prenosniki. Ne glede na to, ali zamenjujete po\u0161kodovan zaslon ali nadgrajujete obstoje\u010di zaslon, ta nov zaslon vrhunske kakovosti zagotavlja izjemno delovanje in vzdr\u017eljivost. Idealno za tiste, ki \u017eelijo obnoviti ali izbolj\u0161ati zaslon svojega prenosnika za vsakodnevno uporabo, zabavo ali delo.<\/p>\n","protected":false},"excerpt":{"rendered":"<p>Nov zaslon N173H6-L02 17,3&#8243; LCD z lo\u010dljivostjo Full HD 1920&#215;1080 in sijajno povr\u0161ino. Ima 40-pinsko povezavo in priklju\u010dek na spodnjem levem robu, idealen za zamenjavo po\u0161kodovanih zaslonov ter zagotavljanje jasnih in \u017eivahnih slik.<\/p>\n","protected":false},"featured_media":8035,"template":"","meta":[],"product_brand":[],"product_cat":[52],"product_tag":[],"class_list":{"0":"post-8042","1":"product","2":"type-product","3":"status-publish","4":"has-post-thumbnail","6":"product_cat-17-3","8":"first","9":"instock","10":"taxable","11":"shipping-taxable","12":"purchasable","13":"product-type-simple"},"_links":{"self":[{"href":"https:\/\/pracek.si\/ekrani-za-prenosnike\/wp-json\/wp\/v2\/product\/8042","targetHints":{"allow":["GET"]}}],"collection":[{"href":"https:\/\/pracek.si\/ekrani-za-prenosnike\/wp-json\/wp\/v2\/product"}],"about":[{"href":"https:\/\/pracek.si\/ekrani-za-prenosnike\/wp-json\/wp\/v2\/types\/product"}],"wp:featuredmedia":[{"embeddable":true,"href":"https:\/\/pracek.si\/ekrani-za-prenosnike\/wp-json\/wp\/v2\/media\/8035"}],"wp:attachment":[{"href":"https:\/\/pracek.si\/ekrani-za-prenosnike\/wp-json\/wp\/v2\/media?parent=8042"}],"wp:term":[{"taxonomy":"product_brand","embeddable":true,"href":"https:\/\/pracek.si\/ekrani-za-prenosnike\/wp-json\/wp\/v2\/product_brand?post=8042"},{"taxonomy":"product_cat","embeddable":true,"href":"https:\/\/pracek.si\/ekrani-za-prenosnike\/wp-json\/wp\/v2\/product_cat?post=8042"},{"taxonomy":"product_tag","embeddable":true,"href":"https:\/\/pracek.si\/ekrani-za-prenosnike\/wp-json\/wp\/v2\/product_tag?post=8042"}],"curies":[{"name":"wp","href":"https:\/\/api.w.org\/{rel}","templated":true}]}}