{"id":8044,"date":"2024-12-05T12:36:52","date_gmt":"2024-12-05T12:36:52","guid":{"rendered":"https:\/\/pracek.si\/ekrani-za-prenosnike\/?post_type=product&#038;p=8044"},"modified":"2025-04-15T11:39:04","modified_gmt":"2025-04-15T11:39:04","slug":"n173hge-e11-173-fhd-lcd-zaslon-30-pin-lesketajoc-spodnji-levi-prikljucek-nov","status":"publish","type":"product","link":"https:\/\/pracek.si\/ekrani-za-prenosnike\/product\/n173hge-e11-173-fhd-lcd-zaslon-30-pin-lesketajoc-spodnji-levi-prikljucek-nov\/","title":{"rendered":"N173HGE-E11 17,3&#8243; FHD LCD zaslon, 40 pin, lesketajo\u010d, spodnji levi priklju\u010dek, nov"},"content":{"rendered":"<p><strong>Dejanski model LCD ekrana: LP173WF1 TLB3 \u2013 popolnoma zdru\u017eljiv z LCD ekranom N173HGE-E11 \/ L11 \/ L21 \/ E23<\/strong><\/p>\n<p>Izbolj\u0161ajte svojo izku\u0161njo z zaslonom N173HGE-E11 \/ L11 \/ L21 \/ E23, zasnovanim za vrhunsko zmogljivost in \u017eivahne vizualne podobe. Ta 17,3-pal\u010dni Full HD (1920&#215;1080) zaslon z lesketajo\u010do se povr\u0161ino zagotavlja ostra in jasna besedila ter bogato barvno reprodukcijo. 40-pinski priklop in priklju\u010dek na spodnjem levem kotu zagotavljata zdru\u017eljivost z razli\u010dnimi napravami, zaradi \u010desar je idealen za zamenjavo ali popravilo. Ne glede na to, ali ste strokovnjak ali ljubitelj DIY, je ta visoko kakovosten LCD zaslon v novi stanji, kar zagotavlja dolgo \u017eivljenjsko dobo in odli\u010dno zmogljivost.<\/p>\n","protected":false},"excerpt":{"rendered":"<p>N173HGE-E11 \/ L11 \/ L21 \/ E23 17,3-pal\u010dni Full HD LCD zaslon z lesketajo\u010do povr\u0161ino. 40-pinski, priklju\u010dek na spodnjem levem kotu. Novo stanje, idealno za zamenjavo.<\/p>\n","protected":false},"featured_media":8035,"template":"","meta":[],"product_brand":[],"product_cat":[52],"product_tag":[],"class_list":{"0":"post-8044","1":"product","2":"type-product","3":"status-publish","4":"has-post-thumbnail","6":"product_cat-17-3","8":"first","9":"instock","10":"taxable","11":"shipping-taxable","12":"purchasable","13":"product-type-simple"},"_links":{"self":[{"href":"https:\/\/pracek.si\/ekrani-za-prenosnike\/wp-json\/wp\/v2\/product\/8044","targetHints":{"allow":["GET"]}}],"collection":[{"href":"https:\/\/pracek.si\/ekrani-za-prenosnike\/wp-json\/wp\/v2\/product"}],"about":[{"href":"https:\/\/pracek.si\/ekrani-za-prenosnike\/wp-json\/wp\/v2\/types\/product"}],"wp:featuredmedia":[{"embeddable":true,"href":"https:\/\/pracek.si\/ekrani-za-prenosnike\/wp-json\/wp\/v2\/media\/8035"}],"wp:attachment":[{"href":"https:\/\/pracek.si\/ekrani-za-prenosnike\/wp-json\/wp\/v2\/media?parent=8044"}],"wp:term":[{"taxonomy":"product_brand","embeddable":true,"href":"https:\/\/pracek.si\/ekrani-za-prenosnike\/wp-json\/wp\/v2\/product_brand?post=8044"},{"taxonomy":"product_cat","embeddable":true,"href":"https:\/\/pracek.si\/ekrani-za-prenosnike\/wp-json\/wp\/v2\/product_cat?post=8044"},{"taxonomy":"product_tag","embeddable":true,"href":"https:\/\/pracek.si\/ekrani-za-prenosnike\/wp-json\/wp\/v2\/product_tag?post=8044"}],"curies":[{"name":"wp","href":"https:\/\/api.w.org\/{rel}","templated":true}]}}