{"id":8045,"date":"2024-12-05T12:40:15","date_gmt":"2024-12-05T12:40:15","guid":{"rendered":"https:\/\/pracek.si\/ekrani-za-prenosnike\/?post_type=product&#038;p=8045"},"modified":"2025-04-15T11:39:04","modified_gmt":"2025-04-15T11:39:04","slug":"hsd173puw1-lcd-173-fhd-1920x1080-sijajen-30-pin-spodnja-leva-vticnica-nov","status":"publish","type":"product","link":"https:\/\/pracek.si\/ekrani-za-prenosnike\/product\/hsd173puw1-lcd-173-fhd-1920x1080-sijajen-30-pin-spodnja-leva-vticnica-nov\/","title":{"rendered":"HSD173PUW1 LCD 17,3&#8243; FHD 1920&#215;1080 sijajen 40 pin spodnja leva vti\u010dnica nov"},"content":{"rendered":"<p><strong>Dejanski model LCD ekrana: LP173WF1 TLB3 \u2013 popolnoma zdru\u017eljiv z LCD ekranom HSD173PUW1<\/strong><\/p>\n<p>Izbolj\u0161ajte zaslon svojega prenosnika z LCD zaslonom HSD173PUW1. Ta 17,3&#8243; zaslon Full HD prina\u0161a \u017eivahno in kristalno jasno sliko z lo\u010dljivostjo 1920&#215;1080, kar ga naredi popolnega tako za delo kot za zabavo. Sijajna povr\u0161ina izbolj\u0161a barve in kontraste, kar zagotavlja vrhunsko izku\u0161njo gledanja. Z 40-pinsko povezavo in spodnjo levo vti\u010dnico je ta zaslon zasnovan za zdru\u017eljivost z razli\u010dnimi modeli prenosnikov. Ne glede na to, ali zamenjujete po\u0161kodovan zaslon ali nadgrajujete za bolj\u0161o kakovost slike, je ta povsem nov LCD zaslon HSD173PUW1 idealna izbira za va\u0161e potrebe.<\/p>\n","protected":false},"excerpt":{"rendered":"<p>HSD173PUW1 je povsem nov 17,3&#8243; Full HD LCD zaslon (1920&#215;1080) s sijajno povr\u0161ino. Ima 40-pinsko povezavo in spodnjo levo vti\u010dnico, kar zagotavlja odli\u010dno kakovost slike za va\u0161 prenosnik.<\/p>\n","protected":false},"featured_media":8035,"template":"","meta":[],"product_brand":[],"product_cat":[52],"product_tag":[],"class_list":{"0":"post-8045","1":"product","2":"type-product","3":"status-publish","4":"has-post-thumbnail","6":"product_cat-17-3","8":"first","9":"instock","10":"taxable","11":"shipping-taxable","12":"purchasable","13":"product-type-simple"},"_links":{"self":[{"href":"https:\/\/pracek.si\/ekrani-za-prenosnike\/wp-json\/wp\/v2\/product\/8045","targetHints":{"allow":["GET"]}}],"collection":[{"href":"https:\/\/pracek.si\/ekrani-za-prenosnike\/wp-json\/wp\/v2\/product"}],"about":[{"href":"https:\/\/pracek.si\/ekrani-za-prenosnike\/wp-json\/wp\/v2\/types\/product"}],"wp:featuredmedia":[{"embeddable":true,"href":"https:\/\/pracek.si\/ekrani-za-prenosnike\/wp-json\/wp\/v2\/media\/8035"}],"wp:attachment":[{"href":"https:\/\/pracek.si\/ekrani-za-prenosnike\/wp-json\/wp\/v2\/media?parent=8045"}],"wp:term":[{"taxonomy":"product_brand","embeddable":true,"href":"https:\/\/pracek.si\/ekrani-za-prenosnike\/wp-json\/wp\/v2\/product_brand?post=8045"},{"taxonomy":"product_cat","embeddable":true,"href":"https:\/\/pracek.si\/ekrani-za-prenosnike\/wp-json\/wp\/v2\/product_cat?post=8045"},{"taxonomy":"product_tag","embeddable":true,"href":"https:\/\/pracek.si\/ekrani-za-prenosnike\/wp-json\/wp\/v2\/product_tag?post=8045"}],"curies":[{"name":"wp","href":"https:\/\/api.w.org\/{rel}","templated":true}]}}